{"id":947,"date":"2019-01-03T14:58:56","date_gmt":"2019-01-03T13:58:56","guid":{"rendered":"https:\/\/american-cocker-spaniel.fr\/?page_id=947"},"modified":"2019-04-08T18:55:42","modified_gmt":"2019-04-08T16:55:42","slug":"sante-hypothyroidie","status":"publish","type":"page","link":"https:\/\/american-cocker-spaniel.fr\/en\/sante-hypothyroidie","title":{"rendered":"Hypothy\u00adroidism"},"content":{"rendered":"<div data-elementor-type=\"wp-post\" data-elementor-id=\"947\" class=\"elementor elementor-947\" data-elementor-settings=\"[]\">\n\t\t\t\t\t\t<div class=\"elementor-inner\">\n\t\t\t\t\t\t\t<div class=\"elementor-section-wrap\">\n\t\t\t\t\t\t\t<section class=\"elementor-section elementor-top-section elementor-element elementor-element-ac6c09c elementor-section-boxed elementor-section-height-default elementor-section-height-default\" data-id=\"ac6c09c\" data-element_type=\"section\">\n\t\t\t\t\t\t<div class=\"elementor-container elementor-column-gap-default\">\n\t\t\t\t\t\t\t<div class=\"elementor-row\">\n\t\t\t\t\t<div class=\"elementor-column elementor-col-100 elementor-top-column elementor-element elementor-element-b96d991\" data-id=\"b96d991\" data-element_type=\"column\">\n\t\t\t<div class=\"elementor-column-wrap elementor-element-populated\">\n\t\t\t\t\t\t\t<div class=\"elementor-widget-wrap\">\n\t\t\t\t\t\t<div class=\"elementor-element elementor-element-9558750 elementor-widget elementor-widget-text-editor\" data-id=\"9558750\" data-element_type=\"widget\" data-widget_type=\"text-editor.default\">\n\t\t\t\t<div class=\"elementor-widget-container\">\n\t\t\t\t\t\t\t\t<div class=\"elementor-text-editor elementor-clearfix\">\n\t\t\t\t\t<p style=\"text-align: justify;\">Les hor\u00admones thy\u00adro\u00ef\u00addi\u00adennes sont pro\u00adduites par la glande thy\u00adro\u00efde, local\u00adis\u00e9e dans le cou.<br>Ces hor\u00admones ont un r\u00f4le tr\u00e8s impor\u00adtant dans la r\u00e9gu\u00adla\u00adtion du m\u00e9tab\u00ado\u00adlisme et le fonc\u00adtion\u00adnement nor\u00admal de&nbsp;l\u2019organisme&nbsp;: con\u00adtr\u00f4le du poids, du rythme car\u00addiaque, de l'humeur, de la diges\u00adtion, etc.<br>L\u2019hypothyro\u00efdie est une mal\u00adadie endocrini\u00adenne&nbsp;: m\u00e9tabolique, g\u00e9n\u00e9ral\u00adis\u00e9e car\u00adac\u00adt\u00e9ris\u00e9e par une atro\u00adphie ou un&nbsp;dys\u00adfonc\u00adtion\u00adnement de la glande thy\u00adro\u00efde.<br>Les symp\u00adt\u00f4mes clin\u00adiques peu\u00advent int\u00e9\u00adgr\u00ader :<br>- une prise de poids, jusqu\u2019\u00e0 l'ob\u00e9sit\u00e9, sans change\u00adment de l\u2019alimentation<br>- une asth\u00e9nie&nbsp;: le chien man\u00adqu\u00e9 de dynamisme, il est fati\u00adga\u00adble<br>- des prob\u00adl\u00e8mes de pelage&nbsp;: chute du poil, perte de qual\u00adit\u00e9 du poil<br>- des trou\u00adbles de l\u2019humeur&nbsp;: agres\u00adsiv\u00adit\u00e9 et des prob\u00adl\u00e8mes de mor\u00adsure chez cer\u00adtains chiens.<br>- divers prob\u00adl\u00e8mes de repro\u00adduc\u00adtion, y com\u00adpris l\u2019absence ou l\u2019irr\u00e9gularit\u00e9 des chaleurs (cycle<br>d\u2019ovulation), et le man\u00adqu\u00e9 de fer\u00adtil\u00adit\u00e9 chez les m\u00e2les comme les femelles.<br>La glande thy\u00adro\u00efde est sous le con\u00adtr\u00f4le de la glande&nbsp;hypophy\u00adsaire&nbsp;; les caus\u00ades de l'hypothyro\u00efdie rel\u00e8vent de&nbsp;deux m\u00e9can\u00adismes prin\u00adci\u00adpaux&nbsp;: elle est dite prim\u00adi\u00adtive lorsque seule la thy\u00adro\u00efde est atteinte, et sec\u00adondaire&nbsp;lorsque c'est l'hypophyse qui est atteinte.<\/p>\t\t\t\t\t<\/div>\n\t\t\t\t\t\t<\/div>\n\t\t\t\t<\/div>\n\t\t\t\t<div class=\"elementor-element elementor-element-af0f641 elementor-widget elementor-widget-image\" data-id=\"af0f641\" data-element_type=\"widget\" data-widget_type=\"image.default\">\n\t\t\t\t<div class=\"elementor-widget-container\">\n\t\t\t\t\t\t\t\t<div class=\"elementor-image\">\n\t\t\t\t\t\t\t\t\t\t\t\t<img width=\"674\" height=\"377\" src=\"https:\/\/american-cocker-spaniel.fr\/wp-content\/uploads\/2019\/01\/hypo.jpg\" class=\"attachment-large size-large\" alt loading=\"lazy\" srcset=\"https:\/\/american-cocker-spaniel.fr\/wp-content\/uploads\/2019\/01\/hypo.jpg 674w, https:\/\/american-cocker-spaniel.fr\/wp-content\/uploads\/2019\/01\/hypo-300x168.jpg 300w\" sizes=\"(max-width: 674px) 100vw, 674px\">\t\t\t\t\t\t\t\t\t\t\t\t\t\t<\/div>\n\t\t\t\t\t\t<\/div>\n\t\t\t\t<\/div>\n\t\t\t\t<div class=\"elementor-element elementor-element-f16aa42 elementor-widget elementor-widget-text-editor\" data-id=\"f16aa42\" data-element_type=\"widget\" data-widget_type=\"text-editor.default\">\n\t\t\t\t<div class=\"elementor-widget-container\">\n\t\t\t\t\t\t\t\t<div class=\"elementor-text-editor elementor-clearfix\">\n\t\t\t\t\t<p style=\"text-align: justify;\">Le diag\u00adnos\u00adtic de l'hypothyro\u00efdie est \u00e9tabli par des tests de lab\u00ado\u00adra\u00adtoire mesurant une baisse des taux san\u00adguins&nbsp;de <span class=\"caps\">T3<\/span> (hor\u00admone&nbsp;tri-iodothy\u00adro\u00adnine) et <span class=\"caps\">T4<\/span> (thy\u00adrox\u00adine), pro\u00adduits par la glande thy\u00adro\u00efde&nbsp;; mais c\u2019est surtout la&nbsp;mesure du taux de thyr\u00e9os\u00adtim\u00adu\u00adline&nbsp;(<span class=\"caps\">TSH<\/span>), pro\u00adduite par l\u2019hypophyse pour stim\u00aduler la s\u00e9cr\u00e9\u00adtion d\u2019hormones&nbsp;thy\u00adro\u00ef\u00addi\u00adennes, qui est d\u00e9ter\u00admi\u00adnant&nbsp;: la <span class=\"caps\">TSH<\/span> est \u00e9lev\u00e9e si la thy\u00adro\u00efde est elle-m\u00eame en cause \u2014 l'ant\u00e9hypophyse&nbsp;pro\u00adduit alors plus de <span class=\"caps\">TSH<\/span> afin de sur-stim\u00aduler la thy\u00adro\u00efde \u2014 ou, plus rarement, basse, si l\u2019hypothyro\u00efdie est&nbsp;d\u2019origine hypophy\u00adsaire ou hypo\u00adthal\u00ada\u00admique.<br>Le traite\u00adment con\u00adsiste en l'administration quo\u00adti\u00addi\u00adenne de sup\u00adpl\u00e9\u00adments thy\u00adro\u00ef\u00addi\u00adens (l\u00e9vothy\u00adrox\u00adine) par voie&nbsp;orale&nbsp;; avec un traite\u00adment effi\u00adcace, le pronos\u00adtic est excel\u00adlent et l\u2019esp\u00e9rance de vie du chien est nor\u00admale, bien&nbsp;que le chien puisse avoir besoin de sup\u00adpl\u00e9\u00adments thy\u00adro\u00ef\u00addi\u00adens \u00e0 vie.<br>La sur\u00adveil\u00adlance est ensuite clin\u00adique (signes d\u2019hypothyro\u00efdie) et biologique (dosage de <span class=\"caps\">TSH<\/span>).<br><br>La ques\u00adtion se pose de savoir si les chiens n\u00e9ces\u00adsi\u00adtant une sup\u00adpl\u00e9\u00admen\u00adta\u00adtion devraient \u00eatre util\u00adis\u00e9s dans la&nbsp;repro\u00adduc\u00adtion, car l'hypothyro\u00efdie pr\u00e9\u00adcoce peut \u00eatre h\u00e9r\u00e9di\u00adtaire.<br>l'utilisation incon\u00adsid\u00ad\u00e9r\u00e9e de la sup\u00adpl\u00e9\u00admen\u00adta\u00adtion thy\u00adro\u00ef\u00addi\u00adenne doit \u00eatre absol\u00adu\u00adment \u00e9vit\u00e9e ; elle peut causer des&nbsp;prob\u00adl\u00e8mes dramatiques.<\/p>\t\t\t\t\t<\/div>\n\t\t\t\t\t\t<\/div>\n\t\t\t\t<\/div>\n\t\t\t\t\t\t<\/div>\n\t\t\t\t\t<\/div>\n\t\t<\/div>\n\t\t\t\t\t\t\t\t<\/div>\n\t\t\t\t\t<\/div>\n\t\t<\/section>\n\t\t\t\t\t\t<\/div>\n\t\t\t\t\t\t<\/div>\n\t\t\t\t\t<\/div>","protected":false},"excerpt":{"rendered":"<p>&lt; p style=\"text-align: justify;\"&gt;Les hor\u00admones thy\u00adro\u00ef\u00addi\u00adennes sont pro\u00adduites par la glande thy\u00adro\u00efde, local\u00adis\u00e9e dans le cou. Ces hor\u00admones ont un r\u00f4le tr\u00e8s impor\u00adtant dans la r\u00e9gu\u00adla\u00adtion du m\u00e9tab\u00ado\u00adlisme et le fonc\u00adtion\u00adnement nor\u00admal de&nbsp;l\u2019organisme&nbsp;: con\u00adtr\u00f4le du poids, du rythme car\u00addiaque, de l'humeur, de la diges\u00adtion, etc. L\u2019hypothyro\u00efdie est une mal\u00adadie endocrini\u00adenne&nbsp;: m\u00e9tabolique, g\u00e9n\u00e9ral\u00adis\u00e9e car\u00adac\u00adt\u00e9ris\u00e9e par&nbsp;une&nbsp;[\u2026]<\/p>","protected":false},"author":1,"featured_media":953,"parent":0,"menu_order":0,"comment_status":"closed","ping_status":"closed","template":"elementor_header_footer","meta":{"wp_typography_post_enhancements_disabled":false},"_links":{"self":[{"href":"https:\/\/american-cocker-spaniel.fr\/en\/wp-json\/wp\/v2\/pages\/947"}],"collection":[{"href":"https:\/\/american-cocker-spaniel.fr\/en\/wp-json\/wp\/v2\/pages"}],"about":[{"href":"https:\/\/american-cocker-spaniel.fr\/en\/wp-json\/wp\/v2\/types\/page"}],"author":[{"embeddable":true,"href":"https:\/\/american-cocker-spaniel.fr\/en\/wp-json\/wp\/v2\/users\/1"}],"replies":[{"embeddable":true,"href":"https:\/\/american-cocker-spaniel.fr\/en\/wp-json\/wp\/v2\/comments?post=947"}],"version-history":[{"count":15,"href":"https:\/\/american-cocker-spaniel.fr\/en\/wp-json\/wp\/v2\/pages\/947\/revisions"}],"predecessor-version":[{"id":4754,"href":"https:\/\/american-cocker-spaniel.fr\/en\/wp-json\/wp\/v2\/pages\/947\/revisions\/4754"}],"wp:featuredmedia":[{"embeddable":true,"href":"https:\/\/american-cocker-spaniel.fr\/en\/wp-json\/wp\/v2\/media\/953"}],"wp:attachment":[{"href":"https:\/\/american-cocker-spaniel.fr\/en\/wp-json\/wp\/v2\/media?parent=947"}],"curies":[{"name":"wp","href":"https:\/\/api.w.org\/{rel}","templated":true}]}}