{"id":4775,"date":"2019-04-29T15:40:35","date_gmt":"2019-04-29T13:40:35","guid":{"rendered":"https:\/\/american-cocker-spaniel.fr\/?page_id=4775"},"modified":"2019-04-29T16:20:12","modified_gmt":"2019-04-29T14:20:12","slug":"shopping","status":"publish","type":"page","link":"https:\/\/american-cocker-spaniel.fr\/en\/shopping","title":{"rendered":"Shop\u00adping !"},"content":{"rendered":"<div data-elementor-type=\"wp-post\" data-elementor-id=\"4775\" class=\"elementor elementor-4775\" data-elementor-settings=\"[]\">\n\t\t\t\t\t\t<div class=\"elementor-inner\">\n\t\t\t\t\t\t\t<div class=\"elementor-section-wrap\">\n\t\t\t\t\t\t\t<section class=\"elementor-section elementor-top-section elementor-element elementor-element-1cabec1 elementor-section-boxed elementor-section-height-default elementor-section-height-default\" data-id=\"1cabec1\" data-element_type=\"section\">\n\t\t\t\t\t\t<div class=\"elementor-container elementor-column-gap-default\">\n\t\t\t\t\t\t\t<div class=\"elementor-row\">\n\t\t\t\t\t<div class=\"elementor-column elementor-col-100 elementor-top-column elementor-element elementor-element-144623d\" data-id=\"144623d\" data-element_type=\"column\">\n\t\t\t<div class=\"elementor-column-wrap elementor-element-populated\">\n\t\t\t\t\t\t\t<div class=\"elementor-widget-wrap\">\n\t\t\t\t\t\t<div class=\"elementor-element elementor-element-efc2a80 elementor-widget elementor-widget-text-editor\" data-id=\"efc2a80\" data-element_type=\"widget\" data-widget_type=\"text-editor.default\">\n\t\t\t\t<div class=\"elementor-widget-container\">\n\t\t\t\t\t\t\t\t<div class=\"elementor-text-editor elementor-clearfix\">\n\t\t\t\t\t<h2>Nous vous proposons l'achat de tasses en s\u00e9rie limit\u00e9e, \u00e0 l'effigie de l'association.<\/h2><p>Vous pou\u00advez acqu\u00e9rir ici des mugs qui vous seront livr\u00e9es au Cham\u00adpi\u00adonnat de France de la <span class=\"caps\">SCC<\/span> \u00e0&nbsp;Villepinte&nbsp;le 2 juin 2019 \u2014 <span style=\"color: #993366;\"><strong>Cliquez sur les images&nbsp;!<\/strong><\/span><\/p><p><b>Pour chaque mug achet\u00e9, un euro sera rever\u00ads\u00e9 \u00e0 la <a href=\"http:\/\/www.asc-f.org\" target=\"_blank\" rel=\"noopener\">recher\u00adch\u00e9 sur la cataracte chez le Cock\u00ader Am\u00e9ri\u00adcain<\/a>.<\/b><\/p><p><span style=\"color: #993366;\"><strong><\/strong><\/span><\/p>\t\t\t\t\t<\/div>\n\t\t\t\t\t\t<\/div>\n\t\t\t\t<\/div>\n\t\t\t\t\t\t<\/div>\n\t\t\t\t\t<\/div>\n\t\t<\/div>\n\t\t\t\t\t\t\t\t<\/div>\n\t\t\t\t\t<\/div>\n\t\t<\/section>\n\t\t\t\t<section class=\"elementor-section elementor-top-section elementor-element elementor-element-f811173 elementor-section-boxed elementor-section-height-default elementor-section-height-default\" data-id=\"f811173\" data-element_type=\"section\">\n\t\t\t\t\t\t<div class=\"elementor-container elementor-column-gap-default\">\n\t\t\t\t\t\t\t<div class=\"elementor-row\">\n\t\t\t\t\t<div class=\"elementor-column elementor-col-100 elementor-top-column elementor-element elementor-element-741d4f4\" data-id=\"741d4f4\" data-element_type=\"column\">\n\t\t\t<div class=\"elementor-column-wrap elementor-element-populated\">\n\t\t\t\t\t\t\t<div class=\"elementor-widget-wrap\">\n\t\t\t\t\t\t<div class=\"elementor-element elementor-element-df41baf elementor-widget elementor-widget-heading\" data-id=\"df41baf\" data-element_type=\"widget\" data-widget_type=\"heading.default\">\n\t\t\t\t<div class=\"elementor-widget-container\">\n\t\t\t<h2 class=\"elementor-heading-title elementor-size-default\">Mugs imprim\u00e9s des 2 c\u00f4t\u00e9s \u2014 325 ml \u2014 Blancs<\/h2>\t\t<\/div>\n\t\t\t\t<\/div>\n\t\t\t\t<div class=\"elementor-element elementor-element-0f09da9 elementor-widget elementor-widget-image\" data-id=\"0f09da9\" data-element_type=\"widget\" data-widget_type=\"image.default\">\n\t\t\t\t<div class=\"elementor-widget-container\">\n\t\t\t\t\t\t\t\t<div class=\"elementor-image\">\n\t\t\t\t\t\t\t\t\t\t\t\t\t<a href=\"https:\/\/www.helloasso.com\/associations\/american-cocker-spaniel-france\/collectes\/mug-american-cocker-spaniel-france\" target=\"_blank\">\n\t\t\t\t\t\t\t<img width=\"690\" height=\"320\" src=\"https:\/\/american-cocker-spaniel.fr\/wp-content\/uploads\/2019\/04\/preview.jpg\" class=\"attachment-large size-large\" alt=\"mug cocker americain\" loading=\"lazy\" srcset=\"https:\/\/american-cocker-spaniel.fr\/wp-content\/uploads\/2019\/04\/preview.jpg 690w, https:\/\/american-cocker-spaniel.fr\/wp-content\/uploads\/2019\/04\/preview-300x139.jpg 300w\" sizes=\"(max-width: 690px) 100vw, 690px\">\t\t\t\t\t\t\t\t<\/a>\n\t\t\t\t\t\t\t\t\t\t\t\t\t\t<\/div>\n\t\t\t\t\t\t<\/div>\n\t\t\t\t<\/div>\n\t\t\t\t<div class=\"elementor-element elementor-element-e79527c elementor-widget elementor-widget-spacer\" data-id=\"e79527c\" data-element_type=\"widget\" data-widget_type=\"spacer.default\">\n\t\t\t\t<div class=\"elementor-widget-container\">\n\t\t\t\t\t<div class=\"elementor-spacer\">\n\t\t\t<div class=\"elementor-spacer-inner\"><\/div>\n\t\t<\/div>\n\t\t\t\t<\/div>\n\t\t\t\t<\/div>\n\t\t\t\t<div class=\"elementor-element elementor-element-3992c0a elementor-widget elementor-widget-heading\" data-id=\"3992c0a\" data-element_type=\"widget\" data-widget_type=\"heading.default\">\n\t\t\t\t<div class=\"elementor-widget-container\">\n\t\t\t<h2 class=\"elementor-heading-title elementor-size-default\">Mugs panoramiques \u2014 325 ml \u2014 magiques&nbsp;!&nbsp;<\/h2>\t\t<\/div>\n\t\t\t\t<\/div>\n\t\t\t\t<div class=\"elementor-element elementor-element-8dd1a97 elementor-widget elementor-widget-text-editor\" data-id=\"8dd1a97\" data-element_type=\"widget\" data-widget_type=\"text-editor.default\">\n\t\t\t\t<div class=\"elementor-widget-container\">\n\t\t\t\t\t\t\t\t<div class=\"elementor-text-editor elementor-clearfix\">\n\t\t\t\t\t<p>L'image appa\u00adra\u00eet avec la chaleur.<\/p>\t\t\t\t\t<\/div>\n\t\t\t\t\t\t<\/div>\n\t\t\t\t<\/div>\n\t\t\t\t<div class=\"elementor-element elementor-element-753ea31 elementor-widget elementor-widget-image\" data-id=\"753ea31\" data-element_type=\"widget\" data-widget_type=\"image.default\">\n\t\t\t\t<div class=\"elementor-widget-container\">\n\t\t\t\t\t\t\t\t<div class=\"elementor-image\">\n\t\t\t\t\t\t\t\t\t\t\t\t\t<a href=\"https:\/\/www.helloasso.com\/associations\/american-cocker-spaniel-france\/collectes\/mug-american-cocker-spaniel-france\" target=\"_blank\">\n\t\t\t\t\t\t\t<img width=\"353\" height=\"282\" src=\"https:\/\/american-cocker-spaniel.fr\/wp-content\/uploads\/2019\/04\/preview-2.jpeg\" class=\"attachment-large size-large\" alt=\"mug cocker americain\" loading=\"lazy\" srcset=\"https:\/\/american-cocker-spaniel.fr\/wp-content\/uploads\/2019\/04\/preview-2.jpeg 353w, https:\/\/american-cocker-spaniel.fr\/wp-content\/uploads\/2019\/04\/preview-2-300x240.jpeg 300w\" sizes=\"(max-width: 353px) 100vw, 353px\">\t\t\t\t\t\t\t\t<\/a>\n\t\t\t\t\t\t\t\t\t\t\t\t\t\t<\/div>\n\t\t\t\t\t\t<\/div>\n\t\t\t\t<\/div>\n\t\t\t\t\t\t<\/div>\n\t\t\t\t\t<\/div>\n\t\t<\/div>\n\t\t\t\t\t\t\t\t<\/div>\n\t\t\t\t\t<\/div>\n\t\t<\/section>\n\t\t\t\t\t\t<\/div>\n\t\t\t\t\t\t<\/div>\n\t\t\t\t\t<\/div>","protected":false},"excerpt":{"rendered":"<p>Nous vous pro\u00adposons l'achat de tass\u00ades en s\u00e9rie lim\u00adit\u00e9e, \u00e0 l'effigie de l'association. Vous pou\u00advez acqu\u00e9rir ici des mugs qui vous seront livr\u00e9es au Cham\u00adpi\u00adonnat de France de la <span class=\"caps\">SCC<\/span> \u00e0&nbsp;Villepinte&nbsp;le 2 juin 2019 \u2014 Cliquez sur les images ! Pour chaque mug achet\u00e9, un euro sera rever\u00ads\u00e9 \u00e0 la recher\u00adch\u00e9 sur la cataracte chez&nbsp;[\u2026]<\/p>","protected":false},"author":3,"featured_media":0,"parent":0,"menu_order":0,"comment_status":"closed","ping_status":"closed","template":"","meta":{"wp_typography_post_enhancements_disabled":false},"_links":{"self":[{"href":"https:\/\/american-cocker-spaniel.fr\/en\/wp-json\/wp\/v2\/pages\/4775"}],"collection":[{"href":"https:\/\/american-cocker-spaniel.fr\/en\/wp-json\/wp\/v2\/pages"}],"about":[{"href":"https:\/\/american-cocker-spaniel.fr\/en\/wp-json\/wp\/v2\/types\/page"}],"author":[{"embeddable":true,"href":"https:\/\/american-cocker-spaniel.fr\/en\/wp-json\/wp\/v2\/users\/3"}],"replies":[{"embeddable":true,"href":"https:\/\/american-cocker-spaniel.fr\/en\/wp-json\/wp\/v2\/comments?post=4775"}],"version-history":[{"count":24,"href":"https:\/\/american-cocker-spaniel.fr\/en\/wp-json\/wp\/v2\/pages\/4775\/revisions"}],"predecessor-version":[{"id":4806,"href":"https:\/\/american-cocker-spaniel.fr\/en\/wp-json\/wp\/v2\/pages\/4775\/revisions\/4806"}],"wp:attachment":[{"href":"https:\/\/american-cocker-spaniel.fr\/en\/wp-json\/wp\/v2\/media?parent=4775"}],"curies":[{"name":"wp","href":"https:\/\/api.w.org\/{rel}","templated":true}]}}