{"id":378,"date":"2018-12-27T14:01:41","date_gmt":"2018-12-27T13:01:41","guid":{"rendered":"https:\/\/american-cocker-spaniel.fr\/?page_id=378"},"modified":"2020-02-16T10:01:38","modified_gmt":"2020-02-16T09:01:38","slug":"eleveurs-portees-disponibles","status":"publish","type":"page","link":"https:\/\/american-cocker-spaniel.fr\/en\/eleveurs-portees-disponibles","title":{"rendered":"Avail\u00adable litters"},"content":{"rendered":"<div data-elementor-type=\"wp-post\" data-elementor-id=\"378\" class=\"elementor elementor-378\" data-elementor-settings=\"[]\">\n\t\t\t\t\t\t<div class=\"elementor-inner\">\n\t\t\t\t\t\t\t<div class=\"elementor-section-wrap\">\n\t\t\t\t\t\t\t<section class=\"elementor-section elementor-top-section elementor-element elementor-element-191b392 elementor-section-boxed elementor-section-height-default elementor-section-height-default\" data-id=\"191b392\" data-element_type=\"section\">\n\t\t\t\t\t\t<div class=\"elementor-container elementor-column-gap-default\">\n\t\t\t\t\t\t\t<div class=\"elementor-row\">\n\t\t\t\t\t<div class=\"elementor-column elementor-col-100 elementor-top-column elementor-element elementor-element-56c9321\" data-id=\"56c9321\" data-element_type=\"column\">\n\t\t\t<div class=\"elementor-column-wrap elementor-element-populated\">\n\t\t\t\t\t\t\t<div class=\"elementor-widget-wrap\">\n\t\t\t\t\t\t<div class=\"elementor-element elementor-element-8f3a575 elementor-widget elementor-widget-spacer\" data-id=\"8f3a575\" data-element_type=\"widget\" data-widget_type=\"spacer.default\">\n\t\t\t\t<div class=\"elementor-widget-container\">\n\t\t\t\t\t<div class=\"elementor-spacer\">\n\t\t\t<div class=\"elementor-spacer-inner\"><\/div>\n\t\t<\/div>\n\t\t\t\t<\/div>\n\t\t\t\t<\/div>\n\t\t\t\t\t\t<\/div>\n\t\t\t\t\t<\/div>\n\t\t<\/div>\n\t\t\t\t\t\t\t\t<\/div>\n\t\t\t\t\t<\/div>\n\t\t<\/section>\n\t\t\t\t<section class=\"elementor-section elementor-top-section elementor-element elementor-element-513dba8 elementor-section-boxed elementor-section-height-default elementor-section-height-default\" data-id=\"513dba8\" data-element_type=\"section\">\n\t\t\t\t\t\t<div class=\"elementor-container elementor-column-gap-default\">\n\t\t\t\t\t\t\t<div class=\"elementor-row\">\n\t\t\t\t\t<div class=\"elementor-column elementor-col-100 elementor-top-column elementor-element elementor-element-66c754d\" data-id=\"66c754d\" data-element_type=\"column\">\n\t\t\t<div class=\"elementor-column-wrap elementor-element-populated\">\n\t\t\t\t\t\t\t<div class=\"elementor-widget-wrap\">\n\t\t\t\t\t\t<div class=\"elementor-element elementor-element-7f3d5af elementor-widget elementor-widget-image\" data-id=\"7f3d5af\" data-element_type=\"widget\" data-widget_type=\"image.default\">\n\t\t\t\t<div class=\"elementor-widget-container\">\n\t\t\t\t\t\t\t\t<div class=\"elementor-image\">\n\t\t\t\t\t\t\t\t\t\t\t\t\t<a href=\"https:\/\/www.centrale-canine.fr\/le-chien-de-race\/cocker-spaniel-americain\/chiots-de-la-race?sort=3\" target=\"_blank\">\n\t\t\t\t\t\t\t<img width=\"150\" height=\"150\" src=\"https:\/\/american-cocker-spaniel.fr\/wp-content\/uploads\/2019\/01\/Capture-d\u2019\u00e9cran-2019-01-06-\u00e0-16.09.16-150x150.png\" class=\"attachment-thumbnail size-thumbnail\" alt=\"Logo SCC\" loading=\"lazy\">\t\t\t\t\t\t\t\t<\/a>\n\t\t\t\t\t\t\t\t\t\t\t\t\t\t<\/div>\n\t\t\t\t\t\t<\/div>\n\t\t\t\t<\/div>\n\t\t\t\t\t\t<\/div>\n\t\t\t\t\t<\/div>\n\t\t<\/div>\n\t\t\t\t\t\t\t\t<\/div>\n\t\t\t\t\t<\/div>\n\t\t<\/section>\n\t\t\t\t<section class=\"elementor-section elementor-top-section elementor-element elementor-element-11d5315 elementor-section-boxed elementor-section-height-default elementor-section-height-default\" data-id=\"11d5315\" data-element_type=\"section\">\n\t\t\t\t\t\t<div class=\"elementor-container elementor-column-gap-default\">\n\t\t\t\t\t\t\t<div class=\"elementor-row\">\n\t\t\t\t\t<div class=\"elementor-column elementor-col-100 elementor-top-column elementor-element elementor-element-f3de4d4\" data-id=\"f3de4d4\" data-element_type=\"column\">\n\t\t\t<div class=\"elementor-column-wrap elementor-element-populated\">\n\t\t\t\t\t\t\t<div class=\"elementor-widget-wrap\">\n\t\t\t\t\t\t<div class=\"elementor-element elementor-element-58434be elementor-widget elementor-widget-spacer\" data-id=\"58434be\" data-element_type=\"widget\" data-widget_type=\"spacer.default\">\n\t\t\t\t<div class=\"elementor-widget-container\">\n\t\t\t\t\t<div class=\"elementor-spacer\">\n\t\t\t<div class=\"elementor-spacer-inner\"><\/div>\n\t\t<\/div>\n\t\t\t\t<\/div>\n\t\t\t\t<\/div>\n\t\t\t\t<div class=\"elementor-element elementor-element-12a3fa7 elementor-widget elementor-widget-text-editor\" data-id=\"12a3fa7\" data-element_type=\"widget\" data-widget_type=\"text-editor.default\">\n\t\t\t\t<div class=\"elementor-widget-container\">\n\t\t\t\t\t\t\t\t<div class=\"elementor-text-editor elementor-clearfix\">\n\t\t\t\t\t<h3>Trouver les adresses et toutes les coordonn\u00e9es des \u00e9levages de race Cocker Am\u00e9ricain <span class=\"caps\">LOF<\/span> proches de chez vous : acheter votre chiot gr\u00e2ce aux annonces officielles de la Centrale Canine -<span style=\"color: #3366ff;\"> click on the logo&nbsp;above!<\/span><\/h3><p>Choi\u00adsis\u00adsez patiem\u00adment votre \u00e9leveur et int\u00e9ressez-vous \u00e0 son respect du stan\u00addard, des test de san\u00adt\u00e9, du bien-\u00eatre de ses chiens. Ren\u00adcon\u00adtrez la lign\u00e9e dont provient votre chien : la san\u00adt\u00e9 importe ! le tem\u00adp\u00e9ra\u00adment&nbsp;aussi&nbsp;!<\/p>\t\t\t\t\t<\/div>\n\t\t\t\t\t\t<\/div>\n\t\t\t\t<\/div>\n\t\t\t\t<div class=\"elementor-element elementor-element-f89878d elementor-widget elementor-widget-spacer\" data-id=\"f89878d\" data-element_type=\"widget\" data-widget_type=\"spacer.default\">\n\t\t\t\t<div class=\"elementor-widget-container\">\n\t\t\t\t\t<div class=\"elementor-spacer\">\n\t\t\t<div class=\"elementor-spacer-inner\"><\/div>\n\t\t<\/div>\n\t\t\t\t<\/div>\n\t\t\t\t<\/div>\n\t\t\t\t<div class=\"elementor-element elementor-element-301b5e1 elementor-widget elementor-widget-image-gallery\" data-id=\"301b5e1\" data-element_type=\"widget\" data-widget_type=\"image-gallery.default\">\n\t\t\t\t<div class=\"elementor-widget-container\">\n\t\t\t\t\t<div class=\"elementor-image-gallery\">\n\t\t\t<div id=\"gallery-1\" class=\"gallery galleryid-378 gallery-columns-4 gallery-size-thumbnail\"><figure class=\"gallery-item\">\n\t\t\t<div class=\"gallery-icon portrait\">\n\t\t\t\t<a data-elementor-open-lightbox=\"yes\" data-elementor-lightbox-slideshow=\"301b5e1\" data-elementor-lightbox-title=\"Indian Ink\" href=\"https:\/\/american-cocker-spaniel.fr\/wp-content\/uploads\/2019\/03\/Indian-Ink.jpg\"><img width=\"150\" height=\"150\" src=\"https:\/\/american-cocker-spaniel.fr\/wp-content\/uploads\/2019\/03\/Indian-Ink-150x150.jpg\" class=\"attachment-thumbnail size-thumbnail\" alt loading=\"lazy\"><\/a>\n\t\t\t<\/div><\/figure><figure class=\"gallery-item\">\n\t\t\t<div class=\"gallery-icon landscape\">\n\t\t\t\t<a data-elementor-open-lightbox=\"yes\" data-elementor-lightbox-slideshow=\"301b5e1\" data-elementor-lightbox-title=\"Cocker puppy noir\" data-elementor-lightbox-description=\"Cocker am\u00e9ricain puppy noir\" href=\"https:\/\/american-cocker-spaniel.fr\/wp-content\/uploads\/2019\/03\/Cocker-puppy-noir.jpg\"><img width=\"150\" height=\"150\" src=\"https:\/\/american-cocker-spaniel.fr\/wp-content\/uploads\/2019\/03\/Cocker-puppy-noir-150x150.jpg\" class=\"attachment-thumbnail size-thumbnail\" alt loading=\"lazy\"><\/a>\n\t\t\t<\/div><\/figure><figure class=\"gallery-item\">\n\t\t\t<div class=\"gallery-icon landscape\">\n\t\t\t\t<a data-elementor-open-lightbox=\"yes\" data-elementor-lightbox-slideshow=\"301b5e1\" data-elementor-lightbox-title=\"Bebe noir\" data-elementor-lightbox-description=\"Cocker am\u00e9ricain noir puppy chiot\" href=\"https:\/\/american-cocker-spaniel.fr\/wp-content\/uploads\/2019\/03\/INK-3.jpg\"><img width=\"150\" height=\"150\" src=\"https:\/\/american-cocker-spaniel.fr\/wp-content\/uploads\/2019\/03\/INK-3-150x150.jpg\" class=\"attachment-thumbnail size-thumbnail\" alt loading=\"lazy\"><\/a>\n\t\t\t<\/div><\/figure><figure class=\"gallery-item\">\n\t\t\t<div class=\"gallery-icon landscape\">\n\t\t\t\t<a data-elementor-open-lightbox=\"yes\" data-elementor-lightbox-slideshow=\"301b5e1\" data-elementor-lightbox-title=\"Cocker am\u00e9ricain puppy\" data-elementor-lightbox-description=\"Cocker am\u00e9ricain noir et feu puppy chiot\" href=\"https:\/\/american-cocker-spaniel.fr\/wp-content\/uploads\/2019\/03\/25juin2013-1.jpg\"><img width=\"150\" height=\"150\" src=\"https:\/\/american-cocker-spaniel.fr\/wp-content\/uploads\/2019\/03\/25juin2013-1-150x150.jpg\" class=\"attachment-thumbnail size-thumbnail\" alt loading=\"lazy\"><\/a>\n\t\t\t<\/div><\/figure>\n\t\t<\/div>\n\t\t<\/div>\n\t\t\t\t<\/div>\n\t\t\t\t<\/div>\n\t\t\t\t\t\t<\/div>\n\t\t\t\t\t<\/div>\n\t\t<\/div>\n\t\t\t\t\t\t\t\t<\/div>\n\t\t\t\t\t<\/div>\n\t\t<\/section>\n\t\t\t\t<section class=\"elementor-section elementor-top-section elementor-element elementor-element-3ac722b elementor-section-boxed elementor-section-height-default elementor-section-height-default\" data-id=\"3ac722b\" data-element_type=\"section\">\n\t\t\t\t\t\t<div class=\"elementor-container elementor-column-gap-default\">\n\t\t\t\t\t\t\t<div class=\"elementor-row\">\n\t\t\t\t\t<div class=\"elementor-column elementor-col-100 elementor-top-column elementor-element elementor-element-06c0121\" data-id=\"06c0121\" data-element_type=\"column\">\n\t\t\t<div class=\"elementor-column-wrap elementor-element-populated\">\n\t\t\t\t\t\t\t<div class=\"elementor-widget-wrap\">\n\t\t\t\t\t\t<div class=\"elementor-element elementor-element-6baa5ea elementor-widget elementor-widget-image-gallery\" data-id=\"6baa5ea\" data-element_type=\"widget\" data-widget_type=\"image-gallery.default\">\n\t\t\t\t<div class=\"elementor-widget-container\">\n\t\t\t\t\t<div class=\"elementor-image-gallery\">\n\t\t\t<div id=\"gallery-2\" class=\"gallery galleryid-378 gallery-columns-4 gallery-size-thumbnail\"><figure class=\"gallery-item\">\n\t\t\t<div class=\"gallery-icon landscape\">\n\t\t\t\t<a data-elementor-open-lightbox=\"yes\" data-elementor-lightbox-slideshow=\"6baa5ea\" data-elementor-lightbox-title=\"Chiots\" href=\"https:\/\/american-cocker-spaniel.fr\/wp-content\/uploads\/2019\/03\/Chiots.jpg\"><img width=\"150\" height=\"150\" src=\"https:\/\/american-cocker-spaniel.fr\/wp-content\/uploads\/2019\/03\/Chiots-150x150.jpg\" class=\"attachment-thumbnail size-thumbnail\" alt loading=\"lazy\"><\/a>\n\t\t\t<\/div><\/figure><figure class=\"gallery-item\">\n\t\t\t<div class=\"gallery-icon portrait\">\n\t\t\t\t<a data-elementor-open-lightbox=\"yes\" data-elementor-lightbox-slideshow=\"6baa5ea\" data-elementor-lightbox-title=\"Chiot blond\" href=\"https:\/\/american-cocker-spaniel.fr\/wp-content\/uploads\/2019\/03\/Chiot-blond.jpg\"><img width=\"150\" height=\"150\" src=\"https:\/\/american-cocker-spaniel.fr\/wp-content\/uploads\/2019\/03\/Chiot-blond-150x150.jpg\" class=\"attachment-thumbnail size-thumbnail\" alt loading=\"lazy\"><\/a>\n\t\t\t<\/div><\/figure><figure class=\"gallery-item\">\n\t\t\t<div class=\"gallery-icon landscape\">\n\t\t\t\t<a data-elementor-open-lightbox=\"yes\" data-elementor-lightbox-slideshow=\"6baa5ea\" data-elementor-lightbox-title=\"Chiots pour ACS\" href=\"https:\/\/american-cocker-spaniel.fr\/wp-content\/uploads\/2019\/03\/Chiots-pour-ACS.jpg\"><img width=\"150\" height=\"150\" src=\"https:\/\/american-cocker-spaniel.fr\/wp-content\/uploads\/2019\/03\/Chiots-pour-ACS-150x150.jpg\" class=\"attachment-thumbnail size-thumbnail\" alt loading=\"lazy\"><\/a>\n\t\t\t<\/div><\/figure><figure class=\"gallery-item\">\n\t\t\t<div class=\"gallery-icon portrait\">\n\t\t\t\t<a data-elementor-open-lightbox=\"yes\" data-elementor-lightbox-slideshow=\"6baa5ea\" data-elementor-lightbox-title=\"Georgia\" href=\"https:\/\/american-cocker-spaniel.fr\/wp-content\/uploads\/2019\/03\/Georgia.jpg\"><img width=\"150\" height=\"150\" src=\"https:\/\/american-cocker-spaniel.fr\/wp-content\/uploads\/2019\/03\/Georgia-150x150.jpg\" class=\"attachment-thumbnail size-thumbnail\" alt loading=\"lazy\"><\/a>\n\t\t\t<\/div><\/figure>\n\t\t<\/div>\n\t\t<\/div>\n\t\t\t\t<\/div>\n\t\t\t\t<\/div>\n\t\t\t\t\t\t<\/div>\n\t\t\t\t\t<\/div>\n\t\t<\/div>\n\t\t\t\t\t\t\t\t<\/div>\n\t\t\t\t\t<\/div>\n\t\t<\/section>\n\t\t\t\t<section class=\"elementor-section elementor-top-section elementor-element elementor-element-1c71e42 elementor-section-boxed elementor-section-height-default elementor-section-height-default\" data-id=\"1c71e42\" data-element_type=\"section\">\n\t\t\t\t\t\t<div class=\"elementor-container elementor-column-gap-default\">\n\t\t\t\t\t\t\t<div class=\"elementor-row\">\n\t\t\t\t\t<div class=\"elementor-column elementor-col-100 elementor-top-column elementor-element elementor-element-1e55d78\" data-id=\"1e55d78\" data-element_type=\"column\">\n\t\t\t<div class=\"elementor-column-wrap elementor-element-populated\">\n\t\t\t\t\t\t\t<div class=\"elementor-widget-wrap\">\n\t\t\t\t\t\t<div class=\"elementor-element elementor-element-3b9fdc7 elementor-widget elementor-widget-image-gallery\" data-id=\"3b9fdc7\" data-element_type=\"widget\" data-widget_type=\"image-gallery.default\">\n\t\t\t\t<div class=\"elementor-widget-container\">\n\t\t\t\t\t<div class=\"elementor-image-gallery\">\n\t\t\t<div id=\"gallery-3\" class=\"gallery galleryid-378 gallery-columns-4 gallery-size-thumbnail\"><figure class=\"gallery-item\">\n\t\t\t<div class=\"gallery-icon portrait\">\n\t\t\t\t<a data-elementor-open-lightbox=\"yes\" data-elementor-lightbox-slideshow=\"3b9fdc7\" data-elementor-lightbox-title=\"noah\" href=\"https:\/\/american-cocker-spaniel.fr\/wp-content\/uploads\/2019\/03\/noah.jpg\"><img width=\"150\" height=\"150\" src=\"https:\/\/american-cocker-spaniel.fr\/wp-content\/uploads\/2019\/03\/noah-150x150.jpg\" class=\"attachment-thumbnail size-thumbnail\" alt loading=\"lazy\"><\/a>\n\t\t\t<\/div><\/figure><figure class=\"gallery-item\">\n\t\t\t<div class=\"gallery-icon portrait\">\n\t\t\t\t<a data-elementor-open-lightbox=\"yes\" data-elementor-lightbox-slideshow=\"3b9fdc7\" data-elementor-lightbox-title=\"tri\" href=\"https:\/\/american-cocker-spaniel.fr\/wp-content\/uploads\/2019\/03\/tri.jpg\"><img width=\"150\" height=\"150\" src=\"https:\/\/american-cocker-spaniel.fr\/wp-content\/uploads\/2019\/03\/tri-150x150.jpg\" class=\"attachment-thumbnail size-thumbnail\" alt loading=\"lazy\"><\/a>\n\t\t\t<\/div><\/figure><figure class=\"gallery-item\">\n\t\t\t<div class=\"gallery-icon landscape\">\n\t\t\t\t<a data-elementor-open-lightbox=\"yes\" data-elementor-lightbox-slideshow=\"3b9fdc7\" data-elementor-lightbox-title=\"chiot b-n\" href=\"https:\/\/american-cocker-spaniel.fr\/wp-content\/uploads\/2019\/03\/chiot-b-n.jpg\"><img width=\"150\" height=\"150\" src=\"https:\/\/american-cocker-spaniel.fr\/wp-content\/uploads\/2019\/03\/chiot-b-n-150x150.jpg\" class=\"attachment-thumbnail size-thumbnail\" alt loading=\"lazy\"><\/a>\n\t\t\t<\/div><\/figure><figure class=\"gallery-item\">\n\t\t\t<div class=\"gallery-icon landscape\">\n\t\t\t\t<a data-elementor-open-lightbox=\"yes\" data-elementor-lightbox-slideshow=\"3b9fdc7\" data-elementor-lightbox-title=\"Chiot tri\" href=\"https:\/\/american-cocker-spaniel.fr\/wp-content\/uploads\/2019\/03\/Chiot-tri.jpg\"><img width=\"150\" height=\"150\" src=\"https:\/\/american-cocker-spaniel.fr\/wp-content\/uploads\/2019\/03\/Chiot-tri-150x150.jpg\" class=\"attachment-thumbnail size-thumbnail\" alt loading=\"lazy\"><\/a>\n\t\t\t<\/div><\/figure>\n\t\t<\/div>\n\t\t<\/div>\n\t\t\t\t<\/div>\n\t\t\t\t<\/div>\n\t\t\t\t\t\t<\/div>\n\t\t\t\t\t<\/div>\n\t\t<\/div>\n\t\t\t\t\t\t\t\t<\/div>\n\t\t\t\t\t<\/div>\n\t\t<\/section>\n\t\t\t\t\t\t<\/div>\n\t\t\t\t\t\t<\/div>\n\t\t\t\t\t<\/div>","protected":false},"excerpt":{"rendered":"<p>Trou\u00adver les adress\u00ades et toutes les coor\u00addon\u00adn\u00e9es des \u00e9le\u00advages de race Cock\u00ader Am\u00e9ri\u00adcain <span class=\"caps\">LOF<\/span> proches de chez vous : acheter votre chiot gr\u00e2ce aux annonces offi\u00adcielles de la Cen\u00adtrale Canine \u2014 cli\u00adquer sur le logo ci-dessus ! Choi\u00adsis\u00adsez patiem\u00adment votre \u00e9leveur et int\u00e9ressez-vous \u00e0 son respect du stan\u00addard, des test de san\u00adt\u00e9, du bien-\u00eatre de&nbsp;[\u2026]<\/p>","protected":false},"author":1,"featured_media":3472,"parent":0,"menu_order":0,"comment_status":"closed","ping_status":"closed","template":"","meta":{"wp_typography_post_enhancements_disabled":false},"_links":{"self":[{"href":"https:\/\/american-cocker-spaniel.fr\/en\/wp-json\/wp\/v2\/pages\/378"}],"collection":[{"href":"https:\/\/american-cocker-spaniel.fr\/en\/wp-json\/wp\/v2\/pages"}],"about":[{"href":"https:\/\/american-cocker-spaniel.fr\/en\/wp-json\/wp\/v2\/types\/page"}],"author":[{"embeddable":true,"href":"https:\/\/american-cocker-spaniel.fr\/en\/wp-json\/wp\/v2\/users\/1"}],"replies":[{"embeddable":true,"href":"https:\/\/american-cocker-spaniel.fr\/en\/wp-json\/wp\/v2\/comments?post=378"}],"version-history":[{"count":41,"href":"https:\/\/american-cocker-spaniel.fr\/en\/wp-json\/wp\/v2\/pages\/378\/revisions"}],"predecessor-version":[{"id":5027,"href":"https:\/\/american-cocker-spaniel.fr\/en\/wp-json\/wp\/v2\/pages\/378\/revisions\/5027"}],"wp:featuredmedia":[{"embeddable":true,"href":"https:\/\/american-cocker-spaniel.fr\/en\/wp-json\/wp\/v2\/media\/3472"}],"wp:attachment":[{"href":"https:\/\/american-cocker-spaniel.fr\/en\/wp-json\/wp\/v2\/media?parent=378"}],"curies":[{"name":"wp","href":"https:\/\/api.w.org\/{rel}","templated":true}]}}