{"id":375,"date":"2018-12-27T14:00:19","date_gmt":"2018-12-27T13:00:19","guid":{"rendered":"https:\/\/american-cocker-spaniel.fr\/?page_id=375"},"modified":"2019-04-08T18:49:58","modified_gmt":"2019-04-08T16:49:58","slug":"eleveurs-elevage","status":"publish","type":"page","link":"https:\/\/american-cocker-spaniel.fr\/en\/eleveurs-elevage","title":{"rendered":"Breed\u00ading"},"content":{"rendered":"<div data-elementor-type=\"wp-post\" data-elementor-id=\"375\" class=\"elementor elementor-375\" data-elementor-settings=\"[]\">\n\t\t\t\t\t\t<div class=\"elementor-inner\">\n\t\t\t\t\t\t\t<div class=\"elementor-section-wrap\">\n\t\t\t\t\t\t\t<section class=\"elementor-section elementor-top-section elementor-element elementor-element-338c487 elementor-section-boxed elementor-section-height-default elementor-section-height-default\" data-id=\"338c487\" data-element_type=\"section\">\n\t\t\t\t\t\t<div class=\"elementor-container elementor-column-gap-default\">\n\t\t\t\t\t\t\t<div class=\"elementor-row\">\n\t\t\t\t\t<div class=\"elementor-column elementor-col-100 elementor-top-column elementor-element elementor-element-d309b84\" data-id=\"d309b84\" data-element_type=\"column\">\n\t\t\t<div class=\"elementor-column-wrap elementor-element-populated\">\n\t\t\t\t\t\t\t<div class=\"elementor-widget-wrap\">\n\t\t\t\t\t\t<div class=\"elementor-element elementor-element-045ef2d elementor-widget elementor-widget-heading\" data-id=\"045ef2d\" data-element_type=\"widget\" data-widget_type=\"heading.default\">\n\t\t\t\t<div class=\"elementor-widget-container\">\n\t\t\t<h2 class=\"elementor-heading-title elementor-size-default\">Copie traduite de Health Foundation <span class=\"caps\">ASC<\/span> <span class=\"caps\">ORIENTATION<\/span> D'<span class=\"caps\">\u00c9LEVAGE<\/span> <span class=\"caps\">RESPONSABILIT\u00c9S<\/span> <span class=\"caps\">DES<\/span> <span class=\"caps\">\u00c9LEVEURS<\/span>.<\/h2>\t\t<\/div>\n\t\t\t\t<\/div>\n\t\t\t\t\t\t<\/div>\n\t\t\t\t\t<\/div>\n\t\t<\/div>\n\t\t\t\t\t\t\t\t<\/div>\n\t\t\t\t\t<\/div>\n\t\t<\/section>\n\t\t\t\t<section class=\"elementor-section elementor-top-section elementor-element elementor-element-e769e5f elementor-section-boxed elementor-section-height-default elementor-section-height-default\" data-id=\"e769e5f\" data-element_type=\"section\">\n\t\t\t\t\t\t<div class=\"elementor-container elementor-column-gap-default\">\n\t\t\t\t\t\t\t<div class=\"elementor-row\">\n\t\t\t\t\t<div class=\"elementor-column elementor-col-100 elementor-top-column elementor-element elementor-element-25ee180\" data-id=\"25ee180\" data-element_type=\"column\">\n\t\t\t<div class=\"elementor-column-wrap elementor-element-populated\">\n\t\t\t\t\t\t\t<div class=\"elementor-widget-wrap\">\n\t\t\t\t\t\t<div class=\"elementor-element elementor-element-67bcfc0 elementor-drop-cap-yes elementor-drop-cap-view-default elementor-widget elementor-widget-text-editor\" data-id=\"67bcfc0\" data-element_type=\"widget\" data-settings=\"{&quot;drop_cap&quot;:&quot;yes&quot;}\" data-widget_type=\"text-editor.default\">\n\t\t\t\t<div class=\"elementor-widget-container\">\n\t\t\t\t\t\t\t\t<div class=\"elementor-text-editor elementor-clearfix\">\n\t\t\t\t\t<p style=\"text-align: justify;\"><img loading=\"lazy\" class=\"alignleft wp-image-3841 size-full\" src=\"https:\/\/american-cocker-spaniel.fr\/wp-content\/uploads\/2019\/03\/standard06.jpg\" alt width=\"150\" height=\"148\">Tous les \u00e9leveurs de Cock\u00aders doivent se sen\u00adtir respon\u00ads\u00adables de l'avenir de la race qu'ils ont choisi d'utiliser pour leur pro\u00adpre plaisir. Par\u00admi leurs objec\u00adtifs logique, il importe, non seule\u00adment d'am\u00e9liorer la per\u00adfor\u00admance de leur lign\u00e9e en beaut\u00e9, en ob\u00e9\u00addi\u00adence, ou sur le ter\u00adrain, mais aus\u00adsi d\u2019am\u00e9liorer la qual\u00adit\u00e9 de leurs chiots de com\u00adpag\u00adnie. Trop sou\u00advent, on n\u00e9 se pr\u00e9oc\u00adcupe pas ou peu de l\u2019\u00e9radication des tares h\u00e9r\u00e9di\u00adtaires, bien que cela change d'une mani\u00e8re positive.<\/p><p style=\"text-align: justify;\">En tant qu\u2019\u00e9leveurs respon\u00ads\u00adables et mem\u00adbres de l'American Spaniel Club, nous devons au Cock\u00ader Am\u00e9ri\u00adcain de d\u00e9ploy\u00ader de s\u00e9rieux efforts pour r\u00e9duire l'incidence des tares h\u00e9r\u00e9di\u00adtaires. Nous devons \u00eatre con\u00adscients de tous les prob\u00adl\u00e8mes de san\u00adt\u00e9 au sein de notre race. Ces recom\u00adman\u00adda\u00adtions n\u00e9 con\u00adcer\u00adnent que quelques-unes des tares les plus r\u00e9pan\u00addues et les plus graves. Actuelle\u00adment, notre reg\u00adistre de san\u00adt\u00e9 r\u00e9per\u00adto\u00adrie tous les Cock\u00aders qui lui sont soumis et qui sont exempts des tares que nous sommes en mesure de con\u00adtr\u00f4ler par des tests standardis\u00e9s.<\/p><p style=\"text-align: justify;\"><img loading=\"lazy\" class=\"alignright wp-image-3840 size-full\" src=\"https:\/\/american-cocker-spaniel.fr\/wp-content\/uploads\/2019\/03\/standard05.jpg\" alt width=\"150\" height=\"300\"><\/p><p style=\"text-align: justify;\">Lorsque nous envis\u00adageons une repro\u00adduc\u00adtion, nous devons \u00e9val\u00aduer nos lign\u00e9es, non seule\u00adment pour la struc\u00adture, le type, l'attitude et le tem\u00adp\u00e9ra\u00adment, mais aus\u00adsi pour les tares de san\u00adt\u00e9. Les Cock\u00aders avec des car\u00adac\u00adt\u00e9ris\u00adtiques g\u00e9n\u00e9\u00adtiques qui entra\u00ee\u00adnent des douleurs ou celles qui exi\u00adgent un traite\u00adment \u00e0 vie ou une inter\u00adven\u00adtion chirur\u00adgi\u00adcale n\u00e9ces\u00adsaire \u00e0 la survie, n\u00e9 devraient pas repro\u00adduire. Lorsqu\u2019on envis\u00adage l\u2019\u00e9levage de Cock\u00aders por\u00adteurs de tares l\u00e9g\u00e8res, nous devons r\u00e9fl\u00e9chir \u00e0 ce que le chien peut apporter \u00e0 la race. A\u2011t-il suff\u00adisam\u00adment de qual\u00adit\u00e9s pour sur\u00admon\u00adter les d\u00e9fauts ? Une des con\u00adtri\u00adbu\u00adtions impor\u00adtantes que nous pou\u00advons tous faire est de com\u00admu\u00adni\u00adquer hon\u00adn\u00eate\u00adment. Si un chien d\u00e9veloppe une tare, tous les acheteurs de descen\u00addants qui pour\u00adraient \u00eatre util\u00adis\u00e9s pour la repro\u00adduc\u00adtion, et, dans le cas d'un \u00e9talon, les pro\u00adpri\u00e9\u00adtaires des chi\u00adennes de race qu'il a sail\u00adlies, doivent \u00eatre aver\u00adtis. De cette fa\u00e7on, d'autres \u00e9leveurs b\u00e9n\u00e9\u00adfi\u00adcient d\u2019informations dont ils doivent dis\u00adpos\u00ader pour leurs pro\u00adgrammes de s\u00e9lec\u00adtion et une con\u00adtri\u00adbu\u00adtion majeure \u00e0 l'avenir de la race sera r\u00e9al\u00adis\u00e9e. Enfin, cer\u00adtains pour\u00adraient penser que les recom\u00adman\u00adda\u00adtions pr\u00e9sen\u00adt\u00e9es ici sont trop restric\u00adtives. N\u00e9an\u00admoins, l'incidence des tares h\u00e9r\u00e9di\u00adtaires a atteint de telles pro\u00adpor\u00adtions chez les Cock\u00aders que seul le strict respect des principes recon\u00adnus de s\u00e9lec\u00adtion g\u00e9n\u00e9\u00adtique pour\u00adra r\u00e9duire leur fr\u00e9quence.<\/p><p style=\"text-align: justify;\">En suiv\u00adant ces direc\u00adtives, en am\u00e9lio\u00adrant la com\u00admu\u00adni\u00adca\u00adtion sinc\u00e8re entre \u00e9leveurs, et en \u00e9duquant et en accom\u00adpa\u00adg\u00adnant les nou\u00adveaux \u00e9leveurs, nous pou\u00advons r\u00e9duire l'incidence de ces tares qui men\u00ada\u00adcent l'avenir de notre Cock\u00ader (Am\u00e9ri\u00adcain).<\/p>\t\t\t\t\t<\/div>\n\t\t\t\t\t\t<\/div>\n\t\t\t\t<\/div>\n\t\t\t\t\t\t<\/div>\n\t\t\t\t\t<\/div>\n\t\t<\/div>\n\t\t\t\t\t\t\t\t<\/div>\n\t\t\t\t\t<\/div>\n\t\t<\/section>\n\t\t\t\t<section class=\"elementor-section elementor-top-section elementor-element elementor-element-3c841d0 elementor-section-boxed elementor-section-height-default elementor-section-height-default\" data-id=\"3c841d0\" data-element_type=\"section\">\n\t\t\t\t\t\t<div class=\"elementor-container elementor-column-gap-default\">\n\t\t\t\t\t\t\t<div class=\"elementor-row\">\n\t\t\t\t\t<div class=\"elementor-column elementor-col-100 elementor-top-column elementor-element elementor-element-7570e16\" data-id=\"7570e16\" data-element_type=\"column\">\n\t\t\t<div class=\"elementor-column-wrap elementor-element-populated\">\n\t\t\t\t\t\t\t<div class=\"elementor-widget-wrap\">\n\t\t\t\t\t\t<div class=\"elementor-element elementor-element-3e99012 elementor-widget elementor-widget-image\" data-id=\"3e99012\" data-element_type=\"widget\" data-widget_type=\"image.default\">\n\t\t\t\t<div class=\"elementor-widget-container\">\n\t\t\t\t\t\t\t\t<div class=\"elementor-image\">\n\t\t\t\t\t\t\t\t\t\t\t\t\t<a href=\"https:\/\/american-cocker-spaniel.fr\/wp-content\/uploads\/2019\/03\/oppenheimer.jpg\" data-elementor-open-lightbox=\"yes\" data-elementor-lightbox-title=\"oppenheimer\" data-elementor-lightbox-description=\"Raymond Oppenheimer\">\n\t\t\t\t\t\t\t<img src=\"https:\/\/american-cocker-spaniel.fr\/wp-content\/uploads\/elementor\/thumbs\/oppenheimer-o4jg6ktjs6rpfedjw6mltoleu7pnhu09n41t73a6xu.jpg\" title=\"oppenheimer\" alt=\"oppenheimer\">\t\t\t\t\t\t\t\t<\/a>\n\t\t\t\t\t\t\t\t\t\t\t\t\t\t<\/div>\n\t\t\t\t\t\t<\/div>\n\t\t\t\t<\/div>\n\t\t\t\t<div class=\"elementor-element elementor-element-19c532a elementor-drop-cap-yes elementor-drop-cap-view-default elementor-widget elementor-widget-text-editor\" data-id=\"19c532a\" data-element_type=\"widget\" data-settings=\"{&quot;drop_cap&quot;:&quot;yes&quot;}\" data-widget_type=\"text-editor.default\">\n\t\t\t\t<div class=\"elementor-widget-container\">\n\t\t\t\t\t\t\t\t<div class=\"elementor-text-editor elementor-clearfix\">\n\t\t\t\t\t<pre><strong>TWENTY BASIC PRINCIPLES OF BREEDING<\/strong><\/pre><p><strong>Par Ray\u00admond H.Oppenheimer<\/strong><\/p><p>Pro\u00adduire r\u00e9guli\u00e8re\u00adment des chiens de con\u00adcours est un art et I<sup class=\"ordinal\">e<\/sup> l\u00e9gendaire expert bri\u00adtan\u00adnique a r\u00e9us\u00adsi dans une race dif\u00adfi\u00adcile \u2014 le Bull&nbsp;Ter\u00adri\u00ader. Si vous avez I'intention d'\u00e9lever votre pro\u00adpre chien d'exposition, il est impor\u00adtant d'\u00e9tudier les fon\u00adda\u00admen\u00adtaux&nbsp;I<\/p><p><strong>1.<\/strong> N\u00e9 faites pas de croise\u00adments hasardeux. Un croise\u00adment judi\u00adcieux peut \u00eatre d'une grande valeur un mariage incon\u00ads\u00e9quent risqu\u00e9 de pro\u00adduire&nbsp;l'accumulation de tous les d\u00e9fauts imag\u00adin\u00adables de la&nbsp;race.<\/p><p><strong>2.<\/strong> N\u00e9 repro\u00adduisez pas en lign\u00e9es unique\u00adment pour le plaisir de repro\u00adduire en lign\u00e9es. L'\u00e9levage en lign\u00e9es avec des types com\u00adpl\u00e9\u00admen\u00adtaires peut apporter de grandes r\u00e9us\u00adsites; avec ceux qui n\u00e9 sont pas com\u00adpl\u00e9\u00admen\u00adtaires,&nbsp;cela con\u00adduira \u00e0 un d\u00e9sas\u00adtre imm\u00e9diat.<\/p><p><strong>3.<\/strong> N\u00e9 prenez pas con\u00adseil aupr\u00e8s d'\u00e9leveurs qui n'ont jamais atteint la r\u00e9us\u00adsite. Si leurs opin\u00adions en valaient la&nbsp;peine, ils I'auraient prou\u00adv\u00e9 par leurs succ\u00e8s.<\/p><p><strong>4.&nbsp;<\/strong> N\u00e9 don\u00adnez pas foi au clich\u00e9 pop\u00adu\u00adlaire selon lequel le fr\u00e8re ou la s\u0153ur du grand cham\u00adpi\u00adon sont tout aus\u00adsi&nbsp;bons pour la repro\u00adduc\u00adtion. C'est vrai une&nbsp;fois sur cent. Cela d\u00e9pend de I'animal concern\u00e9.<\/p><p><strong>5<\/strong>. N'attribuez pas \u00e0 vos pro\u00adpres chiens de ver\u00adtus qu'ils n\u00e9 pos\u00ads\u00e8\u00addent pas. L'orgueil est un trem\u00adplin vers l'echec.<\/p><p><strong>6<\/strong>. N'\u00e9levez pas \u00e0 par\u00adtir de mau\u00advais sujets; I'absence d'un d\u00e9faut n\u00e9 sig\u00adni\u00adfie en aucun cas [a pr\u00e9sence de la qual\u00adit\u00e9 correspondante.<\/p><p><strong>7.<\/strong> N'essayez pas de repro\u00adduire en m\u00eame temps avec deux m\u00e2les de deux lign\u00e9es dif\u00adf\u00e9rentes [<span class=\"caps\">NDT<\/span> : choi\u00adsis\u00adsez votre \u00e9talon id\u00e9al et tenez\u2011y vous !];&nbsp;vous finiriez par n\u00e9 pro\u00adduire la lign\u00e9e d'aucun d'entre eux.<\/p><p><strong>8.<\/strong> N'\u00e9valuez pas la valeur d'un \u00e9talon d'apr\u00e8s sa descen\u00addance de qual\u00adit\u00e9 inf\u00e9rieure. Tous les repro\u00adduc\u00adteurs g\u00e9n\u00e8rent par\u00adfois de moins bons sujets ; ce&nbsp;qui compte, c'est la qual\u00adit\u00e9 de leurs meilleurs produits.<\/p><p><strong>9.<\/strong> N\u00e9 lais\u00adsez pas les sen\u00adti\u00adments per\u00adson\u00adnels influ\u00adencer votre choix d'un \u00e9talon. Le bon chien pour votre chi\u00adenne est le bon chien, peu importe son&nbsp;propri\u00e9taire.<\/p><p><strong>10.<\/strong> N\u00e9 lais\u00adsez pas votre admi\u00adra\u00adtion pour un \u00e9talon vous aveu\u00adgler au point de vous faire oubli\u00ader ses d\u00e9fauts. Votre \u00e9blouisse\u00adment vous serait tr\u00e8s vite&nbsp;fatal.<\/p><p><strong>11.<\/strong> N\u00e9 mariez pas des sujets partageant le m\u00eame d\u00e9faut. Vous iriez au devant d'ennuis si vous le faites.<\/p><p><strong>12.<\/strong> N'oubliez pas que c'est le chien dans son ensem\u00adble qui importe. Si vous n\u00e9g\u00adligez une qual\u00adit\u00e9 en en cher\u00adchant une autre. vous le paierez cher.<\/p><p><strong>13.<\/strong> N\u00e9 cherchez pas le chien par\u00adfait pour votre chi\u00adenne. Le chien par\u00adfait n'existe pas! Ni la chi\u00adenne parfaite&nbsp;!<\/p><p><strong>14.<\/strong> N\u00e9 craignez pas de repro\u00adduire avec des ani\u00admaux qui ont des d\u00e9fauts \u00e9vi\u00addents tant qu'ils ont des qual\u00adit\u00e9s qui com\u00adpensent. Le man\u00adqu\u00e9 de qual\u00adit\u00e9&nbsp;est de loin le plus gros d\u00e9faut.<\/p><p><strong>15.<\/strong> N\u00e9 mariez pas de types non com\u00adpl\u00e9\u00admen\u00adtaires. La capac\u00adit\u00e9 \u00e0 recon\u00adna\u00eetre le type en un coup d\u2019\u0153il est le meilleur don d'un \u00e9leveur: deman\u00addez aux&nbsp;\u00e9leveurs chevron\u00adn\u00e9s de vous expli\u00adquer ce point \u2014 il n'y a pas d'autre moyen d'apprentissage. (Je d\u00e9fini\u00adrais les types de chiens non com\u00adpl\u00e9\u00admen\u00adtaires&nbsp;comme ceux qui ont tous deux les m\u00eames d\u00e9fauts et man\u00adquent des m\u00eames qualit\u00e9s.)<\/p><p><strong>16.<\/strong> N'oubliez pas la n\u00e9ces\u00adsit\u00e9 de priv\u00adil\u00e9gi\u00ader la qual\u00adit\u00e9 de la t\u00eate. Cette qual\u00adit\u00e9 risqu\u00e9 de dis\u00adpara\u00eetre tr\u00e8s&nbsp;vite.<\/p><p><strong>17.<\/strong> N'oubliez pas que la sub\u00adstance et la qual\u00adit\u00e9 devraient \u00eatre l'un de vos objec\u00adtifs. N'importe qui peut repro\u00adduire I'un sans I'autre !<\/p><p><strong>18.<\/strong> N,oubliez pas qu'une belle t\u00eate et son har\u00admonie devraient \u00eatre un autre de vos objec\u00adtifs. Beau\u00adcoup de gens n\u00e9 peu\u00advent jamais con\u00adjuguer les&nbsp;deux&nbsp;!<\/p><p><strong>19.<\/strong> N'essayez jamais de cri\u00adti\u00adquer un beau Bull Ter\u00adri\u00ader. Le Beau n'est pas seule\u00adment une joie pour tou\u00adjours, mais un beau Bull Ter\u00adri\u00ader devrait \u00eatre une&nbsp;source de fiert\u00e9 esth\u00e9\u00adtique et de plaisir pour tous les vrais amoureux de la&nbsp;race.<\/p><p><strong>20.<\/strong> N\u00e9 vous con\u00adtentez que du meilleur. Le sec\u00adond choix n'est jamais assez&nbsp;bon.<\/p>\t\t\t\t\t<\/div>\n\t\t\t\t\t\t<\/div>\n\t\t\t\t<\/div>\n\t\t\t\t\t\t<\/div>\n\t\t\t\t\t<\/div>\n\t\t<\/div>\n\t\t\t\t\t\t\t\t<\/div>\n\t\t\t\t\t<\/div>\n\t\t<\/section>\n\t\t\t\t\t\t<\/div>\n\t\t\t\t\t\t<\/div>\n\t\t\t\t\t<\/div>","protected":false},"excerpt":{"rendered":"<p>Copie traduite de Health Foun\u00adda\u00adtion <span class=\"caps\">ASC<\/span> <span class=\"caps\">ORIENTATION<\/span> D'<span class=\"caps\">\u00c9LEVAGE<\/span> <span class=\"caps\">RESPONSABILIT\u00c9S<\/span> <span class=\"caps\">DES<\/span> <span class=\"caps\">\u00c9LEVEURS<\/span>. &lt;p style=\"text-align: justify;\"&gt;&lt;img src=\"https:\/\/american-cocker-spaniel.fr\/wp-content\/uploads\/2019\/03\/standard06.jpg\" alt=\"\" width=\"150\" height=\"148\" \/&gt;Tous les \u00e9leveurs de Cock\u00aders doivent se sen\u00adtir respon\u00ads\u00adables de l'avenir de la race qu'ils ont choisi d'utiliser pour leur pro\u00adpre plaisir. Par\u00admi leurs objec\u00adtifs logique, il importe, non seule\u00adment d'am\u00e9liorer la per\u00adfor\u00admance de leur lign\u00e9e en&nbsp;[\u2026]<\/p>","protected":false},"author":1,"featured_media":3841,"parent":0,"menu_order":0,"comment_status":"closed","ping_status":"closed","template":"","meta":{"wp_typography_post_enhancements_disabled":false},"_links":{"self":[{"href":"https:\/\/american-cocker-spaniel.fr\/en\/wp-json\/wp\/v2\/pages\/375"}],"collection":[{"href":"https:\/\/american-cocker-spaniel.fr\/en\/wp-json\/wp\/v2\/pages"}],"about":[{"href":"https:\/\/american-cocker-spaniel.fr\/en\/wp-json\/wp\/v2\/types\/page"}],"author":[{"embeddable":true,"href":"https:\/\/american-cocker-spaniel.fr\/en\/wp-json\/wp\/v2\/users\/1"}],"replies":[{"embeddable":true,"href":"https:\/\/american-cocker-spaniel.fr\/en\/wp-json\/wp\/v2\/comments?post=375"}],"version-history":[{"count":48,"href":"https:\/\/american-cocker-spaniel.fr\/en\/wp-json\/wp\/v2\/pages\/375\/revisions"}],"predecessor-version":[{"id":4738,"href":"https:\/\/american-cocker-spaniel.fr\/en\/wp-json\/wp\/v2\/pages\/375\/revisions\/4738"}],"wp:featuredmedia":[{"embeddable":true,"href":"https:\/\/american-cocker-spaniel.fr\/en\/wp-json\/wp\/v2\/media\/3841"}],"wp:attachment":[{"href":"https:\/\/american-cocker-spaniel.fr\/en\/wp-json\/wp\/v2\/media?parent=375"}],"curies":[{"name":"wp","href":"https:\/\/api.w.org\/{rel}","templated":true}]}}