{"id":372,"date":"2018-12-27T13:58:38","date_gmt":"2018-12-27T12:58:38","guid":{"rendered":"https:\/\/american-cocker-spaniel.fr\/?page_id=372"},"modified":"2022-03-27T17:31:38","modified_gmt":"2022-03-27T15:31:38","slug":"expo-champions-homologues","status":"publish","type":"page","link":"https:\/\/american-cocker-spaniel.fr\/en\/expo-champions-homologues","title":{"rendered":"Homolo\u00adgat\u00aded Champions"},"content":{"rendered":"<div data-elementor-type=\"wp-post\" data-elementor-id=\"372\" class=\"elementor elementor-372\" data-elementor-settings=\"[]\">\n\t\t\t\t\t\t<div class=\"elementor-inner\">\n\t\t\t\t\t\t\t<div class=\"elementor-section-wrap\">\n\t\t\t\t\t\t\t<section class=\"elementor-section elementor-top-section elementor-element elementor-element-2ff1e0a elementor-section-boxed elementor-section-height-default elementor-section-height-default\" data-id=\"2ff1e0a\" data-element_type=\"section\">\n\t\t\t\t\t\t<div class=\"elementor-container elementor-column-gap-default\">\n\t\t\t\t\t\t\t<div class=\"elementor-row\">\n\t\t\t\t\t<div class=\"elementor-column elementor-col-100 elementor-top-column elementor-element elementor-element-fafbb41\" data-id=\"fafbb41\" data-element_type=\"column\">\n\t\t\t<div class=\"elementor-column-wrap elementor-element-populated\">\n\t\t\t\t\t\t\t<div class=\"elementor-widget-wrap\">\n\t\t\t\t\t\t<div class=\"elementor-element elementor-element-a49d690 elementor-widget elementor-widget-spacer\" data-id=\"a49d690\" data-element_type=\"widget\" data-widget_type=\"spacer.default\">\n\t\t\t\t<div class=\"elementor-widget-container\">\n\t\t\t\t\t<div class=\"elementor-spacer\">\n\t\t\t<div class=\"elementor-spacer-inner\"><\/div>\n\t\t<\/div>\n\t\t\t\t<\/div>\n\t\t\t\t<\/div>\n\t\t\t\t\t\t<\/div>\n\t\t\t\t\t<\/div>\n\t\t<\/div>\n\t\t\t\t\t\t\t\t<\/div>\n\t\t\t\t\t<\/div>\n\t\t<\/section>\n\t\t\t\t<section class=\"elementor-section elementor-top-section elementor-element elementor-element-c7a14e9 elementor-section-boxed elementor-section-height-default elementor-section-height-default\" data-id=\"c7a14e9\" data-element_type=\"section\">\n\t\t\t\t\t\t<div class=\"elementor-container elementor-column-gap-default\">\n\t\t\t\t\t\t\t<div class=\"elementor-row\">\n\t\t\t\t\t<div class=\"elementor-column elementor-col-50 elementor-top-column elementor-element elementor-element-249f496\" data-id=\"249f496\" data-element_type=\"column\">\n\t\t\t<div class=\"elementor-column-wrap elementor-element-populated\">\n\t\t\t\t\t\t\t<div class=\"elementor-widget-wrap\">\n\t\t\t\t\t\t<div class=\"elementor-element elementor-element-2febd46 elementor-widget elementor-widget-image\" data-id=\"2febd46\" data-element_type=\"widget\" data-widget_type=\"image.default\">\n\t\t\t\t<div class=\"elementor-widget-container\">\n\t\t\t\t\t\t\t\t<div class=\"elementor-image\">\n\t\t\t\t\t\t\t\t\t\t\t\t\t<a href=\"http:\/\/www.bit.ly\/ACSChF\">\n\t\t\t\t\t\t\t<img src=\"https:\/\/american-cocker-spaniel.fr\/wp-content\/uploads\/elementor\/thumbs\/Titres-Champions-o1mkixcy5deo0z5jy4oy1wlua8wffhptb1f56oe86u.jpg\" title=\"Titres Champions\" alt=\"homologue un chien cocker americian champion\">\t\t\t\t\t\t\t\t<\/a>\n\t\t\t\t\t\t\t\t\t\t\t\t\t\t<\/div>\n\t\t\t\t\t\t<\/div>\n\t\t\t\t<\/div>\n\t\t\t\t\t\t<\/div>\n\t\t\t\t\t<\/div>\n\t\t<\/div>\n\t\t\t\t<div class=\"elementor-column elementor-col-50 elementor-top-column elementor-element elementor-element-16fa9ac\" data-id=\"16fa9ac\" data-element_type=\"column\">\n\t\t\t<div class=\"elementor-column-wrap elementor-element-populated\">\n\t\t\t\t\t\t\t<div class=\"elementor-widget-wrap\">\n\t\t\t\t\t\t<div class=\"elementor-element elementor-element-7fdccb4 elementor-widget elementor-widget-text-editor\" data-id=\"7fdccb4\" data-element_type=\"widget\" data-widget_type=\"text-editor.default\">\n\t\t\t\t<div class=\"elementor-widget-container\">\n\t\t\t\t\t\t\t\t<div class=\"elementor-text-editor elementor-clearfix\">\n\t\t\t\t\t<p style=\"text-align: justify;\">Un titre de <span class=\"caps\">CHAMPION<\/span> de <span class=\"caps\">FRANCE<\/span>, \u00e7a s'homologue ! <span class=\"_5mfr\"><span class=\"_6qdm\"><img class=\"emoji\" draggable=\"false\" src=\"https:\/\/s.w.org\/images\/core\/emoji\/11\/svg\/1f37e.svg\" alt=\"\ud83c\udf7e\"><\/span><\/span><span class=\"_5mfr\"><span class=\"_6qdm\"><img class=\"emoji\" draggable=\"false\" src=\"https:\/\/s.w.org\/images\/core\/emoji\/11\/svg\/1f942.svg\" alt=\"\ud83e\udd42\"><\/span><\/span><\/p><p style=\"text-align: justify;\">Bra\u00advo aux pro\u00adpri\u00e9\u00adtaires qui homo\u00adloguent les titres de cham\u00adpi\u00adons de leurs chiens !<br><span id=\"u_fetchstream_4_2y\" class=\"_ezo\">F\u00e9lic\u00adi\u00adta\u00adtions aux nou\u00adveaux lau\u00adr\u00e9ats !<br>Le tableau disponible ici : <a href=\"https:\/\/l.facebook.com\/l.php?u=https%3A%2F%2Fbit.ly%2FACSChF%3Ffbclid%3DIwAR1FdM1SBWzVwwHUD28ZjviS4T6WSsVjPDUED8GNay_QV29aTT1Xw4cGR4U&amp;h=AT1B_dBCiLaEz-uyJV-N_0SGzm_xPfc5e4yboIAparaRsx-rWu713uUUGnw0sfSJNYv8okP81tbLHuiW7n8kqKoBbOcYx-zlBK2ZuZhwsiQsnJnovmle30-sF_eMvZb7xpworF3V-qJ-t5JFS2KO4zF0\" target=\"_blank\" rel=\"noopener nofollow\" data-ft=\"{\" data-lynx-mode=\"origin\">bit.ly\/ACSChF<\/a> est r\u00e9ac\u00adtu\u00adal\u00adis\u00e9 et recense les Cock\u00aders Am\u00e9ri\u00adcains r\u00e9com\u00adpen\u00ads\u00e9s des <span class=\"caps\">CACS<\/span> et <span class=\"caps\">RCACS<\/span> des Nationales d'Elevage et des Cham\u00adpi\u00adonnats de France depuis 1991, et pointe ceux qui ont homo\u00adlogu\u00e9 leur titre de Cham\u00adpi\u00adon de France \u2014 deux pages recensent \u00e9gale\u00adment les titres <span class=\"text_exposed_show\">Jeunes et V\u00e9t\u00e9rans, et les Cham\u00adpi\u00adons des Expo\u00adsi\u00adtions Nationales.<br>Toute erreur \/ omis\u00adsion pour\u00adra \u00eatre rec\u00adti\u00adfi\u00e9e sur envoi des doc\u00adu\u00adments \u00e0 com@cockers.us<br>De plus en plus de liens inter\u00adac\u00adt\u00adifs pointent vers les p\u00e9di\u00adgr\u00e9es des chiens (760 sur 793 = 96% !) gr\u00e2ce notam\u00adment au tra\u00advail colos\u00adsal de <a class=\"profileLink\" role=\"button\" href=\"https:\/\/www.facebook.com\/kebecs.cockers?fref=gs&amp;__tn__=%2CdK-R-R&amp;eid=ARCZjT-9qdLeiduNyMCoI7tKN-mVjAnhW7B2R2aOwku09BVkoh5a4KTx39DckgVZ23F0EYfOngKVVOQ4&amp;dti=2053274221666583&amp;hc_location=group\" rel=\"dialog\" data-hovercard=\"\/ajax\/hovercard\/user.php?id=100002033102975&amp;extragetparams=%7B%22__tn__%22%3A%22%2CdK-R-R%22%2C%22eid%22%3A%22ARCZjT-9qdLeiduNyMCoI7tKN-mVjAnhW7B2R2aOwku09BVkoh5a4KTx39DckgVZ23F0EYfOngKVVOQ4%22%2C%22fref%22%3A%22gs%22%2C%22directed_target_id%22%3A2053274221666583%2C%22dti%22%3A2053274221666583%2C%22hc_location%22%3A%22group%22%7D\" data-hovercard-prefer-more-content-show=\"1\">Jean Delisle<\/a> que nous n\u00e9 sauri\u00adons remerci\u00ader assez ; nous seri\u00adons ravis d'en rajouter encore !<br>Vous pou\u00advez adress\u00ader des copies des p\u00e9di\u00adgr\u00e9es de vos chiens \u00e0 cette m\u00eame adresse.<br><\/span><\/span><\/p>\t\t\t\t\t<\/div>\n\t\t\t\t\t\t<\/div>\n\t\t\t\t<\/div>\n\t\t\t\t\t\t<\/div>\n\t\t\t\t\t<\/div>\n\t\t<\/div>\n\t\t\t\t\t\t\t\t<\/div>\n\t\t\t\t\t<\/div>\n\t\t<\/section>\n\t\t\t\t<section class=\"elementor-section elementor-top-section elementor-element elementor-element-575c126 elementor-section-boxed elementor-section-height-default elementor-section-height-default\" data-id=\"575c126\" data-element_type=\"section\">\n\t\t\t\t\t\t<div class=\"elementor-container elementor-column-gap-default\">\n\t\t\t\t\t\t\t<div class=\"elementor-row\">\n\t\t\t\t\t<div class=\"elementor-column elementor-col-100 elementor-top-column elementor-element elementor-element-75d6f0c\" data-id=\"75d6f0c\" data-element_type=\"column\">\n\t\t\t<div class=\"elementor-column-wrap elementor-element-populated\">\n\t\t\t\t\t\t\t<div class=\"elementor-widget-wrap\">\n\t\t\t\t\t\t<div class=\"elementor-element elementor-element-0176cf2 elementor-widget elementor-widget-image\" data-id=\"0176cf2\" data-element_type=\"widget\" data-widget_type=\"image.default\">\n\t\t\t\t<div class=\"elementor-widget-container\">\n\t\t\t\t\t\t\t\t<div class=\"elementor-image\">\n\t\t\t\t\t\t\t\t\t\t\t\t\t<a href=\"https:\/\/american-cocker-spaniel.fr\/wp-content\/uploads\/2022\/03\/Championnats-2022.pdf\" data-elementor-open-lightbox=\"no\">\n\t\t\t\t\t\t\t<img src=\"https:\/\/american-cocker-spaniel.fr\/wp-content\/uploads\/2022\/03\/Championnats-2022.pdf\" title alt>\t\t\t\t\t\t\t\t<\/a>\n\t\t\t\t\t\t\t\t\t\t\t\t\t\t<\/div>\n\t\t\t\t\t\t<\/div>\n\t\t\t\t<\/div>\n\t\t\t\t<div class=\"elementor-element elementor-element-1c46e1b elementor-widget elementor-widget-image\" data-id=\"1c46e1b\" data-element_type=\"widget\" data-widget_type=\"image.default\">\n\t\t\t\t<div class=\"elementor-widget-container\">\n\t\t\t\t\t\t\t\t<div class=\"elementor-image\">\n\t\t\t\t\t\t\t\t\t\t\t\t\t<a href=\"https:\/\/american-cocker-spaniel.fr\/wp-content\/uploads\/2019\/04\/ch-en.pdf\" data-elementor-open-lightbox=\"yes\" data-elementor-lightbox-title=\"ch en\">\n\t\t\t\t\t\t\t<img src=\"https:\/\/american-cocker-spaniel.fr\/wp-content\/uploads\/2019\/04\/ch-en.pdf\" title alt>\t\t\t\t\t\t\t\t<\/a>\n\t\t\t\t\t\t\t\t\t\t\t\t\t\t<\/div>\n\t\t\t\t\t\t<\/div>\n\t\t\t\t<\/div>\n\t\t\t\t<div class=\"elementor-element elementor-element-22cfaae elementor-widget elementor-widget-image\" data-id=\"22cfaae\" data-element_type=\"widget\" data-widget_type=\"image.default\">\n\t\t\t\t<div class=\"elementor-widget-container\">\n\t\t\t\t\t\t\t\t<div class=\"elementor-image\">\n\t\t\t\t\t\t\t\t\t\t\t\t\t<a href=\"https:\/\/american-cocker-spaniel.fr\/wp-content\/uploads\/2022\/03\/Championnats-jeunes-2022.pdf\" data-elementor-open-lightbox=\"yes\" data-elementor-lightbox-title=\"Championnats jeunes 2022\">\n\t\t\t\t\t\t\t<img src=\"https:\/\/american-cocker-spaniel.fr\/wp-content\/uploads\/2022\/03\/Championnats-jeunes-2022.pdf\" title alt>\t\t\t\t\t\t\t\t<\/a>\n\t\t\t\t\t\t\t\t\t\t\t\t\t\t<\/div>\n\t\t\t\t\t\t<\/div>\n\t\t\t\t<\/div>\n\t\t\t\t\t\t<\/div>\n\t\t\t\t\t<\/div>\n\t\t<\/div>\n\t\t\t\t\t\t\t\t<\/div>\n\t\t\t\t\t<\/div>\n\t\t<\/section>\n\t\t\t\t\t\t<\/div>\n\t\t\t\t\t\t<\/div>\n\t\t\t\t\t<\/div>","protected":false},"excerpt":{"rendered":"<p>Un titre de <span class=\"caps\">CHAMPION<\/span> de <span class=\"caps\">FRANCE<\/span>, \u00e7a s'homologue ! Bra\u00advo aux pro\u00adpri\u00e9\u00adtaires qui homo\u00adloguent les titres de cham\u00adpi\u00adons de leurs chiens !F\u00e9lic\u00adi\u00adta\u00adtions aux nou\u00adveaux lau\u00adr\u00e9ats !Le tableau disponible ici : bit.ly\/ACSChF est r\u00e9ac\u00adtu\u00adal\u00adis\u00e9 et recense les Cock\u00aders Am\u00e9ri\u00adcains r\u00e9com\u00adpen\u00ads\u00e9s des <span class=\"caps\">CACS<\/span> et <span class=\"caps\">RCACS<\/span> des Nationales d'Elevage et des Cham\u00adpi\u00adonnats de France depuis 1991, et pointe&nbsp;[\u2026]<\/p>","protected":false},"author":1,"featured_media":1619,"parent":0,"menu_order":0,"comment_status":"closed","ping_status":"closed","template":"elementor_header_footer","meta":{"wp_typography_post_enhancements_disabled":false},"_links":{"self":[{"href":"https:\/\/american-cocker-spaniel.fr\/en\/wp-json\/wp\/v2\/pages\/372"}],"collection":[{"href":"https:\/\/american-cocker-spaniel.fr\/en\/wp-json\/wp\/v2\/pages"}],"about":[{"href":"https:\/\/american-cocker-spaniel.fr\/en\/wp-json\/wp\/v2\/types\/page"}],"author":[{"embeddable":true,"href":"https:\/\/american-cocker-spaniel.fr\/en\/wp-json\/wp\/v2\/users\/1"}],"replies":[{"embeddable":true,"href":"https:\/\/american-cocker-spaniel.fr\/en\/wp-json\/wp\/v2\/comments?post=372"}],"version-history":[{"count":83,"href":"https:\/\/american-cocker-spaniel.fr\/en\/wp-json\/wp\/v2\/pages\/372\/revisions"}],"predecessor-version":[{"id":5234,"href":"https:\/\/american-cocker-spaniel.fr\/en\/wp-json\/wp\/v2\/pages\/372\/revisions\/5234"}],"wp:featuredmedia":[{"embeddable":true,"href":"https:\/\/american-cocker-spaniel.fr\/en\/wp-json\/wp\/v2\/media\/1619"}],"wp:attachment":[{"href":"https:\/\/american-cocker-spaniel.fr\/en\/wp-json\/wp\/v2\/media?parent=372"}],"curies":[{"name":"wp","href":"https:\/\/api.w.org\/{rel}","templated":true}]}}