{"id":369,"date":"2018-12-27T13:56:53","date_gmt":"2018-12-27T12:56:53","guid":{"rendered":"https:\/\/american-cocker-spaniel.fr\/?page_id=369"},"modified":"2019-04-08T18:55:54","modified_gmt":"2019-04-08T16:55:54","slug":"homologation","status":"publish","type":"page","link":"https:\/\/american-cocker-spaniel.fr\/en\/homologation","title":{"rendered":"Homolo\u00adga\u00adtion"},"content":{"rendered":"<div data-elementor-type=\"wp-post\" data-elementor-id=\"369\" class=\"elementor elementor-369\" data-elementor-settings=\"[]\">\n\t\t\t\t\t\t<div class=\"elementor-inner\">\n\t\t\t\t\t\t\t<div class=\"elementor-section-wrap\">\n\t\t\t\t\t\t\t<section class=\"elementor-section elementor-top-section elementor-element elementor-element-2276704 elementor-section-boxed elementor-section-height-default elementor-section-height-default\" data-id=\"2276704\" data-element_type=\"section\">\n\t\t\t\t\t\t<div class=\"elementor-container elementor-column-gap-default\">\n\t\t\t\t\t\t\t<div class=\"elementor-row\">\n\t\t\t\t\t<div class=\"elementor-column elementor-col-100 elementor-top-column elementor-element elementor-element-1f5e839a\" data-id=\"1f5e839a\" data-element_type=\"column\">\n\t\t\t<div class=\"elementor-column-wrap elementor-element-populated\">\n\t\t\t\t\t\t\t<div class=\"elementor-widget-wrap\">\n\t\t\t\t\t\t<div class=\"elementor-element elementor-element-664580e6 elementor-widget elementor-widget-text-editor\" data-id=\"664580e6\" data-element_type=\"widget\" data-widget_type=\"text-editor.default\">\n\t\t\t\t<div class=\"elementor-widget-container\">\n\t\t\t\t\t\t\t\t<div class=\"elementor-text-editor elementor-clearfix\">\n\t\t\t\t\t<p><!-- wp:paragraph --><\/p>\n<h2 style=\"text-align: center;\">Homologation des titres de Champions<\/h2>\n<p><!-- \/wp:paragraph --><\/p>\t\t\t\t\t<\/div>\n\t\t\t\t\t\t<\/div>\n\t\t\t\t<\/div>\n\t\t\t\t\t\t<\/div>\n\t\t\t\t\t<\/div>\n\t\t<\/div>\n\t\t\t\t\t\t\t\t<\/div>\n\t\t\t\t\t<\/div>\n\t\t<\/section>\n\t\t\t\t<section class=\"elementor-section elementor-top-section elementor-element elementor-element-99076da elementor-section-boxed elementor-section-height-default elementor-section-height-default\" data-id=\"99076da\" data-element_type=\"section\">\n\t\t\t\t\t\t<div class=\"elementor-container elementor-column-gap-default\">\n\t\t\t\t\t\t\t<div class=\"elementor-row\">\n\t\t\t\t\t<div class=\"elementor-column elementor-col-100 elementor-top-column elementor-element elementor-element-7c36c6b\" data-id=\"7c36c6b\" data-element_type=\"column\">\n\t\t\t<div class=\"elementor-column-wrap elementor-element-populated\">\n\t\t\t\t\t\t\t<div class=\"elementor-widget-wrap\">\n\t\t\t\t\t\t<div class=\"elementor-element elementor-element-8fe597c elementor-widget elementor-widget-image\" data-id=\"8fe597c\" data-element_type=\"widget\" data-widget_type=\"image.default\">\n\t\t\t\t<div class=\"elementor-widget-container\">\n\t\t\t\t\t\t\t\t<div class=\"elementor-image\">\n\t\t\t\t\t\t\t\t\t\t\t\t<img width=\"150\" height=\"150\" src=\"https:\/\/american-cocker-spaniel.fr\/wp-content\/uploads\/2019\/01\/Capture-d\u2019\u00e9cran-2019-01-06-\u00e0-16.09.16-150x150.png\" class=\"attachment-thumbnail size-thumbnail\" alt=\"Logo SCC\" loading=\"lazy\">\t\t\t\t\t\t\t\t\t\t\t\t\t\t<\/div>\n\t\t\t\t\t\t<\/div>\n\t\t\t\t<\/div>\n\t\t\t\t\t\t<\/div>\n\t\t\t\t\t<\/div>\n\t\t<\/div>\n\t\t\t\t\t\t\t\t<\/div>\n\t\t\t\t\t<\/div>\n\t\t<\/section>\n\t\t\t\t<section class=\"elementor-section elementor-top-section elementor-element elementor-element-5c58247 elementor-section-boxed elementor-section-height-default elementor-section-height-default\" data-id=\"5c58247\" data-element_type=\"section\">\n\t\t\t\t\t\t<div class=\"elementor-container elementor-column-gap-default\">\n\t\t\t\t\t\t\t<div class=\"elementor-row\">\n\t\t\t\t\t<div class=\"elementor-column elementor-col-100 elementor-top-column elementor-element elementor-element-3ab3d4b\" data-id=\"3ab3d4b\" data-element_type=\"column\">\n\t\t\t<div class=\"elementor-column-wrap elementor-element-populated\">\n\t\t\t\t\t\t\t<div class=\"elementor-widget-wrap\">\n\t\t\t\t\t\t<div class=\"elementor-element elementor-element-a3923c1 elementor-widget elementor-widget-image\" data-id=\"a3923c1\" data-element_type=\"widget\" data-widget_type=\"image.default\">\n\t\t\t\t<div class=\"elementor-widget-container\">\n\t\t\t\t\t\t\t\t<div class=\"elementor-image\">\n\t\t\t\t\t\t\t\t\t\t\t\t\t<a href=\"https:\/\/american-cocker-spaniel.fr\/wp-content\/uploads\/2019\/01\/Conditions-dhomologation-des-titres-de-champions-Cockers-Am\u00e9ricains-2018.png\" data-elementor-open-lightbox=\"yes\" data-elementor-lightbox-title=\"Conditions d'homologation des titres de champions Cockers Am\u00e9ricains 2018\" data-elementor-lightbox-description=\"Cocker am\u00e9ricain Homologation titres champions\">\n\t\t\t\t\t\t\t<img src=\"https:\/\/american-cocker-spaniel.fr\/wp-content\/uploads\/elementor\/thumbs\/Conditions-dhomologation-des-titres-de-champions-Cockers-Am\u00e9ricains-2018-o2q8sgd86roasnymutegobedozz2a37o4sgead0mb2.png\" title=\"Conditions d'homologation des titres de champions Cockers Am\u00e9ricains 2018\" alt=\"Conditions d'homologation des titres de champions Cockers Am\u00e9ricains 2018\">\t\t\t\t\t\t\t\t<\/a>\n\t\t\t\t\t\t\t\t\t\t\t\t\t\t<\/div>\n\t\t\t\t\t\t<\/div>\n\t\t\t\t<\/div>\n\t\t\t\t<div class=\"elementor-element elementor-element-2156d14 elementor-widget elementor-widget-spacer\" data-id=\"2156d14\" data-element_type=\"widget\" data-widget_type=\"spacer.default\">\n\t\t\t\t<div class=\"elementor-widget-container\">\n\t\t\t\t\t<div class=\"elementor-spacer\">\n\t\t\t<div class=\"elementor-spacer-inner\"><\/div>\n\t\t<\/div>\n\t\t\t\t<\/div>\n\t\t\t\t<\/div>\n\t\t\t\t\t\t<\/div>\n\t\t\t\t\t<\/div>\n\t\t<\/div>\n\t\t\t\t\t\t\t\t<\/div>\n\t\t\t\t\t<\/div>\n\t\t<\/section>\n\t\t\t\t<section class=\"elementor-section elementor-top-section elementor-element elementor-element-f1f9c03 elementor-section-boxed elementor-section-height-default elementor-section-height-default\" data-id=\"f1f9c03\" data-element_type=\"section\">\n\t\t\t\t\t\t<div class=\"elementor-container elementor-column-gap-default\">\n\t\t\t\t\t\t\t<div class=\"elementor-row\">\n\t\t\t\t\t<div class=\"elementor-column elementor-col-100 elementor-top-column elementor-element elementor-element-a773d19\" data-id=\"a773d19\" data-element_type=\"column\">\n\t\t\t<div class=\"elementor-column-wrap elementor-element-populated\">\n\t\t\t\t\t\t\t<div class=\"elementor-widget-wrap\">\n\t\t\t\t\t\t<div class=\"elementor-element elementor-element-e77df12 elementor-widget elementor-widget-image\" data-id=\"e77df12\" data-element_type=\"widget\" data-widget_type=\"image.default\">\n\t\t\t\t<div class=\"elementor-widget-container\">\n\t\t\t\t\t\t\t\t<div class=\"elementor-image\">\n\t\t\t\t\t\t\t\t\t\t\t\t\t<a href=\"https:\/\/american-cocker-spaniel.fr\/wp-content\/uploads\/2019\/01\/Conditions-dhomologation-des-titres-de-champions-jeunes-et-v\u00e9t\u00e9rans-Cockers-Am\u00e9ricains-2018.png\" data-elementor-open-lightbox=\"yes\" data-elementor-lightbox-title=\"Conditions d'homologation des titres de champions jeunes et v\u00e9t\u00e9rans Cockers Am\u00e9ricains 2018\" data-elementor-lightbox-description=\"Cocker am\u00e9ricain Homologation titres champions jeune v\u00e9t\u00e9ran\">\n\t\t\t\t\t\t\t<img src=\"https:\/\/american-cocker-spaniel.fr\/wp-content\/uploads\/elementor\/thumbs\/Conditions-dhomologation-des-titres-de-champions-jeunes-et-v\u00e9t\u00e9rans-Cockers-Am\u00e9ricains-2018-o2q8jxxuas0tnsbqk4y33gq41dxekrf6ans3u5mxkm.png\" title=\"Conditions d'homologation des titres de champions jeunes et v\u00e9t\u00e9rans Cockers Am\u00e9ricains 2018\" alt=\"Conditions d'homologation des titres de champions jeunes et v\u00e9t\u00e9rans Cockers Am\u00e9ricains 2018\">\t\t\t\t\t\t\t\t<\/a>\n\t\t\t\t\t\t\t\t\t\t\t\t\t\t<\/div>\n\t\t\t\t\t\t<\/div>\n\t\t\t\t<\/div>\n\t\t\t\t\t\t<\/div>\n\t\t\t\t\t<\/div>\n\t\t<\/div>\n\t\t\t\t\t\t\t\t<\/div>\n\t\t\t\t\t<\/div>\n\t\t<\/section>\n\t\t\t\t<section class=\"elementor-section elementor-top-section elementor-element elementor-element-f1e90dd elementor-section-boxed elementor-section-height-default elementor-section-height-default\" data-id=\"f1e90dd\" data-element_type=\"section\">\n\t\t\t\t\t\t<div class=\"elementor-container elementor-column-gap-default\">\n\t\t\t\t\t\t\t<div class=\"elementor-row\">\n\t\t\t\t\t<div class=\"elementor-column elementor-col-100 elementor-top-column elementor-element elementor-element-6dda153\" data-id=\"6dda153\" data-element_type=\"column\">\n\t\t\t<div class=\"elementor-column-wrap elementor-element-populated\">\n\t\t\t\t\t\t\t<div class=\"elementor-widget-wrap\">\n\t\t\t\t\t\t<div class=\"elementor-element elementor-element-255982c elementor-widget elementor-widget-heading\" data-id=\"255982c\" data-element_type=\"widget\" data-widget_type=\"heading.default\">\n\t\t\t\t<div class=\"elementor-widget-container\">\n\t\t\t<h2 class=\"elementor-heading-title elementor-size-default\">Identification g\u00e9n\u00e9tique<\/h2>\t\t<\/div>\n\t\t\t\t<\/div>\n\t\t\t\t\t\t<\/div>\n\t\t\t\t\t<\/div>\n\t\t<\/div>\n\t\t\t\t\t\t\t\t<\/div>\n\t\t\t\t\t<\/div>\n\t\t<\/section>\n\t\t\t\t<section class=\"elementor-section elementor-top-section elementor-element elementor-element-53755d4 elementor-section-boxed elementor-section-height-default elementor-section-height-default\" data-id=\"53755d4\" data-element_type=\"section\">\n\t\t\t\t\t\t<div class=\"elementor-container elementor-column-gap-default\">\n\t\t\t\t\t\t\t<div class=\"elementor-row\">\n\t\t\t\t\t<div class=\"elementor-column elementor-col-100 elementor-top-column elementor-element elementor-element-052dafd\" data-id=\"052dafd\" data-element_type=\"column\">\n\t\t\t<div class=\"elementor-column-wrap elementor-element-populated\">\n\t\t\t\t\t\t\t<div class=\"elementor-widget-wrap\">\n\t\t\t\t\t\t<div class=\"elementor-element elementor-element-cd753e3 elementor-widget elementor-widget-text-editor\" data-id=\"cd753e3\" data-element_type=\"widget\" data-widget_type=\"text-editor.default\">\n\t\t\t\t<div class=\"elementor-widget-container\">\n\t\t\t\t\t\t\t\t<div class=\"elementor-text-editor elementor-clearfix\">\n\t\t\t\t\t<h4 class=\"title-h2 ng-binding ng-scope\" style=\"text-align: justify;\"><span class=\"caps\">CONDITIONS<\/span> <span class=\"caps\">DE<\/span> <span class=\"caps\">R\u00c9ALISATION<\/span> <span class=\"caps\">DES<\/span> <span class=\"caps\">ANALYSES<\/span><\/h4>\n<div class=\"text-content wysiwyg-block ng-binding ng-scope\">\n<p style=\"text-align: justify;\"><strong>L\u2019identification g\u00e9n\u00e9\u00adtique d\u2019un chien con\u00adsiste \u00e0 \u00e9tablir son empreinte g\u00e9n\u00e9\u00adtique moyen\u00adnant l\u2019utilisation d\u2019un pan\u00adel de 22 mar\u00adqueurs g\u00e9n\u00e9\u00adtiques d\u00e9fi\u00adni par l\u2019<span class=\"caps\">ISAG<\/span> (Inter\u00adna\u00adtion\u00adal Soci\u00adety for Ani\u00admal Genet\u00adics) et valid\u00e9 en ao\u00fbt 2006.Les r\u00e9sul\u00adtats des analy\u00adses <span class=\"caps\">ADN<\/span> tels qu\u2019ils fig\u00adurent sur les cer\u00adti\u00adfi\u00adcats adress\u00e9s aux pro\u00adpri\u00e9\u00adtaires sont obtenus en respec\u00adtant une proc\u00e9\u00addure rigoureuse assur\u00adant la tra\u00e7a\u00adbil\u00adit\u00e9 des \u00e9chan\u00adtil\u00adlons, sur laque\u00adlle il con\u00advient, pour \u00e9viter tout malen\u00adten\u00addu, d\u2019apporter les pr\u00e9\u00adci\u00adsions suivantes&nbsp;:&nbsp;<\/strong><\/p>\n<p style=\"text-align: justify;\">Pour garan\u00adtir la con\u00adfi\u00adden\u00adtial\u00adit\u00e9 des \u00e9changes et la fia\u00adbil\u00adit\u00e9 des analy\u00adses,&nbsp;les pr\u00e9l\u00e8ve\u00adments de cel\u00adlules buccales&nbsp;:<\/p>\n<ul style=\"margin-top: -20px; text-align: justify;\">\n<li style=\"list-style-type: none;\">\n<ul style=\"margin-top: -20px;\">\n<li style=\"list-style-type: none;\">\n<ul style=\"margin-top: -20px;\">\n<li>sont effec\u00adtu\u00e9s par un v\u00e9t\u00e9ri\u00adnaire qui cer\u00adti\u00adfie avoir v\u00e9ri\u00adfi\u00e9 l\u2019identifiant du&nbsp;chien,<\/li>\n<li>sont ren\u00addus anonymes par la <span class=\"caps\">SCC<\/span> avant envoi pour analyse \u00e0 l\u2019un des lab\u00ado\u00adra\u00adtoires avec lequel elle a sign\u00e9 un con\u00adtrat. Le trans\u00adfert \u00e9lec\u00adtron\u00adique des r\u00e9sul\u00adtats vaut sig\u00adna\u00adture par le laboratoire.&nbsp;<\/li>\n<\/ul>\n<\/li>\n<\/ul>\n<\/li>\n<\/ul>\n<p style=\"text-align: justify;\">Pour infor\u00adma\u00adtion, les lab\u00ado\u00adra\u00adtoires sig\u00adnataires d\u2019un con\u00adtrat avec la&nbsp;<span class=\"caps\">SCC<\/span>&nbsp;:<\/p>\n<ul style=\"margin-top: -20px; text-align: justify;\">\n<li style=\"list-style-type: none;\">\n<ul style=\"margin-top: -20px;\">\n<li style=\"list-style-type: none;\">\n<ul style=\"margin-top: -20px;\">\n<li>ont \u00e9t\u00e9 s\u00e9lec\u00adtion\u00adn\u00e9s lors d\u2019une con\u00adsul\u00adta\u00adtion libre pub\u00adli\u00e9e au <span class=\"caps\">JOUE<\/span> \/ <span class=\"caps\">S151<\/span> sous le n\u00b0263076\u2013<span class=\"caps\">2013-FR<\/span>,<\/li>\n<li>et dis\u00adposent tous d\u2019une notori\u00e9t\u00e9 acquise tant en France qu\u2019\u00e0 l\u2019\u00e9tranger.<\/li>\n<\/ul>\n<\/li>\n<\/ul>\n<\/li>\n<\/ul>\n<p style=\"text-align: justify;\"><br><strong><a title=\" Attestation v\u00e9t\u00e9rinaire\" href=\"https:\/\/www.centrale-canine.fr\/sites\/default\/files\/inline-files\/Attestation%20veterinaire.pdf\" target=\"_blank\" rel=\"noopener\">Attes\u00adta\u00adtion v\u00e9t\u00e9ri\u00adnaire<\/a>&nbsp;<br><\/strong>Vous pou\u00advez :<\/p>\n<ul style=\"margin-top: -20px; text-align: justify;\">\n<li style=\"list-style-type: none;\">\n<ul style=\"margin-top: -20px;\">\n<li style=\"list-style-type: none;\">\n<ul style=\"margin-top: -20px;\">\n<li>soit imprimer le for\u00admu\u00adlaire cor\u00adre\u00adspon\u00addant \u00e0 votre demande puis le rem\u00adplir \u00e0 la&nbsp;main<\/li>\n<li>soit saisir les infor\u00adma\u00adtions dans les champs pr\u00e9vus \u00e0 cet effet puis imprimer le doc\u00adu\u00adment une fois compl\u00e9t\u00e9<\/li>\n<\/ul>\n<\/li>\n<\/ul>\n<\/li>\n<\/ul>\n<p style=\"text-align: justify;\"><a title=\"Bon de Commande Tests G\u00e9n\u00e9tiques - Identification - Filiation - Sant\u00e9 - Confort\" href=\"https:\/\/www.centrale-canine.fr\/sites\/default\/files\/inline-files\/ADN_TESTS_PREDICTIFS_BON_DE_COMMANDE_COMPLET_v2-iso_0.pdf\" target=\"_blank\" rel=\"noopener\"><strong>B\u00f6n de Com\u00admande Tests G\u00e9n\u00e9\u00adtiques \u2014&nbsp;Iden\u00adti\u00adfi\u00adca\u00adtion \u2014 Fil\u00adi\u00ada\u00adtion \u2014 San\u00adt\u00e9 \u2014 Confort<\/strong><\/a><\/p>\n<\/div>\t\t\t\t\t<\/div>\n\t\t\t\t\t\t<\/div>\n\t\t\t\t<\/div>\n\t\t\t\t\t\t<\/div>\n\t\t\t\t\t<\/div>\n\t\t<\/div>\n\t\t\t\t\t\t\t\t<\/div>\n\t\t\t\t\t<\/div>\n\t\t<\/section>\n\t\t\t\t\t\t<\/div>\n\t\t\t\t\t\t<\/div>\n\t\t\t\t\t<\/div>","protected":false},"excerpt":{"rendered":"<p>Homolo\u00adga\u00adtion des titres de Cham\u00adpi\u00adons Iden\u00adti\u00adfi\u00adca\u00adtion g\u00e9n\u00e9\u00adtique <span class=\"caps\">CONDITIONS<\/span> <span class=\"caps\">DE<\/span> <span class=\"caps\">R\u00c9ALISATION<\/span> <span class=\"caps\">DES<\/span> <span class=\"caps\">ANALYSES<\/span> L\u2019identification g\u00e9n\u00e9\u00adtique d\u2019un chien con\u00adsiste \u00e0 \u00e9tablir son empreinte g\u00e9n\u00e9\u00adtique moyen\u00adnant l\u2019utilisation d\u2019un pan\u00adel de 22 mar\u00adqueurs g\u00e9n\u00e9\u00adtiques d\u00e9fi\u00adni par l\u2019<span class=\"caps\">ISAG<\/span> (Inter\u00adna\u00adtion\u00adal Soci\u00adety for Ani\u00admal Genet\u00adics) et valid\u00e9 en ao\u00fbt 2006.Les r\u00e9sul\u00adtats des analy\u00adses <span class=\"caps\">ADN<\/span> tels qu\u2019ils fig\u00adurent sur les cer\u00adti\u00adfi\u00adcats adress\u00e9s aux&nbsp;[\u2026]<\/p>","protected":false},"author":1,"featured_media":1611,"parent":0,"menu_order":0,"comment_status":"closed","ping_status":"closed","template":"elementor_header_footer","meta":{"wp_typography_post_enhancements_disabled":false},"_links":{"self":[{"href":"https:\/\/american-cocker-spaniel.fr\/en\/wp-json\/wp\/v2\/pages\/369"}],"collection":[{"href":"https:\/\/american-cocker-spaniel.fr\/en\/wp-json\/wp\/v2\/pages"}],"about":[{"href":"https:\/\/american-cocker-spaniel.fr\/en\/wp-json\/wp\/v2\/types\/page"}],"author":[{"embeddable":true,"href":"https:\/\/american-cocker-spaniel.fr\/en\/wp-json\/wp\/v2\/users\/1"}],"replies":[{"embeddable":true,"href":"https:\/\/american-cocker-spaniel.fr\/en\/wp-json\/wp\/v2\/comments?post=369"}],"version-history":[{"count":50,"href":"https:\/\/american-cocker-spaniel.fr\/en\/wp-json\/wp\/v2\/pages\/369\/revisions"}],"predecessor-version":[{"id":4755,"href":"https:\/\/american-cocker-spaniel.fr\/en\/wp-json\/wp\/v2\/pages\/369\/revisions\/4755"}],"wp:featuredmedia":[{"embeddable":true,"href":"https:\/\/american-cocker-spaniel.fr\/en\/wp-json\/wp\/v2\/media\/1611"}],"wp:attachment":[{"href":"https:\/\/american-cocker-spaniel.fr\/en\/wp-json\/wp\/v2\/media?parent=369"}],"curies":[{"name":"wp","href":"https:\/\/api.w.org\/{rel}","templated":true}]}}