{"id":355,"date":"2018-12-27T13:48:58","date_gmt":"2018-12-27T12:48:58","guid":{"rendered":"https:\/\/american-cocker-spaniel.fr\/?page_id=355"},"modified":"2019-03-23T21:26:18","modified_gmt":"2019-03-23T20:26:18","slug":"expo-tan-test-aptitudes-naturelles","status":"publish","type":"page","link":"https:\/\/american-cocker-spaniel.fr\/en\/expo-tan-test-aptitudes-naturelles","title":{"rendered":"French <span class=\"caps\">TAN<\/span>"},"content":{"rendered":"<div data-elementor-type=\"wp-post\" data-elementor-id=\"355\" class=\"elementor elementor-355\" data-elementor-settings=\"[]\">\n\t\t\t\t\t\t<div class=\"elementor-inner\">\n\t\t\t\t\t\t\t<div class=\"elementor-section-wrap\">\n\t\t\t\t\t\t\t<section class=\"elementor-section elementor-top-section elementor-element elementor-element-09c2902 elementor-section-boxed elementor-section-height-default elementor-section-height-default\" data-id=\"09c2902\" data-element_type=\"section\">\n\t\t\t\t\t\t<div class=\"elementor-container elementor-column-gap-default\">\n\t\t\t\t\t\t\t<div class=\"elementor-row\">\n\t\t\t\t\t<div class=\"elementor-column elementor-col-100 elementor-top-column elementor-element elementor-element-89891e1\" data-id=\"89891e1\" data-element_type=\"column\">\n\t\t\t<div class=\"elementor-column-wrap elementor-element-populated\">\n\t\t\t\t\t\t\t<div class=\"elementor-widget-wrap\">\n\t\t\t\t\t\t<div class=\"elementor-element elementor-element-28eedb6 elementor-widget elementor-widget-heading\" data-id=\"28eedb6\" data-element_type=\"widget\" data-widget_type=\"heading.default\">\n\t\t\t\t<div class=\"elementor-widget-container\">\n\t\t\t<h2 class=\"elementor-heading-title elementor-size-default\">Test d'Aptitudes Naturelles<\/h2>\t\t<\/div>\n\t\t\t\t<\/div>\n\t\t\t\t<div class=\"elementor-element elementor-element-552b50f elementor-widget elementor-widget-image\" data-id=\"552b50f\" data-element_type=\"widget\" data-widget_type=\"image.default\">\n\t\t\t\t<div class=\"elementor-widget-container\">\n\t\t\t\t\t\t\t\t<div class=\"elementor-image\">\n\t\t\t\t\t\t\t\t\t\t\t\t<img width=\"300\" height=\"199\" src=\"https:\/\/american-cocker-spaniel.fr\/wp-content\/uploads\/2019\/02\/IMG_0032-300x199.jpg\" class=\"attachment-medium size-medium\" alt loading=\"lazy\" srcset=\"https:\/\/american-cocker-spaniel.fr\/wp-content\/uploads\/2019\/02\/IMG_0032-300x199.jpg 300w, https:\/\/american-cocker-spaniel.fr\/wp-content\/uploads\/2019\/02\/IMG_0032-768x509.jpg 768w, https:\/\/american-cocker-spaniel.fr\/wp-content\/uploads\/2019\/02\/IMG_0032.jpg 966w\" sizes=\"(max-width: 300px) 100vw, 300px\">\t\t\t\t\t\t\t\t\t\t\t\t\t\t<\/div>\n\t\t\t\t\t\t<\/div>\n\t\t\t\t<\/div>\n\t\t\t\t\t\t<\/div>\n\t\t\t\t\t<\/div>\n\t\t<\/div>\n\t\t\t\t\t\t\t\t<\/div>\n\t\t\t\t\t<\/div>\n\t\t<\/section>\n\t\t\t\t<section class=\"elementor-section elementor-top-section elementor-element elementor-element-354a5ed elementor-section-boxed elementor-section-height-default elementor-section-height-default\" data-id=\"354a5ed\" data-element_type=\"section\">\n\t\t\t\t\t\t<div class=\"elementor-container elementor-column-gap-default\">\n\t\t\t\t\t\t\t<div class=\"elementor-row\">\n\t\t\t\t\t<div class=\"elementor-column elementor-col-100 elementor-top-column elementor-element elementor-element-dc75638\" data-id=\"dc75638\" data-element_type=\"column\">\n\t\t\t<div class=\"elementor-column-wrap elementor-element-populated\">\n\t\t\t\t\t\t\t<div class=\"elementor-widget-wrap\">\n\t\t\t\t\t\t<div class=\"elementor-element elementor-element-156f853 elementor-widget elementor-widget-text-editor\" data-id=\"156f853\" data-element_type=\"widget\" data-widget_type=\"text-editor.default\">\n\t\t\t\t<div class=\"elementor-widget-container\">\n\t\t\t\t\t\t\t\t<div class=\"elementor-text-editor elementor-clearfix\">\n\t\t\t\t\t<h3><strong>Bar\u00e8me de notation du Cocker Am\u00e9ricain&nbsp;:<\/strong><\/h3><ol><li><strong>Allure g\u00e9n\u00e9rale<\/strong> (ga\u00eet\u00e9, entrain) sur <span style=\"color: #3366ff;\"><strong>5 points<\/strong><\/span><br>Le chien en lib\u00adert\u00e9 doit courir, \u00eatre gai et curieux.<\/li><li><strong>Con\u00adtact avec son ma\u00eetre&nbsp;<\/strong>sur <span style=\"color: #3366ff;\"><strong>3 points<\/strong><\/span><br>Le chien doit ob\u00e9ir et avoir du rappel.<\/li><li><strong>Atti\u00adtude au&nbsp;coup de feu&nbsp;<\/strong>sur <span style=\"color: #3366ff;\"><strong>3&nbsp;points<\/strong><\/span><br><span style=\"color: #ff0000;\">La peur du coup de feu est \u00e9liminatoire.<\/span><\/li><li><b>Recher\u00adch\u00e9 du&nbsp;gibier<\/b>, <strong>r\u00e9ac\u00adtions et qual\u00adit\u00e9s de nez<\/strong> sur <span style=\"color: #3366ff;\"><strong>4&nbsp;points<\/strong><\/span><br>Qual\u00adit\u00e9s de nez du chien en pr\u00e9sence d'une piste, et son opini\u00e2tret\u00e9 \u00e0 trou\u00adver ou faire lever le gibier.<\/li><li><b>Pr\u00e9dis\u00adpo\u00adsi\u00adtion au&nbsp;rap\u00adport<\/b>&nbsp;sur <span style=\"color: #3366ff;\"><strong>4&nbsp;points<\/strong><\/span><br>Le refus de rap\u00adport n'est pas \u00e9liminatoire.<\/li><li><strong>Com\u00adporte\u00adment avec le juge&nbsp;<\/strong>sur <span style=\"color: #3366ff;\"><strong>8&nbsp;points<\/strong><\/span><br>Le chien en laisse doit \u00eatre gai, se laiss\u00ader exam\u00adin\u00ader et touch\u00ader sans r\u00e9ac\u00adtion n\u00e9ga\u00adtive.<br><span style=\"color: #ff0000;\">L'agressivit\u00e9 est \u00e9liminatoire.<\/span><\/li><li><b>Impres\u00adsion d'ensemble&nbsp;<\/b>sur<strong><strong><strong>&nbsp;<span style=\"color: #3366ff;\">3 points<\/span><\/strong><\/strong><\/strong><p>Total sur <span style=\"color: #3366ff;\"><strong>30 points<\/strong><\/span><\/p><\/li><\/ol><ol><li style=\"list-style-type: none;\"><h3><strong><span style=\"color: #993366;\">Le <span class=\"caps\">TAN<\/span> est positif \u00e0 16 points.<\/span><\/strong><\/h3><\/li><\/ol>\t\t\t\t\t<\/div>\n\t\t\t\t\t\t<\/div>\n\t\t\t\t<\/div>\n\t\t\t\t\t\t<\/div>\n\t\t\t\t\t<\/div>\n\t\t<\/div>\n\t\t\t\t\t\t\t\t<\/div>\n\t\t\t\t\t<\/div>\n\t\t<\/section>\n\t\t\t\t\t\t<\/div>\n\t\t\t\t\t\t<\/div>\n\t\t\t\t\t<\/div>","protected":false},"excerpt":{"rendered":"<p>Test d'Aptitudes Naturelles &lt;img width=\"300\" height=\"199\" src=\"https:\/\/american-cocker-spaniel.fr\/wp-content\/uploads\/2019\/02\/IMG_0032-300x199.jpg\" alt=\"\" srcset=\"https:\/\/american-cocker-spaniel.fr\/wp-content\/uploads\/2019\/02\/IMG_0032-300x199.jpg 300w, https:\/\/american-cocker-spaniel.fr\/wp-content\/uploads\/2019\/02\/IMG_0032-768x509.jpg 768w, https:\/\/american-cocker-spaniel.fr\/wp-content\/uploads\/2019\/02\/<span class=\"caps\">IMG_0032<\/span>.jpg 966w\" sizes=\"(max-width: 300px) 100vw, 300px\" \/&gt; &lt;h3&gt;&lt;strong&gt;Bar\u00e8me de nota\u00adtion du Cock\u00ader Am\u00e9ri\u00adcain :&lt;\/strong&gt;&lt;\/h3&gt;&lt;ol&gt;&lt;li&gt;&lt;strong&gt;Allure g\u00e9n\u00e9rale&lt;\/strong&gt; (ga\u00eet\u00e9, entrain) sur &lt;strong&gt;5 points&lt;\/strong&gt;&lt;br \/&gt;Le chien en lib\u00adert\u00e9 doit courir, \u00eatre gai et curieux.&lt;\/li&gt;&lt;li&gt;&lt;strong&gt;Contact avec son ma\u00eetre&nbsp;&lt;\/strong&gt;sur &lt;strong&gt;3 points&lt;\/strong&gt;&lt;br \/&gt;Le chien doit ob\u00e9ir et avoir du rappel.&lt;\/li&gt;&lt;li&gt;&lt;strong&gt;Attitude [\u2026]<\/p>","protected":false},"author":1,"featured_media":2920,"parent":0,"menu_order":0,"comment_status":"closed","ping_status":"closed","template":"elementor_header_footer","meta":{"wp_typography_post_enhancements_disabled":false},"_links":{"self":[{"href":"https:\/\/american-cocker-spaniel.fr\/en\/wp-json\/wp\/v2\/pages\/355"}],"collection":[{"href":"https:\/\/american-cocker-spaniel.fr\/en\/wp-json\/wp\/v2\/pages"}],"about":[{"href":"https:\/\/american-cocker-spaniel.fr\/en\/wp-json\/wp\/v2\/types\/page"}],"author":[{"embeddable":true,"href":"https:\/\/american-cocker-spaniel.fr\/en\/wp-json\/wp\/v2\/users\/1"}],"replies":[{"embeddable":true,"href":"https:\/\/american-cocker-spaniel.fr\/en\/wp-json\/wp\/v2\/comments?post=355"}],"version-history":[{"count":17,"href":"https:\/\/american-cocker-spaniel.fr\/en\/wp-json\/wp\/v2\/pages\/355\/revisions"}],"predecessor-version":[{"id":4454,"href":"https:\/\/american-cocker-spaniel.fr\/en\/wp-json\/wp\/v2\/pages\/355\/revisions\/4454"}],"wp:featuredmedia":[{"embeddable":true,"href":"https:\/\/american-cocker-spaniel.fr\/en\/wp-json\/wp\/v2\/media\/2920"}],"wp:attachment":[{"href":"https:\/\/american-cocker-spaniel.fr\/en\/wp-json\/wp\/v2\/media?parent=355"}],"curies":[{"name":"wp","href":"https:\/\/api.w.org\/{rel}","templated":true}]}}