{"id":3527,"date":"2019-03-14T14:16:24","date_gmt":"2019-03-14T13:16:24","guid":{"rendered":"https:\/\/american-cocker-spaniel.fr\/?page_id=3527"},"modified":"2019-05-12T18:18:09","modified_gmt":"2019-05-12T16:18:09","slug":"sante-epilepsie","status":"publish","type":"page","link":"https:\/\/american-cocker-spaniel.fr\/en\/sante-epilepsie","title":{"rendered":"Epilep\u00adsy"},"content":{"rendered":"<div data-elementor-type=\"wp-post\" data-elementor-id=\"3527\" class=\"elementor elementor-3527\" data-elementor-settings=\"[]\">\n\t\t\t\t\t\t<div class=\"elementor-inner\">\n\t\t\t\t\t\t\t<div class=\"elementor-section-wrap\">\n\t\t\t\t\t\t\t<section class=\"elementor-section elementor-top-section elementor-element elementor-element-0503899 elementor-section-boxed elementor-section-height-default elementor-section-height-default\" data-id=\"0503899\" data-element_type=\"section\">\n\t\t\t\t\t\t<div class=\"elementor-container elementor-column-gap-default\">\n\t\t\t\t\t\t\t<div class=\"elementor-row\">\n\t\t\t\t\t<div class=\"elementor-column elementor-col-100 elementor-top-column elementor-element elementor-element-6a8b2fe\" data-id=\"6a8b2fe\" data-element_type=\"column\">\n\t\t\t<div class=\"elementor-column-wrap elementor-element-populated\">\n\t\t\t\t\t\t\t<div class=\"elementor-widget-wrap\">\n\t\t\t\t\t\t<div class=\"elementor-element elementor-element-22c7a44 elementor-widget elementor-widget-heading\" data-id=\"22c7a44\" data-element_type=\"widget\" data-widget_type=\"heading.default\">\n\t\t\t\t<div class=\"elementor-widget-container\">\n\t\t\t<h2 class=\"elementor-heading-title elementor-size-default\">L'\u00e9pilepsie chez le Cocker Am\u00e9ricain&nbsp;<\/h2>\t\t<\/div>\n\t\t\t\t<\/div>\n\t\t\t\t\t\t<\/div>\n\t\t\t\t\t<\/div>\n\t\t<\/div>\n\t\t\t\t\t\t\t\t<\/div>\n\t\t\t\t\t<\/div>\n\t\t<\/section>\n\t\t\t\t<section class=\"elementor-section elementor-top-section elementor-element elementor-element-b037861 elementor-section-boxed elementor-section-height-default elementor-section-height-default\" data-id=\"b037861\" data-element_type=\"section\">\n\t\t\t\t\t\t<div class=\"elementor-container elementor-column-gap-default\">\n\t\t\t\t\t\t\t<div class=\"elementor-row\">\n\t\t\t\t\t<div class=\"elementor-column elementor-col-100 elementor-top-column elementor-element elementor-element-93f14e9\" data-id=\"93f14e9\" data-element_type=\"column\">\n\t\t\t<div class=\"elementor-column-wrap elementor-element-populated\">\n\t\t\t\t\t\t\t<div class=\"elementor-widget-wrap\">\n\t\t\t\t\t\t<div class=\"elementor-element elementor-element-6be38d5 elementor-widget elementor-widget-text-editor\" data-id=\"6be38d5\" data-element_type=\"widget\" data-widget_type=\"text-editor.default\">\n\t\t\t\t<div class=\"elementor-widget-container\">\n\t\t\t\t\t\t\t\t<div class=\"elementor-text-editor elementor-clearfix\">\n\t\t\t\t\t<h4 style=\"text-align: justify;\"><strong>Les convulsions<\/strong><\/h4><p style=\"text-align: justify;\">Une <a href=\"https:\/\/www.fregis.com\/glossaire_detail.php?id=816&amp;animal=chien&amp;return=1\">crise con\u00advul\u00adsive<\/a> cor\u00adre\u00adspond \u00e0 une d\u00e9charge \u00e9lec\u00adtrique qui prend nais\u00adsance \u00e0 un endroit du <a href=\"https:\/\/www.fregis.com\/glossaire_detail.php?id=800&amp;animal=chien&amp;return=1\">cerveau<\/a> et qui peut se propager \u00e0 l\u2019ensemble du cor\u00adtex c\u00e9r\u00e9bral ou se lim\u00aditer \u00e0 une r\u00e9gion du cerveau. Les signes clin\u00adiques d\u00e9pen\u00addent du type de&nbsp;crise.<\/p><p style=\"text-align: justify;\">Les con\u00advul\u00adsions sont des ph\u00e9nom\u00e8nes mus\u00adcu\u00adlaires g\u00e9n\u00e9ral\u00adis\u00e9s \u00e0 tout le corps, dits \u00ab&nbsp;<strong>cloniques<\/strong>&nbsp;\u00bb&nbsp;: sec\u00adouss\u00ades, mou\u00adve\u00adments sac\u00adcad\u00e9s des mem\u00adbres, de la face et des yeux. Les ph\u00e9nom\u00e8nes dits \u00ab&nbsp;<strong>toniques<\/strong>&nbsp;\u00bb con\u00adsis\u00adtent en une raideur intense du corps et peu\u00advent s'associer aux clonies lors de la m\u00eame crise. La perte de con\u00adscience survient lors que la crise est <strong>g\u00e9n\u00e9ral\u00adis\u00e9e<\/strong>.<\/p><p style=\"text-align: justify;\">Dans une con\u00advul\u00adsion g\u00e9n\u00e9ral\u00adis\u00e9e,&nbsp;le chien perd con\u00adnais\u00adsance et peut aus\u00adsi vocalis\u00ader, saliv\u00ader, uriner, d\u00e9f\u00e9\u00adquer. Puis il se r\u00e9veille lente\u00adment et peut rester hagard quelques min\u00adutes \u00e0 plusieurs heures avec des dif\u00adfi\u00adcult\u00e9s \u00e0 recon\u00adna\u00eetre son entourage, se d\u00e9plac\u00ader,&nbsp;etc.&nbsp;<\/p><p style=\"text-align: justify;\">On par\u00adle d'<strong>Epilep\u00adsy<\/strong> quand les crises r\u00e9cidi\u00advent sur plusieurs mois ou plusieurs ann\u00e9es, que leur cause soit con\u00adnue ou&nbsp;non.<\/p><div style=\"text-align: justify;\"><\/div>\t\t\t\t\t<\/div>\n\t\t\t\t\t\t<\/div>\n\t\t\t\t<\/div>\n\t\t\t\t<div class=\"elementor-element elementor-element-e71e59a elementor-widget elementor-widget-text-editor\" data-id=\"e71e59a\" data-element_type=\"widget\" data-widget_type=\"text-editor.default\">\n\t\t\t\t<div class=\"elementor-widget-container\">\n\t\t\t\t\t\t\t\t<div class=\"elementor-text-editor elementor-clearfix\">\n\t\t\t\t\t\t\t\t\t\t<\/div>\n\t\t\t\t\t\t<\/div>\n\t\t\t\t<\/div>\n\t\t\t\t\t\t<\/div>\n\t\t\t\t\t<\/div>\n\t\t<\/div>\n\t\t\t\t\t\t\t\t<\/div>\n\t\t\t\t\t<\/div>\n\t\t<\/section>\n\t\t\t\t<section class=\"elementor-section elementor-top-section elementor-element elementor-element-e1e37dc elementor-section-boxed elementor-section-height-default elementor-section-height-default\" data-id=\"e1e37dc\" data-element_type=\"section\">\n\t\t\t\t\t\t<div class=\"elementor-container elementor-column-gap-default\">\n\t\t\t\t\t\t\t<div class=\"elementor-row\">\n\t\t\t\t\t<div class=\"elementor-column elementor-col-100 elementor-top-column elementor-element elementor-element-f664d96\" data-id=\"f664d96\" data-element_type=\"column\">\n\t\t\t<div class=\"elementor-column-wrap elementor-element-populated\">\n\t\t\t\t\t\t\t<div class=\"elementor-widget-wrap\">\n\t\t\t\t\t\t<div class=\"elementor-element elementor-element-680b1fc elementor-widget elementor-widget-text-editor\" data-id=\"680b1fc\" data-element_type=\"widget\" data-widget_type=\"text-editor.default\">\n\t\t\t\t<div class=\"elementor-widget-container\">\n\t\t\t\t\t\t\t\t<div class=\"elementor-text-editor elementor-clearfix\">\n\t\t\t\t\t<h4><strong>Causes des convulsions<\/strong><\/h4><p style=\"text-align: justify;\">Les con\u00advul\u00adsions peu\u00advent sur\u00advenir pour plusieurs raisons&nbsp;:<\/p><ul><li style=\"list-style-type: none;\"><ul><li style=\"text-align: justify;\">cause neu\u00adrologique (l\u00e9sion c\u00e9r\u00e9brale) : trau\u00adma\u00adtisme cr\u00e2nien, acci\u00addent vas\u00adcu\u00adlaire c\u00e9r\u00e9bral (h\u00e9mor\u00adrag\u00adique ou isch\u00e9mique), une inflam\u00adma\u00adtion (enc\u00e9phalite) ou mal\u00adfor\u00adma\u00adtion. On par\u00adle d'\u00e9pilepsie <strong>struc\u00adturale<\/strong>.<\/li><li style=\"text-align: justify;\">cause m\u00e9tabolique : anom\u00adalie san\u00adguine com\u00adpro\u00admet\u00adtant le fonc\u00adtion\u00adnement nor\u00admal du cerveau : hypo\u00adgly\u00adc\u00e9mie, per\u00adtur\u00adba\u00adtions h\u00e9pa\u00adtiques, pr\u00e9sence d\u2019un pro\u00adduit tox\u00adique\u2026 On par\u00adle d\u2019\u00e9pilepsie <strong>r\u00e9ac\u00adtive<\/strong>.<\/li><li style=\"text-align: justify;\">Aucune cause n'est retrou\u00adv\u00e9e, mais le chien \u00e0 un seuil d\u2019excitabilit\u00e9 c\u00e9r\u00e9brale anor\u00admale\u00adment bas. On par\u00adle d\u2019\u00e9pilepsie essen\u00adtielle ou <strong>idiopathique<\/strong>.<\/li><\/ul><\/li><\/ul>\t\t\t\t\t<\/div>\n\t\t\t\t\t\t<\/div>\n\t\t\t\t<\/div>\n\t\t\t\t\t\t<\/div>\n\t\t\t\t\t<\/div>\n\t\t<\/div>\n\t\t\t\t\t\t\t\t<\/div>\n\t\t\t\t\t<\/div>\n\t\t<\/section>\n\t\t\t\t<section class=\"elementor-section elementor-top-section elementor-element elementor-element-5332c24 elementor-section-boxed elementor-section-height-default elementor-section-height-default\" data-id=\"5332c24\" data-element_type=\"section\">\n\t\t\t\t\t\t<div class=\"elementor-container elementor-column-gap-default\">\n\t\t\t\t\t\t\t<div class=\"elementor-row\">\n\t\t\t\t\t<div class=\"elementor-column elementor-col-100 elementor-top-column elementor-element elementor-element-1e274bf\" data-id=\"1e274bf\" data-element_type=\"column\">\n\t\t\t<div class=\"elementor-column-wrap elementor-element-populated\">\n\t\t\t\t\t\t\t<div class=\"elementor-widget-wrap\">\n\t\t\t\t\t\t<div class=\"elementor-element elementor-element-2b9368d elementor-widget elementor-widget-text-editor\" data-id=\"2b9368d\" data-element_type=\"widget\" data-widget_type=\"text-editor.default\">\n\t\t\t\t<div class=\"elementor-widget-container\">\n\t\t\t\t\t\t\t\t<div class=\"elementor-text-editor elementor-clearfix\">\n\t\t\t\t\t\t\t\t\t\t<\/div>\n\t\t\t\t\t\t<\/div>\n\t\t\t\t<\/div>\n\t\t\t\t<div class=\"elementor-element elementor-element-af2a4a9 elementor-widget elementor-widget-text-editor\" data-id=\"af2a4a9\" data-element_type=\"widget\" data-widget_type=\"text-editor.default\">\n\t\t\t\t<div class=\"elementor-widget-container\">\n\t\t\t\t\t\t\t\t<div class=\"elementor-text-editor elementor-clearfix\">\n\t\t\t\t\t<h4 style=\"text-align: justify;\"><strong>L'\u00e9pilepsie idiopathique<\/strong><\/h4><p style=\"text-align: justify;\">L\u2019incidence de l\u2019\u00e9pilepsie idiopathique est plus \u00e9lev\u00e9e dans de nom\u00adbreuses races ce qui sug\u00adg\u00e8re une orig\u00adine g\u00e9n\u00e9\u00adtique. Mais cette mal\u00adadie peut se d\u00e9velop\u00adper chez un chien de n'importe quelle race pure ou crois\u00e9e.<\/p><p style=\"text-align: justify;\">Les pre\u00admi\u00e8res crises lors d\u2019\u00e9pilepsie essen\u00adtielle appa\u00adrais\u00adsent le plus sou\u00advent entre l\u2019\u00e2ge de 6 mois et 5 ans. La fr\u00e9quence des crises est tr\u00e8s vari\u00adable d\u2019un sujet \u00e0 l\u2019autre mais il n\u2019y a pas de gu\u00e9rison.<i><\/i><\/p><div class=\"post-body\" style=\"text-align: justify;\">Le pronos\u00adtic est vari\u00adable en fonc\u00adtion de la fr\u00e9quence, de la grav\u00adit\u00e9 des crises et de la r\u00e9ponse au traitement.&nbsp;<\/div><div><p style=\"text-align: justify;\">Les crises con\u00advul\u00adsives en elles m\u00eames peu\u00advent \u00eatre de nature tr\u00e8s var\u00adi\u00e9es : elles peu\u00advent \u00eatre g\u00e9n\u00e9ral\u00adis\u00e9es avec dans le cas le plus clas\u00adsique un ani\u00admal qui tombe sur le c\u00f4t\u00e9, incon\u00adscient et qui pr\u00e9sente des mou\u00adve\u00adments de p\u00e9dalage ou bien \u00eatre par\u00adtielle, sans perte de conscience.<\/p><p style=\"text-align: justify;\">Le traite\u00adment est pos\u00adsi\u00adble et il est m\u00e9di\u00adcal. Il n'existe actuelle\u00adment aucun test de d\u00e9pistage g\u00e9n\u00e9\u00adtique pour le Cock\u00ader Am\u00e9ricain.<\/p><\/div>\t\t\t\t\t<\/div>\n\t\t\t\t\t\t<\/div>\n\t\t\t\t<\/div>\n\t\t\t\t\t\t<\/div>\n\t\t\t\t\t<\/div>\n\t\t<\/div>\n\t\t\t\t\t\t\t\t<\/div>\n\t\t\t\t\t<\/div>\n\t\t<\/section>\n\t\t\t\t<section class=\"elementor-section elementor-top-section elementor-element elementor-element-3eb5109 elementor-section-boxed elementor-section-height-default elementor-section-height-default\" data-id=\"3eb5109\" data-element_type=\"section\">\n\t\t\t\t\t\t<div class=\"elementor-container elementor-column-gap-default\">\n\t\t\t\t\t\t\t<div class=\"elementor-row\">\n\t\t\t\t\t<div class=\"elementor-column elementor-col-100 elementor-top-column elementor-element elementor-element-1a37c02\" data-id=\"1a37c02\" data-element_type=\"column\">\n\t\t\t<div class=\"elementor-column-wrap elementor-element-populated\">\n\t\t\t\t\t\t\t<div class=\"elementor-widget-wrap\">\n\t\t\t\t\t\t<div class=\"elementor-element elementor-element-5f5762e elementor-widget elementor-widget-text-editor\" data-id=\"5f5762e\" data-element_type=\"widget\" data-widget_type=\"text-editor.default\">\n\t\t\t\t<div class=\"elementor-widget-container\">\n\t\t\t\t\t\t\t\t<div class=\"elementor-text-editor elementor-clearfix\">\n\t\t\t\t\t<h4><strong>Que faire en cas de&nbsp;crise&nbsp;?<\/strong><\/h4><p>Si votre chien convulse&nbsp;:<\/p><ul><li>Restez calme et \u00e0 prox\u00adim\u00adit\u00e9 de votre chien pour \u00e9viter qu\u2019il n\u00e9 se blesse \u2014 s\u00e9curisez son entourage.<\/li><li>Allongez-le sur le c\u00f4t\u00e9, la t\u00eate bas\u00adcul\u00e9e un peu en arri\u00e8re : il pour\u00adra mieux respir\u00ader, et, d'\u00e9ventuels vom\u00adisse\u00adments ris\u00adqueraient moins d'aller dans ses bronches.<\/li><li>N\u00e9 met\u00adtez pas vos doigts dans sa gueule : il n\u00e9 risqu\u00e9 pas d\u2019avaler sa langue&nbsp;!<\/li><li>Lais\u00adsez le chien dans l\u2019obscurit\u00e9 et au&nbsp;calme<\/li><li><strong>Pr\u00e9venez votre v\u00e9t\u00e9ri\u00adnaire pour r\u00e9alis\u00ader les exa\u00adm\u00adens n\u00e9cessaires.<\/strong><\/li><\/ul>\t\t\t\t\t<\/div>\n\t\t\t\t\t\t<\/div>\n\t\t\t\t<\/div>\n\t\t\t\t<div class=\"elementor-element elementor-element-f3a16dd elementor-widget elementor-widget-text-editor\" data-id=\"f3a16dd\" data-element_type=\"widget\" data-widget_type=\"text-editor.default\">\n\t\t\t\t<div class=\"elementor-widget-container\">\n\t\t\t\t\t\t\t\t<div class=\"elementor-text-editor elementor-clearfix\">\n\t\t\t\t\t\t\t\t\t\t<\/div>\n\t\t\t\t\t\t<\/div>\n\t\t\t\t<\/div>\n\t\t\t\t\t\t<\/div>\n\t\t\t\t\t<\/div>\n\t\t<\/div>\n\t\t\t\t\t\t\t\t<\/div>\n\t\t\t\t\t<\/div>\n\t\t<\/section>\n\t\t\t\t<section class=\"elementor-section elementor-top-section elementor-element elementor-element-8b7eb42 elementor-section-boxed elementor-section-height-default elementor-section-height-default\" data-id=\"8b7eb42\" data-element_type=\"section\">\n\t\t\t\t\t\t<div class=\"elementor-container elementor-column-gap-default\">\n\t\t\t\t\t\t\t<div class=\"elementor-row\">\n\t\t\t\t\t<div class=\"elementor-column elementor-col-100 elementor-top-column elementor-element elementor-element-724bcdc\" data-id=\"724bcdc\" data-element_type=\"column\">\n\t\t\t<div class=\"elementor-column-wrap elementor-element-populated\">\n\t\t\t\t\t\t\t<div class=\"elementor-widget-wrap\">\n\t\t\t\t\t\t<div class=\"elementor-element elementor-element-e540ca0 elementor-widget elementor-widget-text-editor\" data-id=\"e540ca0\" data-element_type=\"widget\" data-widget_type=\"text-editor.default\">\n\t\t\t\t<div class=\"elementor-widget-container\">\n\t\t\t\t\t\t\t\t<div class=\"elementor-text-editor elementor-clearfix\">\n\t\t\t\t\t<h4 style=\"text-align: justify;\"><strong>Traitement&nbsp;<\/strong><\/h4><p style=\"text-align: justify;\">L\u2019\u00e9pilepsie idiopathique est une affec\u00adtion qui se con\u00adtr\u00f4le \u00e0 d\u00e9faut de se traiter de fa\u00e7on d\u00e9finitive.<\/p><p style=\"text-align: justify;\">Le but d\u2019un traite\u00adment anti-\u00e9pilep\u00adtique est de dimin\u00aduer sig\u00adni\u00adfica\u00adtive\u00adment la fr\u00e9quence, l\u2019intensit\u00e9 et la grav\u00adit\u00e9 des crises con\u00advul\u00adsives, et ce avec un min\u00adi\u00admum d\u2019effets sec\u00adondaires. Dans ce cas seule\u00adment les crises con\u00advul\u00adsives sont con\u00adsid\u00ad\u00e9r\u00e9es comme con\u00adtr\u00f4l\u00e9es. Le v\u00e9t\u00e9ri\u00adnaire et le pro\u00adpri\u00e9\u00adtaire du chien d\u00e9ter\u00admi\u00adnent ensem\u00adble le meilleur traite\u00adment en fonc\u00adtion de la fr\u00e9quence des crises convulsives.<\/p>\t\t\t\t\t<\/div>\n\t\t\t\t\t\t<\/div>\n\t\t\t\t<\/div>\n\t\t\t\t\t\t<\/div>\n\t\t\t\t\t<\/div>\n\t\t<\/div>\n\t\t\t\t\t\t\t\t<\/div>\n\t\t\t\t\t<\/div>\n\t\t<\/section>\n\t\t\t\t\t\t<\/div>\n\t\t\t\t\t\t<\/div>\n\t\t\t\t\t<\/div>","protected":false},"excerpt":{"rendered":"<p>L'\u00e9pilepsie chez le Cock\u00ader Am\u00e9ri\u00adcain &lt;h4 style=\"text-align: justify;\"&gt;&lt;strong&gt;Les convulsions&lt;\/strong&gt;&lt;\/h4&gt;&lt;p style=\"text-align: justify;\"&gt;Une &lt;a href=\"https:\/\/www.fregis.com\/glossaire_detail.php?id=816<span class=\"amp\">&amp;<\/span>amp;animal=chien<span class=\"amp\">&amp;<\/span>amp;return=1\"&gt;crise convulsive&lt;\/a&gt; cor\u00adre\u00adspond \u00e0 une d\u00e9charge \u00e9lec\u00adtrique qui prend nais\u00adsance \u00e0 un endroit du &lt;a href=\"https:\/\/www.fregis.com\/glossaire_detail.php?id=800<span class=\"amp\">&amp;<\/span>amp;animal=chien<span class=\"amp\">&amp;<\/span>amp;return=1\"&gt;cerveau&lt;\/a&gt; et qui peut se propager \u00e0 l\u2019ensemble du cor\u00adtex c\u00e9r\u00e9bral ou se lim\u00aditer \u00e0 une r\u00e9gion du cerveau. Les signes clin\u00adiques d\u00e9pen\u00addent du type de crise.&lt;\/p&gt;&lt;p style=\"text-align: [\u2026]<\/p>","protected":false},"author":3,"featured_media":0,"parent":0,"menu_order":0,"comment_status":"closed","ping_status":"closed","template":"","meta":{"wp_typography_post_enhancements_disabled":false},"_links":{"self":[{"href":"https:\/\/american-cocker-spaniel.fr\/en\/wp-json\/wp\/v2\/pages\/3527"}],"collection":[{"href":"https:\/\/american-cocker-spaniel.fr\/en\/wp-json\/wp\/v2\/pages"}],"about":[{"href":"https:\/\/american-cocker-spaniel.fr\/en\/wp-json\/wp\/v2\/types\/page"}],"author":[{"embeddable":true,"href":"https:\/\/american-cocker-spaniel.fr\/en\/wp-json\/wp\/v2\/users\/3"}],"replies":[{"embeddable":true,"href":"https:\/\/american-cocker-spaniel.fr\/en\/wp-json\/wp\/v2\/comments?post=3527"}],"version-history":[{"count":9,"href":"https:\/\/american-cocker-spaniel.fr\/en\/wp-json\/wp\/v2\/pages\/3527\/revisions"}],"predecessor-version":[{"id":4813,"href":"https:\/\/american-cocker-spaniel.fr\/en\/wp-json\/wp\/v2\/pages\/3527\/revisions\/4813"}],"wp:attachment":[{"href":"https:\/\/american-cocker-spaniel.fr\/en\/wp-json\/wp\/v2\/media?parent=3527"}],"curies":[{"name":"wp","href":"https:\/\/api.w.org\/{rel}","templated":true}]}}