{"id":3062,"date":"2019-03-07T14:20:47","date_gmt":"2019-03-07T13:20:47","guid":{"rendered":"https:\/\/american-cocker-spaniel.fr\/?page_id=3062"},"modified":"2019-04-09T09:16:19","modified_gmt":"2019-04-09T07:16:19","slug":"mentions-legales","status":"publish","type":"page","link":"https:\/\/american-cocker-spaniel.fr\/en\/mentions-legales","title":{"rendered":"Men\u00adtions l\u00e9gales"},"content":{"rendered":"<div data-elementor-type=\"wp-post\" data-elementor-id=\"3062\" class=\"elementor elementor-3062\" data-elementor-settings=\"[]\">\n\t\t\t\t\t\t<div class=\"elementor-inner\">\n\t\t\t\t\t\t\t<div class=\"elementor-section-wrap\">\n\t\t\t\t\t\t\t<section class=\"elementor-section elementor-top-section elementor-element elementor-element-6582573 elementor-section-boxed elementor-section-height-default elementor-section-height-default\" data-id=\"6582573\" data-element_type=\"section\">\n\t\t\t\t\t\t<div class=\"elementor-container elementor-column-gap-default\">\n\t\t\t\t\t\t\t<div class=\"elementor-row\">\n\t\t\t\t\t<div class=\"elementor-column elementor-col-100 elementor-top-column elementor-element elementor-element-ca607fa\" data-id=\"ca607fa\" data-element_type=\"column\">\n\t\t\t<div class=\"elementor-column-wrap elementor-element-populated\">\n\t\t\t\t\t\t\t<div class=\"elementor-widget-wrap\">\n\t\t\t\t\t\t<div class=\"elementor-element elementor-element-ca3ba2c elementor-widget elementor-widget-image\" data-id=\"ca3ba2c\" data-element_type=\"widget\" data-widget_type=\"image.default\">\n\t\t\t\t<div class=\"elementor-widget-container\">\n\t\t\t\t\t\t\t\t<div class=\"elementor-image\">\n\t\t\t\t\t\t\t\t\t\t\t\t<img width=\"111\" height=\"111\" src=\"https:\/\/american-cocker-spaniel.fr\/wp-content\/uploads\/2019\/02\/LOGO-mini-1.png\" class=\"attachment-large size-large\" alt=\"logo cocker am\u00e9ricain noir Barbara Butler\" loading=\"lazy\">\t\t\t\t\t\t\t\t\t\t\t\t\t\t<\/div>\n\t\t\t\t\t\t<\/div>\n\t\t\t\t<\/div>\n\t\t\t\t\t\t<\/div>\n\t\t\t\t\t<\/div>\n\t\t<\/div>\n\t\t\t\t\t\t\t\t<\/div>\n\t\t\t\t\t<\/div>\n\t\t<\/section>\n\t\t\t\t<section class=\"elementor-section elementor-top-section elementor-element elementor-element-7849a54 elementor-section-boxed elementor-section-height-default elementor-section-height-default\" data-id=\"7849a54\" data-element_type=\"section\">\n\t\t\t\t\t\t<div class=\"elementor-container elementor-column-gap-default\">\n\t\t\t\t\t\t\t<div class=\"elementor-row\">\n\t\t\t\t\t<div class=\"elementor-column elementor-col-100 elementor-top-column elementor-element elementor-element-a7bd394\" data-id=\"a7bd394\" data-element_type=\"column\">\n\t\t\t<div class=\"elementor-column-wrap elementor-element-populated\">\n\t\t\t\t\t\t\t<div class=\"elementor-widget-wrap\">\n\t\t\t\t\t\t<div class=\"elementor-element elementor-element-e25d4e7 elementor-widget elementor-widget-text-editor\" data-id=\"e25d4e7\" data-element_type=\"widget\" data-widget_type=\"text-editor.default\">\n\t\t\t\t<div class=\"elementor-widget-container\">\n\t\t\t\t\t\t\t\t<div class=\"elementor-text-editor elementor-clearfix\">\n\t\t\t\t\t<p style=\"text-align: center;\"><strong>Men\u00adtions l\u00e9gales<\/strong>&nbsp;<br><strong><span class=\"caps\">AMERICAN<\/span> <span class=\"caps\">COCKER<\/span> <span class=\"caps\">SPANIEL<\/span> <span class=\"caps\">FRANCE<\/span><\/strong><\/p><p><em>En ver\u00adtu de l'article 6 de la loi n\u00b0 2004\u2013575 du 21 juin 2004 pour la con\u00adfi\u00adance dans l'\u00e9conomie num\u00e9rique, il est pr\u00e9\u00adcis\u00e9 aux util\u00adisa\u00adteurs du site www.american-cocker-spaniel.fr l'identit\u00e9 des dif\u00adf\u00e9rents inter\u00advenants dans le cadre de sa r\u00e9al\u00adi\u00adsa\u00adtion et de son&nbsp;suivi.<\/em><\/p><p>Asso\u00adci\u00ada\u00adtion loi 1901 sous le num\u00e9ro : <span class=\"caps\">W893006454<\/span> <br>Si\u00e8ge social : Les Desjeux 89320 Vaudeurs <br>Pr\u00e9si\u00addente : <a href=\"mailto:denise@american-cocker-spaniel.fr\">Denise Man\u00adgold<\/a><br>Secr\u00e9\u00adtaire g\u00e9n\u00e9ral : <a href=\"mailto:sophie@american-cocker-spaniel.fr\">Sophie Nar\u00adcisse<\/a><br>Respon\u00ads\u00adable Tr\u00e9\u00adsorerie : <a href=\"mailto:nelly@american-cocker-spaniel.fr\">Nel\u00adly Renaud&nbsp;<\/a><\/p><p>Auteurs : Denise Man\u00adgold <span class=\"amp\">&amp;<\/span> Sophie Nar\u00adcisse <br>Con\u00adtact mail : <a href=\"mailto:contact@american-cocker-spaniel.fr\">contact@american-cocker-spaniel.fr<\/a><br>T\u00e9l\u00e9\u00adphone : 0682941772<\/p><p>Web\u00admas\u00adter : For\u00adman <span class=\"caps\">SAS<\/span> <br><span class=\"caps\">RCS<\/span>: Sens B 419 342 647<br>Con\u00adcep\u00adtion avec <span class=\"caps\">CMS<\/span> open source Word\u00adPress du site american-cocker-spaniel.fr<\/p><p>Prestataire d'h\u00e9bergement :<br><span class=\"caps\">OVH<\/span> <span class=\"caps\">SAS<\/span> au cap\u00adi\u00adtal de 10 069 020&nbsp;\u20ac<br><span class=\"caps\">RCS<\/span> Lille M\u00e9tro\u00adpole 424 761 419 00045<br>Code <span class=\"caps\">APE<\/span> <span class=\"caps\">2620Z<\/span><br>N\u00b0 <span class=\"caps\">TVA<\/span> : <span class=\"caps\">FR<\/span> 22 424 761 419<br>Si\u00e8ge social : 2 rue Keller\u00admann \u2014 59100 Roubaix \u2014 France<br><span class=\"caps\">SAS<\/span> au cap\u00adi\u00adtal de 10 069 020&nbsp;\u20ac<br><span class=\"caps\">RCS<\/span> Lille M\u00e9tro\u00adpole 424 761 419 00045<br>Code <span class=\"caps\">APE<\/span> <span class=\"caps\">2620Z<\/span><br>N\u00b0 <span class=\"caps\">TVA<\/span> : <span class=\"caps\">FR<\/span> 22 424 761&nbsp;419<\/p>\t\t\t\t\t<\/div>\n\t\t\t\t\t\t<\/div>\n\t\t\t\t<\/div>\n\t\t\t\t\t\t<\/div>\n\t\t\t\t\t<\/div>\n\t\t<\/div>\n\t\t\t\t\t\t\t\t<\/div>\n\t\t\t\t\t<\/div>\n\t\t<\/section>\n\t\t\t\t\t\t<\/div>\n\t\t\t\t\t\t<\/div>\n\t\t\t\t\t<\/div>","protected":false},"excerpt":{"rendered":"<p>&lt; p style=\"text-align: center;\"&gt;Mentions l\u00e9gales&nbsp;<span class=\"caps\">AMERICAN<\/span> <span class=\"caps\">COCKER<\/span> <span class=\"caps\">SPANIEL<\/span> <span class=\"caps\">FRANCE<\/span> En ver\u00adtu de l'article 6 de la loi n\u00b0 2004\u2013575 du 21 juin 2004 pour la con\u00adfi\u00adance dans l'\u00e9conomie num\u00e9rique, il est pr\u00e9\u00adcis\u00e9 aux util\u00adisa\u00adteurs du site www.american-cocker-spaniel.fr l'identit\u00e9 des dif\u00adf\u00e9rents inter\u00advenants dans le cadre de sa r\u00e9al\u00adi\u00adsa\u00adtion et de son suivi. Asso\u00adci\u00ada\u00adtion loi 1901&nbsp;sous&nbsp;[\u2026]<\/p>","protected":false},"author":1,"featured_media":0,"parent":0,"menu_order":0,"comment_status":"closed","ping_status":"closed","template":"","meta":{"wp_typography_post_enhancements_disabled":false},"_links":{"self":[{"href":"https:\/\/american-cocker-spaniel.fr\/en\/wp-json\/wp\/v2\/pages\/3062"}],"collection":[{"href":"https:\/\/american-cocker-spaniel.fr\/en\/wp-json\/wp\/v2\/pages"}],"about":[{"href":"https:\/\/american-cocker-spaniel.fr\/en\/wp-json\/wp\/v2\/types\/page"}],"author":[{"embeddable":true,"href":"https:\/\/american-cocker-spaniel.fr\/en\/wp-json\/wp\/v2\/users\/1"}],"replies":[{"embeddable":true,"href":"https:\/\/american-cocker-spaniel.fr\/en\/wp-json\/wp\/v2\/comments?post=3062"}],"version-history":[{"count":39,"href":"https:\/\/american-cocker-spaniel.fr\/en\/wp-json\/wp\/v2\/pages\/3062\/revisions"}],"predecessor-version":[{"id":4766,"href":"https:\/\/american-cocker-spaniel.fr\/en\/wp-json\/wp\/v2\/pages\/3062\/revisions\/4766"}],"wp:attachment":[{"href":"https:\/\/american-cocker-spaniel.fr\/en\/wp-json\/wp\/v2\/media?parent=3062"}],"curies":[{"name":"wp","href":"https:\/\/api.w.org\/{rel}","templated":true}]}}