{"id":3028,"date":"2019-03-07T09:56:46","date_gmt":"2019-03-07T08:56:46","guid":{"rendered":"https:\/\/american-cocker-spaniel.fr\/?page_id=3028"},"modified":"2023-01-05T14:45:43","modified_gmt":"2023-01-05T13:45:43","slug":"adhesion-association","status":"publish","type":"page","link":"https:\/\/american-cocker-spaniel.fr\/en\/adhesion-association","title":{"rendered":"Adh\u00e9\u00adsion asso\u00adci\u00ada\u00adtion Amer\u00adi\u00adcan Cock\u00ader Spaniel France"},"content":{"rendered":"<div data-elementor-type=\"wp-post\" data-elementor-id=\"3028\" class=\"elementor elementor-3028\" data-elementor-settings=\"[]\">\n\t\t\t\t\t\t<div class=\"elementor-inner\">\n\t\t\t\t\t\t\t<div class=\"elementor-section-wrap\">\n\t\t\t\t\t\t\t<section class=\"elementor-section elementor-top-section elementor-element elementor-element-998e94d elementor-section-boxed elementor-section-height-default elementor-section-height-default\" data-id=\"998e94d\" data-element_type=\"section\">\n\t\t\t\t\t\t<div class=\"elementor-container elementor-column-gap-default\">\n\t\t\t\t\t\t\t<div class=\"elementor-row\">\n\t\t\t\t\t<div class=\"elementor-column elementor-col-100 elementor-top-column elementor-element elementor-element-b95546d\" data-id=\"b95546d\" data-element_type=\"column\">\n\t\t\t<div class=\"elementor-column-wrap elementor-element-populated\">\n\t\t\t\t\t\t\t<div class=\"elementor-widget-wrap\">\n\t\t\t\t\t\t<div class=\"elementor-element elementor-element-46d50cc elementor-widget elementor-widget-image\" data-id=\"46d50cc\" data-element_type=\"widget\" data-widget_type=\"image.default\">\n\t\t\t\t<div class=\"elementor-widget-container\">\n\t\t\t\t\t\t\t\t<div class=\"elementor-image\">\n\t\t\t\t\t\t\t\t\t<figure class=\"wp-caption\">\n\t\t\t\t\t\t\t\t\t\t\t<a href=\"http:\/\/www.formanscockers.fr\/femelles-ch-pointbreak-honey-im-home-pxl-22_56_80.html\" target=\"_blank\">\n\t\t\t\t\t\t\t<img src=\"https:\/\/american-cocker-spaniel.fr\/wp-content\/uploads\/elementor\/thumbs\/head-image01-1-o3et00bhmk11lby1gnelfee63dq0wvuruia3r6cd5c.jpg\" title=\"head-image01\" alt=\"Cocker americain blond\">\t\t\t\t\t\t\t\t<\/a>\n\t\t\t\t\t\t\t\t\t\t\t<figcaption class=\"widget-image-caption wp-caption-text\">1<sup class=\"ordinal\">er<\/sup> Cock\u00ader Am\u00e9ri\u00adcain fran\u00e7ais vain\u00adqueur de Crufts en Angleterre.<\/figcaption>\n\t\t\t\t\t\t\t\t\t\t<\/figure>\n\t\t\t\t\t\t\t\t<\/div>\n\t\t\t\t\t\t<\/div>\n\t\t\t\t<\/div>\n\t\t\t\t\t\t<\/div>\n\t\t\t\t\t<\/div>\n\t\t<\/div>\n\t\t\t\t\t\t\t\t<\/div>\n\t\t\t\t\t<\/div>\n\t\t<\/section>\n\t\t\t\t<section class=\"elementor-section elementor-top-section elementor-element elementor-element-d170cda elementor-section-boxed elementor-section-height-default elementor-section-height-default\" data-id=\"d170cda\" data-element_type=\"section\">\n\t\t\t\t\t\t<div class=\"elementor-container elementor-column-gap-default\">\n\t\t\t\t\t\t\t<div class=\"elementor-row\">\n\t\t\t\t\t<div class=\"elementor-column elementor-col-100 elementor-top-column elementor-element elementor-element-8d081c1\" data-id=\"8d081c1\" data-element_type=\"column\">\n\t\t\t<div class=\"elementor-column-wrap elementor-element-populated\">\n\t\t\t\t\t\t\t<div class=\"elementor-widget-wrap\">\n\t\t\t\t\t\t<div class=\"elementor-element elementor-element-9c0c993 elementor-widget elementor-widget-image\" data-id=\"9c0c993\" data-element_type=\"widget\" data-widget_type=\"image.default\">\n\t\t\t\t<div class=\"elementor-widget-container\">\n\t\t\t\t\t\t\t\t<div class=\"elementor-image\">\n\t\t\t\t\t\t\t\t\t\t\t\t\t<a href=\"https:\/\/www.helloasso.com\/associations\/american-cocker-spaniel-france\/adhesions\/american-cocker-spaniel-france-1\" target=\"_blank\">\n\t\t\t\t\t\t\t<img width=\"300\" height=\"100\" src=\"https:\/\/american-cocker-spaniel.fr\/wp-content\/uploads\/2019\/03\/adherer-1-300x100.png\" class=\"attachment-medium size-medium\" alt loading=\"lazy\" srcset=\"https:\/\/american-cocker-spaniel.fr\/wp-content\/uploads\/2019\/03\/adherer-1-300x100.png 300w, https:\/\/american-cocker-spaniel.fr\/wp-content\/uploads\/2019\/03\/adherer-1.png 626w\" sizes=\"(max-width: 300px) 100vw, 300px\">\t\t\t\t\t\t\t\t<\/a>\n\t\t\t\t\t\t\t\t\t\t\t\t\t\t<\/div>\n\t\t\t\t\t\t<\/div>\n\t\t\t\t<\/div>\n\t\t\t\t\t\t<\/div>\n\t\t\t\t\t<\/div>\n\t\t<\/div>\n\t\t\t\t\t\t\t\t<\/div>\n\t\t\t\t\t<\/div>\n\t\t<\/section>\n\t\t\t\t<section class=\"elementor-section elementor-top-section elementor-element elementor-element-70c8132 elementor-section-boxed elementor-section-height-default elementor-section-height-default\" data-id=\"70c8132\" data-element_type=\"section\">\n\t\t\t\t\t\t<div class=\"elementor-container elementor-column-gap-default\">\n\t\t\t\t\t\t\t<div class=\"elementor-row\">\n\t\t\t\t\t<div class=\"elementor-column elementor-col-100 elementor-top-column elementor-element elementor-element-b276cf2\" data-id=\"b276cf2\" data-element_type=\"column\">\n\t\t\t<div class=\"elementor-column-wrap elementor-element-populated\">\n\t\t\t\t\t\t\t<div class=\"elementor-widget-wrap\">\n\t\t\t\t\t\t<div class=\"elementor-element elementor-element-c97aa01 elementor-widget elementor-widget-text-editor\" data-id=\"c97aa01\" data-element_type=\"widget\" data-widget_type=\"text-editor.default\">\n\t\t\t\t<div class=\"elementor-widget-container\">\n\t\t\t\t\t\t\t\t<div class=\"elementor-text-editor elementor-clearfix\">\n\t\t\t\t\t<h2 style=\"text-align: justify;\">American Cocker Spaniel France<\/h2><h3>Chers amis des Cockers Am\u00e9ricains,<\/h3><h3 style=\"text-align: justify;\">Pourquoi adh\u00e9rer ? Les adh\u00e9sions sont anonymes, nous n\u00e9 sommes pas un club dissident, American Cocker Spaniel France est une association loi 1901 qui a \u00e9t\u00e9 cr\u00e9\u00e9e pour promouvoir cette race qui m\u00e9rite d'\u00eatre mieux connue. Si le site est anim\u00e9 et aliment\u00e9 par des b\u00e9n\u00e9voles dont vous pouvez faire partie, pourtant certains frais sont incompressibles : le serveur <span class=\"caps\">OVH<\/span>, les plugins et les frais bancaires entre autres. Nous envisageons d'organiser des s\u00e9minaires ou r\u00e9unions d'amateurs pour permettre des \u00e9changes entre passionn\u00e9s : le montant de votre cotisation sera affect\u00e9 \u00e0 ces d\u00e9penses : pas de frais de repr\u00e9sentation ni de frais de d\u00e9placements somptuaires.&nbsp;<\/h3><h3 style=\"text-align: justify;\">L'association American Cocker Spaniel France r\u00e9unit des passionn\u00e9s pour cette race formidable.<br>Son site : <a href=\"https:\/\/american-cocker-spaniel.fr\/en\/\">https:\/\/american-cocker-spaniel.fr<\/a> a vocation \u00e0 regrouper tout ce qui concerne nos chers Am\u00e9ricains avec un maximum de documents francophones. Nous sommes en lien avec l\u2019American Spaniel Club, club parent de la race, garant de son standard dans le monde, cr\u00e9\u00e9 aux <span class=\"caps\">USA<\/span> en&nbsp;1881.<\/h3><h3 style=\"text-align: justify;\">Avec pr\u00e8s de 400 naissances en 2018, le Cocker Am\u00e9ricain m\u00e9rite sa place dans la cynophilie.<br>C'est une race qui n\u00e9cessite une attention particuli\u00e8re afin de veiller au respect de son standard et des exigences de sant\u00e9 fondamentales, pour prot\u00e9ger son avenir.<\/h3><h3><span style=\"color: #333333;\">N'h\u00e9sitez pas \u00e0&nbsp;<\/span><span style=\"color: #808080;\"><span style=\"color: #003366;\"><a style=\"color: #003366;\" href=\"https:\/\/www.helloasso.com\/associations\/american-cocker-spaniel-france\/adhesions\/american-cocker-spaniel-france-1\">adh\u00e9rer<\/a><\/span><\/span>&nbsp;ni \u00e0&nbsp;<span style=\"color: #333333;\">nous <\/span><span style=\"color: #808080;\"><a style=\"color: #808080;\" href=\"mailto:contact@american-cocker-spaniel.fr\"><span style=\"color: #333333;\"><span style=\"color: #003366;\">contacter<\/span> !<\/span><\/a><\/span><\/h3><div style=\"text-align: justify;\"><\/div><div style=\"text-align: justify;\"><\/div><h3 style=\"text-align: justify;\"><span style=\"color: #808080;\"><strong>Dear Cocker Spaniels Friends,<\/strong><\/span><\/h3><h3 style=\"text-align: justify;\"><span style=\"color: #808080;\">The American Cocker Spaniel France association brings together a team of enthusiastic people sharing a same passion for this great breed.<\/span><br><span style=\"color: #808080;\">This website: <a style=\"color: #808080;\" href=\"https:\/\/american-cocker-spaniel.fr\/en\/\">https:\/\/american-cocker-spaniel.fr<\/a> is built to gather all about our beloved Americans, with many French documents.<\/span><br><span style=\"color: #808080;\"><br>We are connected to the American Spaniel Club, parent club of the breed, guarantor of its standard in the world, created in the <span class=\"caps\">USA<\/span> in 1881.<\/span><br><span style=\"color: #808080;\">With nearly 400 births in France in 2018, it must be cosseted.<\/span><br><span style=\"color: #808080;\"><br>The Cocker Spaniel is a breed that requires people dedicated to the well-being of the breed through education, co\u00f6peration and training.<\/span><\/h3><h3 style=\"text-align: justify;\"><span style=\"color: #808080;\">We need your membership: click on <\/span><span style=\"color: #808080;\"><span style=\"color: #003366;\"><a style=\"color: #003366;\" href=\"https:\/\/www.helloasso.com\/associations\/american-cocker-spaniel-france\/adhesions\/american-cocker-spaniel-france-1\"><span class=\"caps\">SIGN<\/span> <span class=\"caps\">IN<\/span><\/a><\/span> or <span style=\"color: #003366;\"><a style=\"color: #003366;\" href=\"mailto:contact@american-cocker-spaniel.fr\">contact<\/a><\/span>.<\/span><\/h3>\t\t\t\t\t<\/div>\n\t\t\t\t\t\t<\/div>\n\t\t\t\t<\/div>\n\t\t\t\t<div class=\"elementor-element elementor-element-3deb69e elementor-widget elementor-widget-image\" data-id=\"3deb69e\" data-element_type=\"widget\" data-widget_type=\"image.default\">\n\t\t\t\t<div class=\"elementor-widget-container\">\n\t\t\t\t\t\t\t\t<div class=\"elementor-image\">\n\t\t\t\t\t\t\t\t\t\t\t\t\t<a href=\"https:\/\/www.helloasso.com\/associations\/american-cocker-spaniel-france\/adhesions\/american-cocker-spaniel-france\" target=\"_blank\">\n\t\t\t\t\t\t\t<img width=\"300\" height=\"300\" src=\"https:\/\/american-cocker-spaniel.fr\/wp-content\/uploads\/2019\/02\/LOGO-300x300.png\" class=\"attachment-medium size-medium\" alt=\"logo cocker am\u00e9ricain noir Barbara Butler\" loading=\"lazy\" srcset=\"https:\/\/american-cocker-spaniel.fr\/wp-content\/uploads\/2019\/02\/LOGO-300x300.png 300w, https:\/\/american-cocker-spaniel.fr\/wp-content\/uploads\/2019\/02\/LOGO-150x150.png 150w, https:\/\/american-cocker-spaniel.fr\/wp-content\/uploads\/2019\/02\/LOGO.png 500w\" sizes=\"(max-width: 300px) 100vw, 300px\">\t\t\t\t\t\t\t\t<\/a>\n\t\t\t\t\t\t\t\t\t\t\t\t\t\t<\/div>\n\t\t\t\t\t\t<\/div>\n\t\t\t\t<\/div>\n\t\t\t\t<div class=\"elementor-element elementor-element-72fe407 elementor-widget elementor-widget-text-editor\" data-id=\"72fe407\" data-element_type=\"widget\" data-widget_type=\"text-editor.default\">\n\t\t\t\t<div class=\"elementor-widget-container\">\n\t\t\t\t\t\t\t\t<div class=\"elementor-text-editor elementor-clearfix\">\n\t\t\t\t\t\t\t\t\t\t<\/div>\n\t\t\t\t\t\t<\/div>\n\t\t\t\t<\/div>\n\t\t\t\t\t\t<\/div>\n\t\t\t\t\t<\/div>\n\t\t<\/div>\n\t\t\t\t\t\t\t\t<\/div>\n\t\t\t\t\t<\/div>\n\t\t<\/section>\n\t\t\t\t\t\t<\/div>\n\t\t\t\t\t\t<\/div>\n\t\t\t\t\t<\/div>","protected":false},"excerpt":{"rendered":"<p>1<sup class=\"ordinal\">er<\/sup> Cock\u00ader Am\u00e9ri\u00adcain fran\u00e7ais vain\u00adqueur de Crufts en Angleterre. Amer\u00adi\u00adcan Cock\u00ader Spaniel France Chers amis des Cock\u00aders Am\u00e9ri\u00adcains, Pourquoi adh\u00e9r\u00ader ? Les adh\u00e9\u00adsions sont anonymes, nous n\u00e9 sommes pas un club dis\u00adsi\u00addent, Amer\u00adi\u00adcan Cock\u00ader Spaniel France est une asso\u00adci\u00ada\u00adtion loi 1901 qui a \u00e9t\u00e9 cr\u00e9\u00e9e pour pro\u00admou\u00advoir cette race qui m\u00e9rite d'\u00eatre mieux con\u00adnue.&nbsp;Si&nbsp;[\u2026]<\/p>","protected":false},"author":1,"featured_media":0,"parent":0,"menu_order":0,"comment_status":"closed","ping_status":"closed","template":"","meta":{"wp_typography_post_enhancements_disabled":false},"_links":{"self":[{"href":"https:\/\/american-cocker-spaniel.fr\/en\/wp-json\/wp\/v2\/pages\/3028"}],"collection":[{"href":"https:\/\/american-cocker-spaniel.fr\/en\/wp-json\/wp\/v2\/pages"}],"about":[{"href":"https:\/\/american-cocker-spaniel.fr\/en\/wp-json\/wp\/v2\/types\/page"}],"author":[{"embeddable":true,"href":"https:\/\/american-cocker-spaniel.fr\/en\/wp-json\/wp\/v2\/users\/1"}],"replies":[{"embeddable":true,"href":"https:\/\/american-cocker-spaniel.fr\/en\/wp-json\/wp\/v2\/comments?post=3028"}],"version-history":[{"count":108,"href":"https:\/\/american-cocker-spaniel.fr\/en\/wp-json\/wp\/v2\/pages\/3028\/revisions"}],"predecessor-version":[{"id":5261,"href":"https:\/\/american-cocker-spaniel.fr\/en\/wp-json\/wp\/v2\/pages\/3028\/revisions\/5261"}],"wp:attachment":[{"href":"https:\/\/american-cocker-spaniel.fr\/en\/wp-json\/wp\/v2\/media?parent=3028"}],"curies":[{"name":"wp","href":"https:\/\/api.w.org\/{rel}","templated":true}]}}