{"id":2586,"date":"2019-02-11T21:55:18","date_gmt":"2019-02-11T20:55:18","guid":{"rendered":"https:\/\/american-cocker-spaniel.fr\/?page_id=2586"},"modified":"2019-03-24T09:10:07","modified_gmt":"2019-03-24T08:10:07","slug":"expo-consulter-lof-select","status":"publish","type":"page","link":"https:\/\/american-cocker-spaniel.fr\/en\/expo-consulter-lof-select","title":{"rendered":"Con\u00adsult lof Select"},"content":{"rendered":"<div data-elementor-type=\"wp-post\" data-elementor-id=\"2586\" class=\"elementor elementor-2586\" data-elementor-settings=\"[]\">\n\t\t\t\t\t\t<div class=\"elementor-inner\">\n\t\t\t\t\t\t\t<div class=\"elementor-section-wrap\">\n\t\t\t\t\t\t\t<section class=\"elementor-section elementor-top-section elementor-element elementor-element-ca43098 elementor-section-boxed elementor-section-height-default elementor-section-height-default\" data-id=\"ca43098\" data-element_type=\"section\">\n\t\t\t\t\t\t<div class=\"elementor-container elementor-column-gap-default\">\n\t\t\t\t\t\t\t<div class=\"elementor-row\">\n\t\t\t\t\t<div class=\"elementor-column elementor-col-100 elementor-top-column elementor-element elementor-element-19f669b\" data-id=\"19f669b\" data-element_type=\"column\">\n\t\t\t<div class=\"elementor-column-wrap elementor-element-populated\">\n\t\t\t\t\t\t\t<div class=\"elementor-widget-wrap\">\n\t\t\t\t\t\t<div class=\"elementor-element elementor-element-8ac3b68 elementor-widget elementor-widget-image\" data-id=\"8ac3b68\" data-element_type=\"widget\" data-widget_type=\"image.default\">\n\t\t\t\t<div class=\"elementor-widget-container\">\n\t\t\t\t\t\t\t\t<div class=\"elementor-image\">\n\t\t\t\t\t\t\t\t\t\t\t\t\t<a href=\"https:\/\/www.centrale-canine.fr\/lofselect\/recherche-chien\" target=\"_blank\">\n\t\t\t\t\t\t\t<img width=\"300\" height=\"229\" src=\"https:\/\/american-cocker-spaniel.fr\/wp-content\/uploads\/2019\/02\/0225EE24-A72F-432E-8EC6-B32A7A7CE68D-300x229.png\" class=\"attachment-medium size-medium\" alt loading=\"lazy\" srcset=\"https:\/\/american-cocker-spaniel.fr\/wp-content\/uploads\/2019\/02\/0225EE24-A72F-432E-8EC6-B32A7A7CE68D-300x229.png 300w, https:\/\/american-cocker-spaniel.fr\/wp-content\/uploads\/2019\/02\/0225EE24-A72F-432E-8EC6-B32A7A7CE68D.png 510w\" sizes=\"(max-width: 300px) 100vw, 300px\">\t\t\t\t\t\t\t\t<\/a>\n\t\t\t\t\t\t\t\t\t\t\t\t\t\t<\/div>\n\t\t\t\t\t\t<\/div>\n\t\t\t\t<\/div>\n\t\t\t\t\t\t<\/div>\n\t\t\t\t\t<\/div>\n\t\t<\/div>\n\t\t\t\t\t\t\t\t<\/div>\n\t\t\t\t\t<\/div>\n\t\t<\/section>\n\t\t\t\t<section class=\"elementor-section elementor-top-section elementor-element elementor-element-d9e6954 elementor-section-boxed elementor-section-height-default elementor-section-height-default\" data-id=\"d9e6954\" data-element_type=\"section\">\n\t\t\t\t\t\t<div class=\"elementor-container elementor-column-gap-default\">\n\t\t\t\t\t\t\t<div class=\"elementor-row\">\n\t\t\t\t\t<div class=\"elementor-column elementor-col-100 elementor-top-column elementor-element elementor-element-3612303\" data-id=\"3612303\" data-element_type=\"column\">\n\t\t\t<div class=\"elementor-column-wrap\">\n\t\t\t\t\t\t\t<div class=\"elementor-widget-wrap\">\n\t\t\t\t\t\t\t\t<\/div>\n\t\t\t\t\t<\/div>\n\t\t<\/div>\n\t\t\t\t\t\t\t\t<\/div>\n\t\t\t\t\t<\/div>\n\t\t<\/section>\n\t\t\t\t<section class=\"elementor-section elementor-top-section elementor-element elementor-element-b712eea elementor-section-boxed elementor-section-height-default elementor-section-height-default\" data-id=\"b712eea\" data-element_type=\"section\">\n\t\t\t\t\t\t<div class=\"elementor-container elementor-column-gap-default\">\n\t\t\t\t\t\t\t<div class=\"elementor-row\">\n\t\t\t\t\t<div class=\"elementor-column elementor-col-100 elementor-top-column elementor-element elementor-element-e2eb07c\" data-id=\"e2eb07c\" data-element_type=\"column\">\n\t\t\t<div class=\"elementor-column-wrap elementor-element-populated\">\n\t\t\t\t\t\t\t<div class=\"elementor-widget-wrap\">\n\t\t\t\t\t\t<div class=\"elementor-element elementor-element-f0f1a5a elementor-widget elementor-widget-heading\" data-id=\"f0f1a5a\" data-element_type=\"widget\" data-widget_type=\"heading.default\">\n\t\t\t\t<div class=\"elementor-widget-container\">\n\t\t\t<h2 class=\"elementor-heading-title elementor-size-default\">Pourquoi consulter <span class=\"caps\">LOF<\/span> Select de la Centrale Canine&nbsp;?<\/h2>\t\t<\/div>\n\t\t\t\t<\/div>\n\t\t\t\t<div class=\"elementor-element elementor-element-e8b2b97 elementor-widget elementor-widget-text-editor\" data-id=\"e8b2b97\" data-element_type=\"widget\" data-widget_type=\"text-editor.default\">\n\t\t\t\t<div class=\"elementor-widget-container\">\n\t\t\t\t\t\t\t\t<div class=\"elementor-text-editor elementor-clearfix\">\n\t\t\t\t\t<p style=\"text-align: justify;\"><strong>Trois fonc\u00adtion\u00adnal\u00adit\u00e9s sont disponibles&nbsp;:<\/strong><\/p><ul style=\"margin-top: -20px; text-align: justify;\"><li style=\"list-style-type: none;\"><ul style=\"margin-top: -20px;\"><li style=\"list-style-type: none;\"><ul style=\"margin-top: -20px;\"><li style=\"text-align: justify;\"><strong>Con\u00adsul\u00adter la fiche d\u2019un chien :<\/strong> \u00e0 par\u00adtir de son iden\u00adti\u00adfi\u00adca\u00adtion, vous pou\u00advez con\u00adsul\u00adter la fiche d\u2019un chien sur laque\u00adlle fig\u00adurent toutes les infor\u00adma\u00adtions recueil\u00adlies par la <span class=\"caps\">SCC<\/span> sur ce chien, r\u00e9par\u00adties en dif\u00adf\u00e9rents onglets : P\u00e9di\u00adgr\u00e9e, <span class=\"caps\">ADN<\/span> et San\u00adt\u00e9, Expo\u00adsi\u00adtion, Util\u00adi\u00adsa\u00adtion, Col\u00adlat\u00e9raux et Descen\u00addance. Le bou\u00adton \u00ab <em>Voir les infos de la race<\/em> \u00bb (sous la pho\u00adto du chien) vous per\u00admet d\u2019acc\u00e9der \u00e0 des arti\u00adcles sur la poli\u00adtique de s\u00e9lec\u00adtion et de san\u00adt\u00e9 du club de&nbsp;race.<\/li><li><strong>Chercher des g\u00e9ni\u00adteurs :<\/strong> donne la liste de tous les chiens qui cor\u00adre\u00adspon\u00addent aux crit\u00e8res que vous aurez choi\u00adsis (par exem\u00adple : dys\u00adplasie des hanch\u00ades A ou B et au moins un titre de Cham\u00adpi\u00adon). Vous pour\u00adrez cli\u00adquer sur les noms des chiens, con\u00adsul\u00adter leurs fich\u00ades pour avoir tous les ren\u00adseigne\u00adments disponibles sur ces sujets et\u2026 choisir le repro\u00adduc\u00adteur qui con\u00advient le mieux \u00e0 votre \u00e9levage.<\/li><li style=\"text-align: justify;\"><strong>Simuler un p\u00e9di\u00adgr\u00e9e ! Cr\u00e9er une alliance virtuelle :<\/strong> cette fonc\u00adtion\u00adnal\u00adit\u00e9 per\u00admet d\u2019\u00e9diter un p\u00e9di\u00adgr\u00e9e <span class=\"caps\">5G<\/span> virtuel en choi\u00adsis\u00adsant les deux par\u00adents dans la base. Toutes les infor\u00adma\u00adtions sur le r\u00e9sul\u00adtat de l\u2019alliance con\u00adsid\u00ad\u00e9r\u00e9e sont g\u00e9n\u00e9r\u00e9es en fonc\u00adtion de celles des par\u00adents. Ce doc\u00adu\u00adment n\u2019est en aucun cas un doc\u00adu\u00adment g\u00e9n\u00e9alogique offi\u00adciel mais un doc\u00adu\u00adment de tra\u00advail pour l\u2019\u00e9leveur, voire de pro\u00admo\u00adtion pour sa port\u00e9e.<\/li><\/ul><\/li><\/ul><\/li><\/ul><p style=\"text-align: justify;\"><strong>Vous avez acc\u00e8s \u00e0 des arti\u00adcles g\u00e9n\u00e9raux&nbsp;:<\/strong><\/p><ul style=\"margin-top: -20px;\"><li style=\"list-style-type: none;\"><ul style=\"margin-top: -20px;\"><li style=\"list-style-type: none;\"><ul style=\"margin-top: -20px;\"><li style=\"text-align: justify;\">Notions de g\u00e9n\u00e9\u00adtique : pour mieux com\u00adpren\u00addre la g\u00e9n\u00e9\u00adtique canine.<\/li><li style=\"text-align: justify;\">S\u00e9lec\u00adtion : quelques con\u00adseils et expli\u00adca\u00adtions sur la s\u00e9lec\u00adtion (d\u00e9f\u00adi\u00adni\u00adtion de la grille de s\u00e9lec\u00adtion, util\u00adi\u00adsa\u00adtion des tests <span class=\"caps\">ADN<\/span> pour la s\u00e9lection,&nbsp;\u2026&nbsp;)<\/li><li style=\"text-align: justify;\">Pro\u00adto\u00adcoles de san\u00adt\u00e9 : pro\u00adto\u00adcoles types de la <span class=\"caps\">SCC<\/span> pour les exa\u00adm\u00adens de&nbsp;sant\u00e9.<\/li><\/ul><\/li><\/ul><\/li><\/ul>\t\t\t\t\t<\/div>\n\t\t\t\t\t\t<\/div>\n\t\t\t\t<\/div>\n\t\t\t\t\t\t<\/div>\n\t\t\t\t\t<\/div>\n\t\t<\/div>\n\t\t\t\t\t\t\t\t<\/div>\n\t\t\t\t\t<\/div>\n\t\t<\/section>\n\t\t\t\t<section class=\"elementor-section elementor-top-section elementor-element elementor-element-fbc0b95 elementor-section-boxed elementor-section-height-default elementor-section-height-default\" data-id=\"fbc0b95\" data-element_type=\"section\">\n\t\t\t\t\t\t<div class=\"elementor-container elementor-column-gap-default\">\n\t\t\t\t\t\t\t<div class=\"elementor-row\">\n\t\t\t\t\t<div class=\"elementor-column elementor-col-100 elementor-top-column elementor-element elementor-element-c61a56d\" data-id=\"c61a56d\" data-element_type=\"column\">\n\t\t\t<div class=\"elementor-column-wrap elementor-element-populated\">\n\t\t\t\t\t\t\t<div class=\"elementor-widget-wrap\">\n\t\t\t\t\t\t<div class=\"elementor-element elementor-element-32a0921 elementor-widget elementor-widget-text-editor\" data-id=\"32a0921\" data-element_type=\"widget\" data-widget_type=\"text-editor.default\">\n\t\t\t\t<div class=\"elementor-widget-container\">\n\t\t\t\t\t\t\t\t<div class=\"elementor-text-editor elementor-clearfix\">\n\t\t\t\t\t<p><strong>Bases d'informations \u00e0 l'\u00e9tranger<\/strong><\/p>\t\t\t\t\t<\/div>\n\t\t\t\t\t\t<\/div>\n\t\t\t\t<\/div>\n\t\t\t\t\t\t<\/div>\n\t\t\t\t\t<\/div>\n\t\t<\/div>\n\t\t\t\t\t\t\t\t<\/div>\n\t\t\t\t\t<\/div>\n\t\t<\/section>\n\t\t\t\t<section class=\"elementor-section elementor-top-section elementor-element elementor-element-7236a23 elementor-section-boxed elementor-section-height-default elementor-section-height-default\" data-id=\"7236a23\" data-element_type=\"section\">\n\t\t\t\t\t\t<div class=\"elementor-container elementor-column-gap-default\">\n\t\t\t\t\t\t\t<div class=\"elementor-row\">\n\t\t\t\t\t<div class=\"elementor-column elementor-col-100 elementor-top-column elementor-element elementor-element-0181f64\" data-id=\"0181f64\" data-element_type=\"column\">\n\t\t\t<div class=\"elementor-column-wrap elementor-element-populated\">\n\t\t\t\t\t\t\t<div class=\"elementor-widget-wrap\">\n\t\t\t\t\t\t<section class=\"elementor-section elementor-inner-section elementor-element elementor-element-8800cde elementor-section-boxed elementor-section-height-default elementor-section-height-default\" data-id=\"8800cde\" data-element_type=\"section\">\n\t\t\t\t\t\t<div class=\"elementor-container elementor-column-gap-default\">\n\t\t\t\t\t\t\t<div class=\"elementor-row\">\n\t\t\t\t\t<div class=\"elementor-column elementor-col-33 elementor-inner-column elementor-element elementor-element-d874c73\" data-id=\"d874c73\" data-element_type=\"column\">\n\t\t\t<div class=\"elementor-column-wrap elementor-element-populated\">\n\t\t\t\t\t\t\t<div class=\"elementor-widget-wrap\">\n\t\t\t\t\t\t<div class=\"elementor-element elementor-element-c65d7ec elementor-widget elementor-widget-image\" data-id=\"c65d7ec\" data-element_type=\"widget\" data-widget_type=\"image.default\">\n\t\t\t\t<div class=\"elementor-widget-container\">\n\t\t\t\t\t\t\t\t<div class=\"elementor-image\">\n\t\t\t\t\t\t\t\t\t\t\t\t\t<a href=\"https:\/\/www.thekennelclub.org.uk\/services\/public\/mateselect\/\" target=\"_blank\">\n\t\t\t\t\t\t\t<img width=\"300\" height=\"51\" src=\"https:\/\/american-cocker-spaniel.fr\/wp-content\/uploads\/2019\/03\/gb-300x51.jpg\" class=\"attachment-medium size-medium\" alt loading=\"lazy\" srcset=\"https:\/\/american-cocker-spaniel.fr\/wp-content\/uploads\/2019\/03\/gb-300x51.jpg 300w, https:\/\/american-cocker-spaniel.fr\/wp-content\/uploads\/2019\/03\/gb.jpg 367w\" sizes=\"(max-width: 300px) 100vw, 300px\">\t\t\t\t\t\t\t\t<\/a>\n\t\t\t\t\t\t\t\t\t\t\t\t\t\t<\/div>\n\t\t\t\t\t\t<\/div>\n\t\t\t\t<\/div>\n\t\t\t\t\t\t<\/div>\n\t\t\t\t\t<\/div>\n\t\t<\/div>\n\t\t\t\t<div class=\"elementor-column elementor-col-66 elementor-inner-column elementor-element elementor-element-7df2ee5\" data-id=\"7df2ee5\" data-element_type=\"column\">\n\t\t\t<div class=\"elementor-column-wrap elementor-element-populated\">\n\t\t\t\t\t\t\t<div class=\"elementor-widget-wrap\">\n\t\t\t\t\t\t<div class=\"elementor-element elementor-element-33311e9 elementor-widget elementor-widget-text-editor\" data-id=\"33311e9\" data-element_type=\"widget\" data-widget_type=\"text-editor.default\">\n\t\t\t\t<div class=\"elementor-widget-container\">\n\t\t\t\t\t\t\t\t<div class=\"elementor-text-editor elementor-clearfix\">\n\t\t\t\t\t<p><a href=\"https:\/\/www.thekennelclub.org.uk\/services\/public\/mateselect\/\" target=\"_blank\" rel=\"noopener\" data-wplink-edit=\"true\">The Ken\u00adnel\u00adClub (Grande-Bre\u00adtagne) \u2014 Mate Selec&nbsp;<\/a><br>Fonc\u00adtion\u00adnal\u00adit\u00e9s : r\u00e9sul\u00adtats\u00adde sant\u00e9,index pour dis\u00adplasie hanch\u00ades et coudes et coef\u00adf\u00adi\u00adcent de consanguinit\u00e9.<\/p>\t\t\t\t\t<\/div>\n\t\t\t\t\t\t<\/div>\n\t\t\t\t<\/div>\n\t\t\t\t\t\t<\/div>\n\t\t\t\t\t<\/div>\n\t\t<\/div>\n\t\t\t\t\t\t\t\t<\/div>\n\t\t\t\t\t<\/div>\n\t\t<\/section>\n\t\t\t\t<section class=\"elementor-section elementor-inner-section elementor-element elementor-element-16bca70 elementor-section-boxed elementor-section-height-default elementor-section-height-default\" data-id=\"16bca70\" data-element_type=\"section\">\n\t\t\t\t\t\t<div class=\"elementor-container elementor-column-gap-default\">\n\t\t\t\t\t\t\t<div class=\"elementor-row\">\n\t\t\t\t\t<div class=\"elementor-column elementor-col-33 elementor-inner-column elementor-element elementor-element-a62fcb0\" data-id=\"a62fcb0\" data-element_type=\"column\">\n\t\t\t<div class=\"elementor-column-wrap elementor-element-populated\">\n\t\t\t\t\t\t\t<div class=\"elementor-widget-wrap\">\n\t\t\t\t\t\t<div class=\"elementor-element elementor-element-7d72437 elementor-widget elementor-widget-image\" data-id=\"7d72437\" data-element_type=\"widget\" data-widget_type=\"image.default\">\n\t\t\t\t<div class=\"elementor-widget-container\">\n\t\t\t\t\t\t\t\t<div class=\"elementor-image\">\n\t\t\t\t\t\t\t\t\t\t\t\t\t<a href=\"https:\/\/www.houdenvanhonden.nl\/genereties-gezondheid-online\/\" target=\"_blank\">\n\t\t\t\t\t\t\t<img width=\"300\" height=\"48\" src=\"https:\/\/american-cocker-spaniel.fr\/wp-content\/uploads\/2019\/03\/NL-300x48.jpg\" class=\"attachment-medium size-medium\" alt loading=\"lazy\" srcset=\"https:\/\/american-cocker-spaniel.fr\/wp-content\/uploads\/2019\/03\/NL-300x48.jpg 300w, https:\/\/american-cocker-spaniel.fr\/wp-content\/uploads\/2019\/03\/NL.jpg 365w\" sizes=\"(max-width: 300px) 100vw, 300px\">\t\t\t\t\t\t\t\t<\/a>\n\t\t\t\t\t\t\t\t\t\t\t\t\t\t<\/div>\n\t\t\t\t\t\t<\/div>\n\t\t\t\t<\/div>\n\t\t\t\t\t\t<\/div>\n\t\t\t\t\t<\/div>\n\t\t<\/div>\n\t\t\t\t<div class=\"elementor-column elementor-col-66 elementor-inner-column elementor-element elementor-element-ae25503\" data-id=\"ae25503\" data-element_type=\"column\">\n\t\t\t<div class=\"elementor-column-wrap elementor-element-populated\">\n\t\t\t\t\t\t\t<div class=\"elementor-widget-wrap\">\n\t\t\t\t\t\t<div class=\"elementor-element elementor-element-441426b elementor-widget elementor-widget-text-editor\" data-id=\"441426b\" data-element_type=\"widget\" data-widget_type=\"text-editor.default\">\n\t\t\t\t<div class=\"elementor-widget-container\">\n\t\t\t\t\t\t\t\t<div class=\"elementor-text-editor elementor-clearfix\">\n\t\t\t\t\t<p><a href=\"https:\/\/www.houdenvanhonden.nl\/genereties-gezondheid-online\/\" target=\"_blank\" rel=\"noopener\" data-wplink-edit=\"true\">Raad van Beheer (Pays-Bas) \u2014 Gen\u00ader\u00adaties <span class=\"amp\">&amp;<\/span> Gezond\u00adheid Online<\/a><br>Fonc\u00adtion\u00adnal\u00adit\u00e9s : pedi\u00adgree et r\u00e9sul\u00adtats de&nbsp;sant\u00e9.<\/p>\t\t\t\t\t<\/div>\n\t\t\t\t\t\t<\/div>\n\t\t\t\t<\/div>\n\t\t\t\t\t\t<\/div>\n\t\t\t\t\t<\/div>\n\t\t<\/div>\n\t\t\t\t\t\t\t\t<\/div>\n\t\t\t\t\t<\/div>\n\t\t<\/section>\n\t\t\t\t<section class=\"elementor-section elementor-inner-section elementor-element elementor-element-a856d65 elementor-section-boxed elementor-section-height-default elementor-section-height-default\" data-id=\"a856d65\" data-element_type=\"section\">\n\t\t\t\t\t\t<div class=\"elementor-container elementor-column-gap-default\">\n\t\t\t\t\t\t\t<div class=\"elementor-row\">\n\t\t\t\t\t<div class=\"elementor-column elementor-col-33 elementor-inner-column elementor-element elementor-element-d059225\" data-id=\"d059225\" data-element_type=\"column\">\n\t\t\t<div class=\"elementor-column-wrap elementor-element-populated\">\n\t\t\t\t\t\t\t<div class=\"elementor-widget-wrap\">\n\t\t\t\t\t\t<div class=\"elementor-element elementor-element-8f9ad40 elementor-widget elementor-widget-image\" data-id=\"8f9ad40\" data-element_type=\"widget\" data-widget_type=\"image.default\">\n\t\t\t\t<div class=\"elementor-widget-container\">\n\t\t\t\t\t\t\t\t<div class=\"elementor-image\">\n\t\t\t\t\t\t\t\t\t\t\t\t\t<a href=\"https:\/\/jalostus.kennelliitto.fi\/\" target=\"_blank\">\n\t\t\t\t\t\t\t<img width=\"300\" height=\"49\" src=\"https:\/\/american-cocker-spaniel.fr\/wp-content\/uploads\/2019\/03\/FI-300x49.jpg\" class=\"attachment-medium size-medium\" alt loading=\"lazy\" srcset=\"https:\/\/american-cocker-spaniel.fr\/wp-content\/uploads\/2019\/03\/FI-300x49.jpg 300w, https:\/\/american-cocker-spaniel.fr\/wp-content\/uploads\/2019\/03\/FI.jpg 365w\" sizes=\"(max-width: 300px) 100vw, 300px\">\t\t\t\t\t\t\t\t<\/a>\n\t\t\t\t\t\t\t\t\t\t\t\t\t\t<\/div>\n\t\t\t\t\t\t<\/div>\n\t\t\t\t<\/div>\n\t\t\t\t\t\t<\/div>\n\t\t\t\t\t<\/div>\n\t\t<\/div>\n\t\t\t\t<div class=\"elementor-column elementor-col-66 elementor-inner-column elementor-element elementor-element-cbeb076\" data-id=\"cbeb076\" data-element_type=\"column\">\n\t\t\t<div class=\"elementor-column-wrap elementor-element-populated\">\n\t\t\t\t\t\t\t<div class=\"elementor-widget-wrap\">\n\t\t\t\t\t\t<div class=\"elementor-element elementor-element-a7dc2e5 elementor-widget elementor-widget-text-editor\" data-id=\"a7dc2e5\" data-element_type=\"widget\" data-widget_type=\"text-editor.default\">\n\t\t\t\t<div class=\"elementor-widget-container\">\n\t\t\t\t\t\t\t\t<div class=\"elementor-text-editor elementor-clearfix\">\n\t\t\t\t\t<p><a href=\"https:\/\/jalostus.kennelliitto.fi\/\" target=\"_blank\" rel=\"noopener\" data-wplink-edit=\"true\">Suomen Ken\u00adnel\u00adlit\u00adto (Fin\u00adlande) \u2013 KoiaNet<\/a><br>Fonc\u00adtion\u00adnal\u00adit\u00e9s : pedi\u00adgree et r\u00e9sul\u00adtats de san\u00adt\u00e9, index pour dis\u00adplasie hanch\u00ades et coudes et coef\u00adf\u00adi\u00adcent de consanguinit\u00e9.<\/p>\t\t\t\t\t<\/div>\n\t\t\t\t\t\t<\/div>\n\t\t\t\t<\/div>\n\t\t\t\t\t\t<\/div>\n\t\t\t\t\t<\/div>\n\t\t<\/div>\n\t\t\t\t\t\t\t\t<\/div>\n\t\t\t\t\t<\/div>\n\t\t<\/section>\n\t\t\t\t<section class=\"elementor-section elementor-inner-section elementor-element elementor-element-35cc3f6 elementor-section-boxed elementor-section-height-default elementor-section-height-default\" data-id=\"35cc3f6\" data-element_type=\"section\">\n\t\t\t\t\t\t<div class=\"elementor-container elementor-column-gap-default\">\n\t\t\t\t\t\t\t<div class=\"elementor-row\">\n\t\t\t\t\t<div class=\"elementor-column elementor-col-33 elementor-inner-column elementor-element elementor-element-94f7161\" data-id=\"94f7161\" data-element_type=\"column\">\n\t\t\t<div class=\"elementor-column-wrap elementor-element-populated\">\n\t\t\t\t\t\t\t<div class=\"elementor-widget-wrap\">\n\t\t\t\t\t\t<div class=\"elementor-element elementor-element-8200ff9 elementor-widget elementor-widget-image\" data-id=\"8200ff9\" data-element_type=\"widget\" data-widget_type=\"image.default\">\n\t\t\t\t<div class=\"elementor-widget-container\">\n\t\t\t\t\t\t\t\t<div class=\"elementor-image\">\n\t\t\t\t\t\t\t\t\t\t\t\t\t<a href=\"https:\/\/hundar.skk.se\/avelsdata\/\" target=\"_blank\">\n\t\t\t\t\t\t\t<img width=\"300\" height=\"51\" src=\"https:\/\/american-cocker-spaniel.fr\/wp-content\/uploads\/2019\/03\/se-300x51.jpg\" class=\"attachment-medium size-medium\" alt loading=\"lazy\" srcset=\"https:\/\/american-cocker-spaniel.fr\/wp-content\/uploads\/2019\/03\/se-300x51.jpg 300w, https:\/\/american-cocker-spaniel.fr\/wp-content\/uploads\/2019\/03\/se.jpg 367w\" sizes=\"(max-width: 300px) 100vw, 300px\">\t\t\t\t\t\t\t\t<\/a>\n\t\t\t\t\t\t\t\t\t\t\t\t\t\t<\/div>\n\t\t\t\t\t\t<\/div>\n\t\t\t\t<\/div>\n\t\t\t\t\t\t<\/div>\n\t\t\t\t\t<\/div>\n\t\t<\/div>\n\t\t\t\t<div class=\"elementor-column elementor-col-66 elementor-inner-column elementor-element elementor-element-15b7976\" data-id=\"15b7976\" data-element_type=\"column\">\n\t\t\t<div class=\"elementor-column-wrap elementor-element-populated\">\n\t\t\t\t\t\t\t<div class=\"elementor-widget-wrap\">\n\t\t\t\t\t\t<div class=\"elementor-element elementor-element-c50e6d5 elementor-widget elementor-widget-text-editor\" data-id=\"c50e6d5\" data-element_type=\"widget\" data-widget_type=\"text-editor.default\">\n\t\t\t\t<div class=\"elementor-widget-container\">\n\t\t\t\t\t\t\t\t<div class=\"elementor-text-editor elementor-clearfix\">\n\t\t\t\t\t<p><a href=\"https:\/\/hundar.skk.se\/avelsdata\/\" target=\"_blank\" rel=\"noopener\" data-wplink-edit=\"true\">Norsk Ken\u00adnelk\u00adlubben (Suede)- <span class=\"caps\">SKK<\/span> Avels\u00adda\u00adta<\/a><br>Fonc\u00adtion\u00adnal\u00adit\u00e9s : pedi\u00adgree et r\u00e9sul\u00adtats de san\u00adt\u00e9, index pour dis\u00adplasie hanch\u00ades et coudes et coef\u00adf\u00adi\u00adcent de con\u00adsan\u00adguinit\u00e9, test de caract\u00e8re,<\/p>\t\t\t\t\t<\/div>\n\t\t\t\t\t\t<\/div>\n\t\t\t\t<\/div>\n\t\t\t\t\t\t<\/div>\n\t\t\t\t\t<\/div>\n\t\t<\/div>\n\t\t\t\t\t\t\t\t<\/div>\n\t\t\t\t\t<\/div>\n\t\t<\/section>\n\t\t\t\t<section class=\"elementor-section elementor-inner-section elementor-element elementor-element-faca711 elementor-section-boxed elementor-section-height-default elementor-section-height-default\" data-id=\"faca711\" data-element_type=\"section\">\n\t\t\t\t\t\t<div class=\"elementor-container elementor-column-gap-default\">\n\t\t\t\t\t\t\t<div class=\"elementor-row\">\n\t\t\t\t\t<div class=\"elementor-column elementor-col-33 elementor-inner-column elementor-element elementor-element-eada9ae\" data-id=\"eada9ae\" data-element_type=\"column\">\n\t\t\t<div class=\"elementor-column-wrap elementor-element-populated\">\n\t\t\t\t\t\t\t<div class=\"elementor-widget-wrap\">\n\t\t\t\t\t\t<div class=\"elementor-element elementor-element-b920251 elementor-widget elementor-widget-image\" data-id=\"b920251\" data-element_type=\"widget\" data-widget_type=\"image.default\">\n\t\t\t\t<div class=\"elementor-widget-container\">\n\t\t\t\t\t\t\t\t<div class=\"elementor-image\">\n\t\t\t\t\t\t\t\t\t\t\t\t\t<a href=\"https:\/\/www.dogweb.no\/\" target=\"_blank\">\n\t\t\t\t\t\t\t<img width=\"300\" height=\"51\" src=\"https:\/\/american-cocker-spaniel.fr\/wp-content\/uploads\/2019\/03\/nor-1-300x51.jpg\" class=\"attachment-medium size-medium\" alt loading=\"lazy\" srcset=\"https:\/\/american-cocker-spaniel.fr\/wp-content\/uploads\/2019\/03\/nor-1-300x51.jpg 300w, https:\/\/american-cocker-spaniel.fr\/wp-content\/uploads\/2019\/03\/nor-1.jpg 367w\" sizes=\"(max-width: 300px) 100vw, 300px\">\t\t\t\t\t\t\t\t<\/a>\n\t\t\t\t\t\t\t\t\t\t\t\t\t\t<\/div>\n\t\t\t\t\t\t<\/div>\n\t\t\t\t<\/div>\n\t\t\t\t\t\t<\/div>\n\t\t\t\t\t<\/div>\n\t\t<\/div>\n\t\t\t\t<div class=\"elementor-column elementor-col-66 elementor-inner-column elementor-element elementor-element-d0a5398\" data-id=\"d0a5398\" data-element_type=\"column\">\n\t\t\t<div class=\"elementor-column-wrap elementor-element-populated\">\n\t\t\t\t\t\t\t<div class=\"elementor-widget-wrap\">\n\t\t\t\t\t\t<div class=\"elementor-element elementor-element-570a424 elementor-widget elementor-widget-text-editor\" data-id=\"570a424\" data-element_type=\"widget\" data-widget_type=\"text-editor.default\">\n\t\t\t\t<div class=\"elementor-widget-container\">\n\t\t\t\t\t\t\t\t<div class=\"elementor-text-editor elementor-clearfix\">\n\t\t\t\t\t<p><a href=\"https:\/\/www.dogweb.no\/\" target=\"_blank\" rel=\"noopener\" data-wplink-edit=\"true\">Norsk Ken\u00adnel Klub (Norv\u00e8ge) \u2013 Dog\u00adweb<\/a><br>Fonc\u00adtion\u00adnal\u00adit\u00e9s : pedi\u00adgree et r\u00e9sul\u00adtats de san\u00adt\u00e9, index pour dis\u00adplasie hanch\u00ades et coudes et coef\u00adf\u00adi\u00adcent de consanguinit\u00e9.<\/p>\t\t\t\t\t<\/div>\n\t\t\t\t\t\t<\/div>\n\t\t\t\t<\/div>\n\t\t\t\t\t\t<\/div>\n\t\t\t\t\t<\/div>\n\t\t<\/div>\n\t\t\t\t\t\t\t\t<\/div>\n\t\t\t\t\t<\/div>\n\t\t<\/section>\n\t\t\t\t<div class=\"elementor-element elementor-element-1f54ed8 elementor-widget elementor-widget-text-editor\" data-id=\"1f54ed8\" data-element_type=\"widget\" data-widget_type=\"text-editor.default\">\n\t\t\t\t<div class=\"elementor-widget-container\">\n\t\t\t\t\t\t\t\t<div class=\"elementor-text-editor elementor-clearfix\">\n\t\t\t\t\t<p>Source <span class=\"caps\">SCC<\/span> <span class=\"caps\">RCF<\/span>&nbsp;198<\/p>\t\t\t\t\t<\/div>\n\t\t\t\t\t\t<\/div>\n\t\t\t\t<\/div>\n\t\t\t\t\t\t<\/div>\n\t\t\t\t\t<\/div>\n\t\t<\/div>\n\t\t\t\t\t\t\t\t<\/div>\n\t\t\t\t\t<\/div>\n\t\t<\/section>\n\t\t\t\t\t\t<\/div>\n\t\t\t\t\t\t<\/div>\n\t\t\t\t\t<\/div>","protected":false},"excerpt":{"rendered":"<p>Pourquoi con\u00adsul\u00adter <span class=\"caps\">LOF<\/span> Select de la Cen\u00adtrale Canine ? Trois fonc\u00adtion\u00adnal\u00adit\u00e9s sont disponibles : Con\u00adsul\u00adter la fiche d\u2019un chien : \u00e0 par\u00adtir de son iden\u00adti\u00adfi\u00adca\u00adtion, vous pou\u00advez con\u00adsul\u00adter la fiche d\u2019un chien sur laque\u00adlle fig\u00adurent toutes les infor\u00adma\u00adtions recueil\u00adlies par la <span class=\"caps\">SCC<\/span> sur ce chien, r\u00e9par\u00adties en dif\u00adf\u00e9rents onglets : P\u00e9di\u00adgr\u00e9e, <span class=\"caps\">ADN<\/span> et San\u00adt\u00e9, Exposition,&nbsp;[\u2026]<\/p>","protected":false},"author":3,"featured_media":0,"parent":0,"menu_order":0,"comment_status":"closed","ping_status":"closed","template":"","meta":{"wp_typography_post_enhancements_disabled":false},"_links":{"self":[{"href":"https:\/\/american-cocker-spaniel.fr\/en\/wp-json\/wp\/v2\/pages\/2586"}],"collection":[{"href":"https:\/\/american-cocker-spaniel.fr\/en\/wp-json\/wp\/v2\/pages"}],"about":[{"href":"https:\/\/american-cocker-spaniel.fr\/en\/wp-json\/wp\/v2\/types\/page"}],"author":[{"embeddable":true,"href":"https:\/\/american-cocker-spaniel.fr\/en\/wp-json\/wp\/v2\/users\/3"}],"replies":[{"embeddable":true,"href":"https:\/\/american-cocker-spaniel.fr\/en\/wp-json\/wp\/v2\/comments?post=2586"}],"version-history":[{"count":76,"href":"https:\/\/american-cocker-spaniel.fr\/en\/wp-json\/wp\/v2\/pages\/2586\/revisions"}],"predecessor-version":[{"id":4481,"href":"https:\/\/american-cocker-spaniel.fr\/en\/wp-json\/wp\/v2\/pages\/2586\/revisions\/4481"}],"wp:attachment":[{"href":"https:\/\/american-cocker-spaniel.fr\/en\/wp-json\/wp\/v2\/media?parent=2586"}],"curies":[{"name":"wp","href":"https:\/\/api.w.org\/{rel}","templated":true}]}}