{"id":2292,"date":"2019-01-18T13:24:02","date_gmt":"2019-01-18T12:24:02","guid":{"rendered":"https:\/\/american-cocker-spaniel.fr\/?page_id=2292"},"modified":"2020-09-06T18:01:06","modified_gmt":"2020-09-06T16:01:06","slug":"introduction","status":"publish","type":"page","link":"https:\/\/american-cocker-spaniel.fr\/en\/","title":{"rendered":"Amer\u00adi\u00adcan Cock\u00ader Spaniel"},"content":{"rendered":"<div data-elementor-type=\"wp-post\" data-elementor-id=\"2292\" class=\"elementor elementor-2292\" data-elementor-settings=\"[]\">\n\t\t\t\t\t\t<div class=\"elementor-inner\">\n\t\t\t\t\t\t\t<div class=\"elementor-section-wrap\">\n\t\t\t\t\t\t\t<section class=\"elementor-section elementor-top-section elementor-element elementor-element-d0aa27c elementor-section-boxed elementor-section-height-default elementor-section-height-default\" data-id=\"d0aa27c\" data-element_type=\"section\">\n\t\t\t\t\t\t<div class=\"elementor-container elementor-column-gap-default\">\n\t\t\t\t\t\t\t<div class=\"elementor-row\">\n\t\t\t\t\t<div class=\"elementor-column elementor-col-100 elementor-top-column elementor-element elementor-element-7c2bcbb\" data-id=\"7c2bcbb\" data-element_type=\"column\">\n\t\t\t<div class=\"elementor-column-wrap elementor-element-populated\">\n\t\t\t\t\t\t\t<div class=\"elementor-widget-wrap\">\n\t\t\t\t\t\t<div class=\"elementor-element elementor-element-88a47ae elementor-widget elementor-widget-text-editor\" data-id=\"88a47ae\" data-element_type=\"widget\" data-widget_type=\"text-editor.default\">\n\t\t\t\t<div class=\"elementor-widget-container\">\n\t\t\t\t\t\t\t\t<div class=\"elementor-text-editor elementor-clearfix\">\n\t\t\t\t\t<h3 style=\"text-align: justify;\"><strong><span style=\"color: #000080;\">The site American Cocker Spaniel is intended to promote this Cocker, dear to the unconditional of the breed. It was made by enthusiasts, to make it better known to the greatest number! While browsing these pages, you will not ignore anything of this Rascal of Cocker, so endearing and whole devoted to his family!<br>Le Cocker Am\u00e9ricain est le cousin du Cocker Anglais : c'est le plus petit des Spaniels \u2014 il est appel\u00e9 aussi Epagneul Cocker Am\u00e9ricain ou American Cocker Spaniel. Il n'est pas t\u00eatu comme son cousin anglais peut l'\u00eatre parfois \u2014 il n'a qu'un d\u00e9sir : plaire et charmer son entourage. Vous allez vite tomber sous son charme !<br>Le Cocker Am\u00e9ricain est class\u00e9 dans le groupe 8 de la classification <span class=\"caps\">FCI<\/span> (F\u00e9d\u00e9ration Cynologique Internationale), section 2 : chiens leveurs de gibier et broussailleurs \u2014 il n'est pas soumis au travail.&nbsp;<\/span><\/strong><\/h3>\t\t\t\t\t<\/div>\n\t\t\t\t\t\t<\/div>\n\t\t\t\t<\/div>\n\t\t\t\t\t\t<\/div>\n\t\t\t\t\t<\/div>\n\t\t<\/div>\n\t\t\t\t\t\t\t\t<\/div>\n\t\t\t\t\t<\/div>\n\t\t<\/section>\n\t\t\t\t<section class=\"elementor-section elementor-top-section elementor-element elementor-element-a77b84f elementor-section-boxed elementor-section-height-default elementor-section-height-default\" data-id=\"a77b84f\" data-element_type=\"section\">\n\t\t\t\t\t\t<div class=\"elementor-container elementor-column-gap-default\">\n\t\t\t\t\t\t\t<div class=\"elementor-row\">\n\t\t\t\t\t<div class=\"elementor-column elementor-col-100 elementor-top-column elementor-element elementor-element-adceff4\" data-id=\"adceff4\" data-element_type=\"column\">\n\t\t\t<div class=\"elementor-column-wrap elementor-element-populated\">\n\t\t\t\t\t\t\t<div class=\"elementor-widget-wrap\">\n\t\t\t\t\t\t<div class=\"elementor-element elementor-element-2ab451a elementor-widget elementor-widget-image\" data-id=\"2ab451a\" data-element_type=\"widget\" data-widget_type=\"image.default\">\n\t\t\t\t<div class=\"elementor-widget-container\">\n\t\t\t\t\t\t\t\t<div class=\"elementor-image\">\n\t\t\t\t\t\t\t\t\t<figure class=\"wp-caption\">\n\t\t\t\t\t\t\t\t\t\t<img width=\"1100\" height=\"547\" src=\"https:\/\/american-cocker-spaniel.fr\/wp-content\/uploads\/2019\/03\/sky.jpg\" class=\"attachment-full size-full\" alt=\"le site des amoureux du cocker am\u00e9ricain\" loading=\"lazy\" srcset=\"https:\/\/american-cocker-spaniel.fr\/wp-content\/uploads\/2019\/03\/sky.jpg 1100w, https:\/\/american-cocker-spaniel.fr\/wp-content\/uploads\/2019\/03\/sky-300x149.jpg 300w, https:\/\/american-cocker-spaniel.fr\/wp-content\/uploads\/2019\/03\/sky-768x382.jpg 768w, https:\/\/american-cocker-spaniel.fr\/wp-content\/uploads\/2019\/03\/sky-1024x509.jpg 1024w\" sizes=\"(max-width: 1100px) 100vw, 1100px\">\t\t\t\t\t\t\t\t\t\t\t<figcaption class=\"widget-image-caption wp-caption-text\">Gravure de Sky Butler<\/figcaption>\n\t\t\t\t\t\t\t\t\t\t<\/figure>\n\t\t\t\t\t\t\t\t<\/div>\n\t\t\t\t\t\t<\/div>\n\t\t\t\t<\/div>\n\t\t\t\t\t\t<\/div>\n\t\t\t\t\t<\/div>\n\t\t<\/div>\n\t\t\t\t\t\t\t\t<\/div>\n\t\t\t\t\t<\/div>\n\t\t<\/section>\n\t\t\t\t<section class=\"elementor-section elementor-top-section elementor-element elementor-element-764554f elementor-section-boxed elementor-section-height-default elementor-section-height-default\" data-id=\"764554f\" data-element_type=\"section\">\n\t\t\t\t\t\t<div class=\"elementor-container elementor-column-gap-default\">\n\t\t\t\t\t\t\t<div class=\"elementor-row\">\n\t\t\t\t\t<div class=\"elementor-column elementor-col-100 elementor-top-column elementor-element elementor-element-12d2b1c\" data-id=\"12d2b1c\" data-element_type=\"column\">\n\t\t\t<div class=\"elementor-column-wrap elementor-element-populated\">\n\t\t\t\t\t\t\t<div class=\"elementor-widget-wrap\">\n\t\t\t\t\t\t<div class=\"elementor-element elementor-element-1a0ede0 elementor-widget elementor-widget-text-editor\" data-id=\"1a0ede0\" data-element_type=\"widget\" data-widget_type=\"text-editor.default\">\n\t\t\t\t<div class=\"elementor-widget-container\">\n\t\t\t\t\t\t\t\t<div class=\"elementor-text-editor elementor-clearfix\">\n\t\t\t\t\t<h2>The beginnings of the American Cocker in France, by the pioneer of the&nbsp;breed.<\/h2><p><img loading=\"lazy\" class=\"alignright wp-image-3708\" src=\"https:\/\/american-cocker-spaniel.fr\/wp-content\/uploads\/2019\/03\/Mme-Firminhac-e1552818645866-253x300.jpg\" alt width=\"253\" height=\"300\" srcset=\"https:\/\/american-cocker-spaniel.fr\/wp-content\/uploads\/2019\/03\/Mme-Firminhac-e1552818645866-253x300.jpg 253w, https:\/\/american-cocker-spaniel.fr\/wp-content\/uploads\/2019\/03\/Mme-Firminhac-e1552818645866-768x910.jpg 768w, https:\/\/american-cocker-spaniel.fr\/wp-content\/uploads\/2019\/03\/Mme-Firminhac-e1552818645866-865x1024.jpg 865w, https:\/\/american-cocker-spaniel.fr\/wp-content\/uploads\/2019\/03\/Mme-Firminhac-e1552818645866.jpg 1404w\" sizes=\"(max-width: 253px) 100vw, 253px\"><\/p><p style=\"text-align: justify;\">\u00c0 l'exposition de Paris, en 1956, le cap\u00adi\u00adtaine L\u00e9on Blair pr\u00e9sen\u00adta un Cock\u00ader Am\u00e9ri\u00adcain blanc et noir et un sec\u00adond, blanc et orange qui, par la suite, furent ven\u00addus \u00e0 M. Bedel. Ils furent inscrits au Livre des Orig\u00adines Fran\u00e7ais sous les num\u00e9ros 1 et 2 mais n\u00e9 firent pas souche.<br>J'avais admir\u00e9 un cer\u00adtain nom\u00adbre de sp\u00e9ci\u00admens tr\u00e8s typ\u00e9s et tr\u00e8s \u00e9l\u00e9\u00adgants dans une revue am\u00e9ri\u00adcaine. En fait, j'ai eu le coup de foudre. J'ai voulu en savoir plus et apr\u00e8s de nom\u00adbreux con\u00adtacts al\u00e9a\u00adtoires, je suis entr\u00e9e en cor\u00adre\u00adspon\u00addance avec Mrs Poiggs, une grande \u00e9leveuse de Boston, qui a choisi pour moi le cou\u00adple de mes r\u00eaves : un m\u00e2le plut\u00f4t pla\u00adtine, Bigg's Snow Prince, et une femelle noire, Bigg's Promise. Ils arriv\u00e8rent en France dans les ann\u00e9es 60. La pre\u00admi\u00e8re expo\u00adsi\u00adtion \u00e0 Bel\u00adla\u00adgio, en Ital\u00adie, fut un suc\u00adc\u00e8s pour Promise d\u00e8s l'ann\u00e9e suiv\u00adante. En revanche, \u00e0 Paris, en 1959, le cou\u00adple n\u00e9 fut pas tr\u00e8s bien accueil\u00adli, tant par les exposants que par les \u00e9leveurs. Mais j'avais du courage \u00e0 reven\u00addre. Mon ent\u00adhou\u00adsi\u00adasme n\u00e9 fut pas entam\u00e9 pour autant. Aid\u00e9e de ma petite chi\u00adenne Promise, gaie et enj\u00f4leuse, j'eus vite fait de gag\u00adn\u00ader les sym\u00adpa\u00adthies, d'autant plus que les port\u00e9es arrivaient. Mon affixe, de la Haulte Fortelle, est par la suite devenu l\u2019embl\u00e8me d'une lign\u00e9e de cham\u00adpi\u00adons inter\u00adna\u00adtionaux de divers\u00ades couleurs et notam\u00adment des couleurs cr\u00e8me tr\u00e8s recon\u00adnaiss\u00adables.<br>Puisque l'occasion m'en est don\u00adn\u00e9e, j'aimerais me sou\u00advenir d'un vieil ami, qui a per\u00admis \u00e0 l'\u00e9levage d'atteindre son apog\u00e9e. Il s'agit de Malin Plu\u00adto de la Haulte Fortelle, qui est devenu cham\u00adpi\u00adon fran\u00e7ais, inter\u00adna\u00adtion\u00adal, belge et mon\u00addi\u00adal \u00e0 trois&nbsp;ans.<\/p>\t\t\t\t\t<\/div>\n\t\t\t\t\t\t<\/div>\n\t\t\t\t<\/div>\n\t\t\t\t\t\t<\/div>\n\t\t\t\t\t<\/div>\n\t\t<\/div>\n\t\t\t\t\t\t\t\t<\/div>\n\t\t\t\t\t<\/div>\n\t\t<\/section>\n\t\t\t\t<section class=\"elementor-section elementor-top-section elementor-element elementor-element-1b985c8 elementor-section-boxed elementor-section-height-default elementor-section-height-default\" data-id=\"1b985c8\" data-element_type=\"section\">\n\t\t\t\t\t\t<div class=\"elementor-container elementor-column-gap-default\">\n\t\t\t\t\t\t\t<div class=\"elementor-row\">\n\t\t\t\t\t<div class=\"elementor-column elementor-col-100 elementor-top-column elementor-element elementor-element-78a35b0\" data-id=\"78a35b0\" data-element_type=\"column\">\n\t\t\t<div class=\"elementor-column-wrap elementor-element-populated\">\n\t\t\t\t\t\t\t<div class=\"elementor-widget-wrap\">\n\t\t\t\t\t\t<div class=\"elementor-element elementor-element-53f83d9 elementor-widget elementor-widget-image-gallery\" data-id=\"53f83d9\" data-element_type=\"widget\" data-widget_type=\"image-gallery.default\">\n\t\t\t\t<div class=\"elementor-widget-container\">\n\t\t\t\t\t<div class=\"elementor-image-gallery\">\n\t\t\t<div id=\"gallery-1\" class=\"gallery galleryid-2292 gallery-columns-3 gallery-size-thumbnail\"><figure class=\"gallery-item\">\n\t\t\t<div class=\"gallery-icon landscape\">\n\t\t\t\t<a data-elementor-open-lightbox=\"yes\" data-elementor-lightbox-slideshow=\"53f83d9\" data-elementor-lightbox-title=\"Bigg's Snow Prince\" data-elementor-lightbox-description=\"cocker am\u00e9ricain blond Bigg's Snow Prince\" href=\"https:\/\/american-cocker-spaniel.fr\/wp-content\/uploads\/2019\/03\/Biggs-Snow-Prince.png\"><img width=\"150\" height=\"150\" src=\"https:\/\/american-cocker-spaniel.fr\/wp-content\/uploads\/2019\/03\/Biggs-Snow-Prince-150x150.png\" class=\"attachment-thumbnail size-thumbnail\" alt=\"CH Bigg's Snow Prince cocker americain blond\" loading=\"lazy\" aria-describedby=\"gallery-1-4098\"><\/a>\n\t\t\t<\/div>\n\t\t\t\t<figcaption class=\"wp-caption-text gallery-caption\" id=\"gallery-1-4098\">Bigg's Snow Prince&nbsp;<\/figcaption><\/figure><figure class=\"gallery-item\">\n\t\t\t<div class=\"gallery-icon portrait\">\n\t\t\t\t<a data-elementor-open-lightbox=\"yes\" data-elementor-lightbox-slideshow=\"53f83d9\" data-elementor-lightbox-title=\"Seigneur &amp; Praline de la Haute Fortelle\" data-elementor-lightbox-description=\"Seigneur et Praline de la Haute Fortell cocker americain blond\" href=\"https:\/\/american-cocker-spaniel.fr\/wp-content\/uploads\/2019\/03\/Seigneur-Praline-de-la-Haute-Fortelle-1.jpg\"><img width=\"150\" height=\"150\" src=\"https:\/\/american-cocker-spaniel.fr\/wp-content\/uploads\/2019\/03\/Seigneur-Praline-de-la-Haute-Fortelle-1-150x150.jpg\" class=\"attachment-thumbnail size-thumbnail\" alt=\"Seigneur et Praline de la Haute Fortell cocker americain blond\" loading=\"lazy\" aria-describedby=\"gallery-1-3964\"><\/a>\n\t\t\t<\/div>\n\t\t\t\t<figcaption class=\"wp-caption-text gallery-caption\" id=\"gallery-1-3964\">Seigneur et Pra\u00adline de la Haute Fortelle Pho\u00adto&nbsp;<span class=\"caps\">CAT<\/span>&nbsp;<\/figcaption><\/figure><figure class=\"gallery-item\">\n\t\t\t<div class=\"gallery-icon portrait\">\n\t\t\t\t<a data-elementor-open-lightbox=\"yes\" data-elementor-lightbox-slideshow=\"53f83d9\" data-elementor-lightbox-title=\"CH HARLANHAVEN'S HEMINGWAY\" data-elementor-lightbox-description=\"cocker americain blond\" href=\"https:\/\/american-cocker-spaniel.fr\/wp-content\/uploads\/2019\/03\/HARLANHAVENS-HEMINGWAY-1.jpg\"><img width=\"150\" height=\"150\" src=\"https:\/\/american-cocker-spaniel.fr\/wp-content\/uploads\/2019\/03\/HARLANHAVENS-HEMINGWAY-1-150x150.jpg\" class=\"attachment-thumbnail size-thumbnail\" alt=\"Ch Harlahaven's Hemingway cocker americain blond\" loading=\"lazy\" aria-describedby=\"gallery-1-3963\"><\/a>\n\t\t\t<\/div>\n\t\t\t\t<figcaption class=\"wp-caption-text gallery-caption\" id=\"gallery-1-3963\">Ch Harlahaven's Hem\u00ading\u00adway \u00e0 Mme Firminhac&nbsp;<\/figcaption><\/figure>\n\t\t<\/div>\n\t\t<\/div>\n\t\t\t\t<\/div>\n\t\t\t\t<\/div>\n\t\t\t\t\t\t<\/div>\n\t\t\t\t\t<\/div>\n\t\t<\/div>\n\t\t\t\t\t\t\t\t<\/div>\n\t\t\t\t\t<\/div>\n\t\t<\/section>\n\t\t\t\t<section class=\"elementor-section elementor-top-section elementor-element elementor-element-ff2ba6d elementor-section-boxed elementor-section-height-default elementor-section-height-default\" data-id=\"ff2ba6d\" data-element_type=\"section\">\n\t\t\t\t\t\t<div class=\"elementor-container elementor-column-gap-default\">\n\t\t\t\t\t\t\t<div class=\"elementor-row\">\n\t\t\t\t\t<div class=\"elementor-column elementor-col-100 elementor-top-column elementor-element elementor-element-46f2f0d\" data-id=\"46f2f0d\" data-element_type=\"column\">\n\t\t\t<div class=\"elementor-column-wrap elementor-element-populated\">\n\t\t\t\t\t\t\t<div class=\"elementor-widget-wrap\">\n\t\t\t\t\t\t<div class=\"elementor-element elementor-element-0f8876d elementor-widget elementor-widget-text-editor\" data-id=\"0f8876d\" data-element_type=\"widget\" data-widget_type=\"text-editor.default\">\n\t\t\t\t<div class=\"elementor-widget-container\">\n\t\t\t\t\t\t\t\t<div class=\"elementor-text-editor elementor-clearfix\">\n\t\t\t\t\t<p style=\"text-align: justify;\">Peu \u00e0 peu, les Cock\u00aders Am\u00e9ri\u00adcains pre\u00adnaient place en France.<br>En 1968, des \u00e9leveurs pas\u00adsion\u00adn\u00e9s vin\u00adrent rejoin\u00addre les plus grands, en impor\u00adtant des pluri\u00adcol\u00adores qui, par la suite, sont devenus ou ont engen\u00addr\u00e9 de grands cham\u00adpi\u00adons. Denise Man\u00adgold et Jean-Louis For\u00adri\u00ader ont cr\u00e9\u00e9 l'\u00e9levage \"Forman's\" en 1985.&nbsp;J'ai tou\u00adjours encour\u00adag\u00e9 les \u00e9leveurs de cette trempe et je suis tou\u00adjours un peu \u00e9mue quand je vois de beaux chiens bien toi\u00adlet\u00adt\u00e9s et bien pr\u00e9sen\u00adt\u00e9s, qui repro\u00adduisent \u00e0 leur image. L\u2019\u00e9levage, c'est aus\u00adsi savoir choisir les g\u00e9ni\u00adteurs qui garderont au Cock\u00ader Am\u00e9ri\u00adcain tou\u00adjours ses qual\u00adit\u00e9s, dans le stan\u00addard de la race. Peu d'\u00e9leveurs per\u00ads\u00e9v\u00e8rent, mais ceux qui le font ont au c\u0153ur une pas\u00adsion qui n\u00e9 peut pas s\u2019\u00e9teindre.<br>Main\u00adtenant, quand je me sou\u00adviens de toutes les joies et les d\u00e9cep\u00adtions qui pr\u00e9c\u00e8\u00addent ou suiv\u00adent les expo\u00adsi\u00adtions, je suis heureuse d'imaginer l\u2018avenir, cer\u00adtaine aujourd'hui que celui du Cock\u00ader Am\u00e9ri\u00adcain est assur\u00e9.<br>\u00c0 tous les \u00e9leveurs chevron\u00adn\u00e9s ou d\u00e9bu\u00adtants qui liront cette pr\u00e9\u00adface, je demande de me garder une place dans leur c\u0153ur car, s\u2019il faut beau\u00adcoup de courage pour \u00e9lever des Cock\u00aders Am\u00e9ri\u00adcains, il faut \u00e9gale\u00adment \u00e9nor\u00adm\u00e9\u00adment d'amour. Je suis s\u00fbre que tous, vous en avez \u00e0 partager.<\/p><p style=\"text-align: justify;\">Fran\u00adcoise Firmin\u00adhac,<br><em>Pr\u00e9si\u00addente d'honneur du Spaniel Club Fran\u00e7ais,<\/em><br><em>Offici\u00ader du M\u00e9rite agri\u00adcole<br>La Vigne-aux-Loups, le 24 sep\u00adtem\u00adbre&nbsp;1993.<\/em><\/p><p style=\"text-align: justify;\"><em>Extrait de l'ouvrage <span class=\"caps\">LES<\/span> <span class=\"caps\">COCKERS<\/span>, de Denise Man\u00adgold et Eliane Rousseau \u2014 Edi\u00adtions De Vec\u00adchi,&nbsp;1994.<\/em><\/p>\t\t\t\t\t<\/div>\n\t\t\t\t\t\t<\/div>\n\t\t\t\t<\/div>\n\t\t\t\t\t\t<\/div>\n\t\t\t\t\t<\/div>\n\t\t<\/div>\n\t\t\t\t\t\t\t\t<\/div>\n\t\t\t\t\t<\/div>\n\t\t<\/section>\n\t\t\t\t\t\t<\/div>\n\t\t\t\t\t\t<\/div>\n\t\t\t\t\t<\/div>","protected":false},"excerpt":{"rendered":"<p>Le site Amer\u00adi\u00adcan Cock\u00ader Spaniel est des\u00adtin\u00e9 \u00e0 pro\u00admou\u00advoir ce Cock\u00ader, cher aux incon\u00addi\u00adtion\u00adnels de la race. Il a \u00e9t\u00e9 r\u00e9al\u00adis\u00e9 par des pas\u00adsion\u00adn\u00e9s, pour mieux la faire con\u00adna\u00eetre au plus grand nom\u00adbre ! En par\u00adcourant ces pages, vous n'ignorerez plus rien de ce coquin de Cock\u00ader, si attachant et tout entier d\u00e9vou\u00e9 \u00e0&nbsp;sa&nbsp;[\u2026]<\/p>","protected":false},"author":3,"featured_media":1385,"parent":0,"menu_order":0,"comment_status":"closed","ping_status":"closed","template":"","meta":{"wp_typography_post_enhancements_disabled":false},"_links":{"self":[{"href":"https:\/\/american-cocker-spaniel.fr\/en\/wp-json\/wp\/v2\/pages\/2292"}],"collection":[{"href":"https:\/\/american-cocker-spaniel.fr\/en\/wp-json\/wp\/v2\/pages"}],"about":[{"href":"https:\/\/american-cocker-spaniel.fr\/en\/wp-json\/wp\/v2\/types\/page"}],"author":[{"embeddable":true,"href":"https:\/\/american-cocker-spaniel.fr\/en\/wp-json\/wp\/v2\/users\/3"}],"replies":[{"embeddable":true,"href":"https:\/\/american-cocker-spaniel.fr\/en\/wp-json\/wp\/v2\/comments?post=2292"}],"version-history":[{"count":134,"href":"https:\/\/american-cocker-spaniel.fr\/en\/wp-json\/wp\/v2\/pages\/2292\/revisions"}],"predecessor-version":[{"id":5167,"href":"https:\/\/american-cocker-spaniel.fr\/en\/wp-json\/wp\/v2\/pages\/2292\/revisions\/5167"}],"wp:featuredmedia":[{"embeddable":true,"href":"https:\/\/american-cocker-spaniel.fr\/en\/wp-json\/wp\/v2\/media\/1385"}],"wp:attachment":[{"href":"https:\/\/american-cocker-spaniel.fr\/en\/wp-json\/wp\/v2\/media?parent=2292"}],"curies":[{"name":"wp","href":"https:\/\/api.w.org\/{rel}","templated":true}]}}