{"id":2012,"date":"2019-01-08T20:49:41","date_gmt":"2019-01-08T19:49:41","guid":{"rendered":"https:\/\/american-cocker-spaniel.fr\/?page_id=2012"},"modified":"2019-03-23T21:10:31","modified_gmt":"2019-03-23T20:10:31","slug":"blog-toilettage","status":"publish","type":"page","link":"https:\/\/american-cocker-spaniel.fr\/en\/blog-toilettage","title":{"rendered":"Groom\u00ading&nbsp;blog"},"content":{"rendered":"<div data-elementor-type=\"wp-post\" data-elementor-id=\"2012\" class=\"elementor elementor-2012\" data-elementor-settings=\"[]\">\n\t\t\t\t\t\t<div class=\"elementor-inner\">\n\t\t\t\t\t\t\t<div class=\"elementor-section-wrap\">\n\t\t\t\t\t\t\t<section class=\"elementor-section elementor-top-section elementor-element elementor-element-80f5d42 elementor-section-boxed elementor-section-height-default elementor-section-height-default\" data-id=\"80f5d42\" data-element_type=\"section\">\n\t\t\t\t\t\t<div class=\"elementor-container elementor-column-gap-default\">\n\t\t\t\t\t\t\t<div class=\"elementor-row\">\n\t\t\t\t\t<div class=\"elementor-column elementor-col-100 elementor-top-column elementor-element elementor-element-0133453\" data-id=\"0133453\" data-element_type=\"column\">\n\t\t\t<div class=\"elementor-column-wrap elementor-element-populated\">\n\t\t\t\t\t\t\t<div class=\"elementor-widget-wrap\">\n\t\t\t\t\t\t<div class=\"elementor-element elementor-element-93ad040 elementor-widget elementor-widget-image\" data-id=\"93ad040\" data-element_type=\"widget\" data-widget_type=\"image.default\">\n\t\t\t\t<div class=\"elementor-widget-container\">\n\t\t\t\t\t\t\t\t<div class=\"elementor-image\">\n\t\t\t\t\t\t\t\t\t\t\t\t<img width=\"150\" height=\"150\" src=\"https:\/\/american-cocker-spaniel.fr\/wp-content\/uploads\/2018\/12\/MB8-150x150.jpg\" class=\"attachment-thumbnail size-thumbnail\" alt=\"cockers am\u00e9ricains Barbara Butler\" loading=\"lazy\" srcset=\"https:\/\/american-cocker-spaniel.fr\/wp-content\/uploads\/2018\/12\/MB8-150x150.jpg 150w, https:\/\/american-cocker-spaniel.fr\/wp-content\/uploads\/2018\/12\/MB8-100x100.jpg 100w\" sizes=\"(max-width: 150px) 100vw, 150px\">\t\t\t\t\t\t\t\t\t\t\t\t\t\t<\/div>\n\t\t\t\t\t\t<\/div>\n\t\t\t\t<\/div>\n\t\t\t\t<div class=\"elementor-element elementor-element-2704066 elementor-widget elementor-widget-text-editor\" data-id=\"2704066\" data-element_type=\"widget\" data-widget_type=\"text-editor.default\">\n\t\t\t\t<div class=\"elementor-widget-container\">\n\t\t\t\t\t\t\t\t<div class=\"elementor-text-editor elementor-clearfix\">\n\t\t\t\t\t<h3 style=\"text-align: center;\">Page en cours de construction : bient\u00f4t ici, vos articles.&nbsp;<\/h3>\t\t\t\t\t<\/div>\n\t\t\t\t\t\t<\/div>\n\t\t\t\t<\/div>\n\t\t\t\t\t\t<\/div>\n\t\t\t\t\t<\/div>\n\t\t<\/div>\n\t\t\t\t\t\t\t\t<\/div>\n\t\t\t\t\t<\/div>\n\t\t<\/section>\n\t\t\t\t<section class=\"elementor-section elementor-top-section elementor-element elementor-element-60a971e elementor-section-boxed elementor-section-height-default elementor-section-height-default\" data-id=\"60a971e\" data-element_type=\"section\">\n\t\t\t\t\t\t<div class=\"elementor-container elementor-column-gap-default\">\n\t\t\t\t\t\t\t<div class=\"elementor-row\">\n\t\t\t\t\t<div class=\"elementor-column elementor-col-100 elementor-top-column elementor-element elementor-element-f42b957\" data-id=\"f42b957\" data-element_type=\"column\">\n\t\t\t<div class=\"elementor-column-wrap elementor-element-populated\">\n\t\t\t\t\t\t\t<div class=\"elementor-widget-wrap\">\n\t\t\t\t\t\t<div class=\"elementor-element elementor-element-20ea915 elementor-grid-3 elementor-grid-tablet-2 elementor-grid-mobile-1 elementor-posts--thumbnail-top elementor-widget elementor-widget-posts\" data-id=\"20ea915\" data-element_type=\"widget\" data-settings=\"{&quot;classic_columns&quot;:&quot;3&quot;,&quot;classic_columns_tablet&quot;:&quot;2&quot;,&quot;classic_columns_mobile&quot;:&quot;1&quot;,&quot;classic_row_gap&quot;:{&quot;unit&quot;:&quot;px&quot;,&quot;size&quot;:35,&quot;sizes&quot;:[]}}\" data-widget_type=\"posts.classic\">\n\t\t\t\t<div class=\"elementor-widget-container\">\n\t\t\t\t\t<div class=\"elementor-posts-container elementor-posts elementor-posts--skin-classic elementor-grid\">\n\t\t\t\t<article class=\"elementor-post elementor-grid-item post-3270 post type-post status-publish format-standard hentry category-toilettage entry\">\n\t\t\t\t<div class=\"elementor-post__text\">\n\t\t\t\t<h3 class=\"elementor-post__title\">\n\t\t\t<a href=\"https:\/\/american-cocker-spaniel.fr\/en\/mon-sechoir-prefere\"> Mon s\u00e9choir pr\u00e9f\u00e9r\u00e9&nbsp;!!&nbsp;<\/a>\n\t\t<\/h3>\n\t\t\t\t<div class=\"elementor-post__meta-data\">\n\t\t\t\t\t<span class=\"elementor-post-date\"> 10 March&nbsp;2019&nbsp;<\/span>\n\t\t\t\t<span class=\"elementor-post-avatar\"> 4 Comments&nbsp;<\/span>\n\t\t\t\t<\/div>\n\t\t\t\t<div class=\"elementor-post__excerpt\">\n\t\t\t<p>Puis\u00adsance : 2400 w \u2014 D\u00e9bit d'air : 90 litres par sec\u00adonde. Hau\u00adteur r\u00e9glable : de 1,10m \u00e0 1,50m.G\u00e9n\u00e9rateur d'anions de den\u00adsit\u00e9 pour con\u00addi\u00adtion\u00adner&nbsp;le<\/p>\n\t\t<\/div>\n\t\t\t\t\t<a class=\"elementor-post__read-more\" href=\"https:\/\/american-cocker-spaniel.fr\/en\/mon-sechoir-prefere\"> Lire&nbsp;plus&nbsp;\u00bb&nbsp;<\/a>\n\t\t\t\t<\/div>\n\t\t\t\t<\/article>\n\t\t\t\t<article class=\"elementor-post elementor-grid-item post-2709 post type-post status-publish format-standard hentry category-toilettage entry\">\n\t\t\t\t<div class=\"elementor-post__text\">\n\t\t\t\t<h3 class=\"elementor-post__title\">\n\t\t\t<a href=\"https:\/\/american-cocker-spaniel.fr\/en\/ma-tondeuse-preferee\"> Ma tondeuse pr\u00e9f\u00e9r\u00e9e&nbsp;!&nbsp;<\/a>\n\t\t<\/h3>\n\t\t\t\t<div class=\"elementor-post__meta-data\">\n\t\t\t\t\t<span class=\"elementor-post-date\"> 15 Feb\u00adru\u00adary&nbsp;2019&nbsp;<\/span>\n\t\t\t\t<span class=\"elementor-post-avatar\"> No Comments&nbsp;<\/span>\n\t\t\t\t<\/div>\n\t\t\t\t<div class=\"elementor-post__excerpt\">\n\t\t\t<p>Ton\u00addeuse \u00e9lec\u00adtrique sans fil, tr\u00e8s mani\u00adable, \u00e0 grande autonomie et recharge tr\u00e8s rapi\u00adde. Com\u00adpat\u00adi\u00adble avec les t\u00eates de coupe:&nbsp;Andis, Moser, Oster, Wahl, Opti\u00admum, Phoenix<\/p>\n\t\t<\/div>\n\t\t\t\t\t<a class=\"elementor-post__read-more\" href=\"https:\/\/american-cocker-spaniel.fr\/en\/ma-tondeuse-preferee\"> Lire&nbsp;plus&nbsp;\u00bb&nbsp;<\/a>\n\t\t\t\t<\/div>\n\t\t\t\t<\/article>\n\t\t\t\t<article class=\"elementor-post elementor-grid-item post-2026 post type-post status-publish format-standard hentry category-toilettage entry\">\n\t\t\t\t<div class=\"elementor-post__text\">\n\t\t\t\t<h3 class=\"elementor-post__title\">\n\t\t\t<a href=\"https:\/\/american-cocker-spaniel.fr\/en\/mon-pulseur-prefere\"> Mon pulseur pr\u00e9f\u00e9r\u00e9&nbsp;!&nbsp;<\/a>\n\t\t<\/h3>\n\t\t\t\t<div class=\"elementor-post__meta-data\">\n\t\t\t\t\t<span class=\"elementor-post-date\"> 9 Jan\u00adu\u00adary&nbsp;2019&nbsp;<\/span>\n\t\t\t\t<span class=\"elementor-post-avatar\"> 1 Comment&nbsp;<\/span>\n\t\t\t\t<\/div>\n\t\t\t\t<div class=\"elementor-post__excerpt\">\n\t\t\t<p>Pulseur chien Tor\u00adna\u00addo tur\u00adbo <span class=\"caps\">II<\/span> portable de 2400&nbsp;W, con\u00e7u pour un usage pro\u00adfes\u00adsion\u00adnel, \u00e9quip\u00e9 de 2 moteurs, 4 puis\u00adsances. D\u00e9bit d\u2019air : 77m\/seconde.&nbsp;Un peu<\/p>\n\t\t<\/div>\n\t\t\t\t\t<a class=\"elementor-post__read-more\" href=\"https:\/\/american-cocker-spaniel.fr\/en\/mon-pulseur-prefere\"> Lire&nbsp;plus&nbsp;\u00bb&nbsp;<\/a>\n\t\t\t\t<\/div>\n\t\t\t\t<\/article>\n\t\t\t\t<article class=\"elementor-post elementor-grid-item post-2015 post type-post status-publish format-standard hentry category-toilettage entry\">\n\t\t\t\t<div class=\"elementor-post__text\">\n\t\t\t\t<h3 class=\"elementor-post__title\">\n\t\t\t<a href=\"https:\/\/american-cocker-spaniel.fr\/en\/ma-brosse-preferee\"> Ma brosse pr\u00e9f\u00e9r\u00e9e&nbsp;<\/a>\n\t\t<\/h3>\n\t\t\t\t<div class=\"elementor-post__meta-data\">\n\t\t\t\t\t<span class=\"elementor-post-date\"> 8 Jan\u00adu\u00adary&nbsp;2019&nbsp;<\/span>\n\t\t\t\t<span class=\"elementor-post-avatar\"> No Comments&nbsp;<\/span>\n\t\t\t\t<\/div>\n\t\t\t\t<div class=\"elementor-post__excerpt\">\n\t\t\t\t\t<\/div>\n\t\t\t\t\t<a class=\"elementor-post__read-more\" href=\"https:\/\/american-cocker-spaniel.fr\/en\/ma-brosse-preferee\"> Lire&nbsp;plus&nbsp;\u00bb&nbsp;<\/a>\n\t\t\t\t<\/div>\n\t\t\t\t<\/article>\n\t\t\t\t<\/div>\n\t\t\t\t<\/div>\n\t\t\t\t<\/div>\n\t\t\t\t\t\t<\/div>\n\t\t\t\t\t<\/div>\n\t\t<\/div>\n\t\t\t\t\t\t\t\t<\/div>\n\t\t\t\t\t<\/div>\n\t\t<\/section>\n\t\t\t\t\t\t<\/div>\n\t\t\t\t\t\t<\/div>\n\t\t\t\t\t<\/div>","protected":false},"excerpt":{"rendered":"<p>Page en cours de con\u00adstruc\u00adtion : bien\u00adt\u00f4t ici, vos articles.&nbsp;<\/p>","protected":false},"author":3,"featured_media":75,"parent":0,"menu_order":0,"comment_status":"closed","ping_status":"closed","template":"","meta":{"wp_typography_post_enhancements_disabled":false},"_links":{"self":[{"href":"https:\/\/american-cocker-spaniel.fr\/en\/wp-json\/wp\/v2\/pages\/2012"}],"collection":[{"href":"https:\/\/american-cocker-spaniel.fr\/en\/wp-json\/wp\/v2\/pages"}],"about":[{"href":"https:\/\/american-cocker-spaniel.fr\/en\/wp-json\/wp\/v2\/types\/page"}],"author":[{"embeddable":true,"href":"https:\/\/american-cocker-spaniel.fr\/en\/wp-json\/wp\/v2\/users\/3"}],"replies":[{"embeddable":true,"href":"https:\/\/american-cocker-spaniel.fr\/en\/wp-json\/wp\/v2\/comments?post=2012"}],"version-history":[{"count":5,"href":"https:\/\/american-cocker-spaniel.fr\/en\/wp-json\/wp\/v2\/pages\/2012\/revisions"}],"predecessor-version":[{"id":4439,"href":"https:\/\/american-cocker-spaniel.fr\/en\/wp-json\/wp\/v2\/pages\/2012\/revisions\/4439"}],"wp:featuredmedia":[{"embeddable":true,"href":"https:\/\/american-cocker-spaniel.fr\/en\/wp-json\/wp\/v2\/media\/75"}],"wp:attachment":[{"href":"https:\/\/american-cocker-spaniel.fr\/en\/wp-json\/wp\/v2\/media?parent=2012"}],"curies":[{"name":"wp","href":"https:\/\/api.w.org\/{rel}","templated":true}]}}