{"id":1015,"date":"2019-01-03T17:50:54","date_gmt":"2019-01-03T16:50:54","guid":{"rendered":"https:\/\/american-cocker-spaniel.fr\/?page_id=1015"},"modified":"2019-04-08T18:57:04","modified_gmt":"2019-04-08T16:57:04","slug":"eleveurs-oeil-pour-le-chien","status":"publish","type":"page","link":"https:\/\/american-cocker-spaniel.fr\/en\/eleveurs-oeil-pour-le-chien","title":{"rendered":"An eye for a&nbsp;dog"},"content":{"rendered":"<div data-elementor-type=\"wp-post\" data-elementor-id=\"1015\" class=\"elementor elementor-1015\" data-elementor-settings=\"[]\">\n\t\t\t\t\t\t<div class=\"elementor-inner\">\n\t\t\t\t\t\t\t<div class=\"elementor-section-wrap\">\n\t\t\t\t\t\t\t<section class=\"elementor-section elementor-top-section elementor-element elementor-element-a98b619 elementor-section-boxed elementor-section-height-default elementor-section-height-default\" data-id=\"a98b619\" data-element_type=\"section\">\n\t\t\t\t\t\t<div class=\"elementor-container elementor-column-gap-default\">\n\t\t\t\t\t\t\t<div class=\"elementor-row\">\n\t\t\t\t\t<div class=\"elementor-column elementor-col-100 elementor-top-column elementor-element elementor-element-254736e\" data-id=\"254736e\" data-element_type=\"column\">\n\t\t\t<div class=\"elementor-column-wrap elementor-element-populated\">\n\t\t\t\t\t\t\t<div class=\"elementor-widget-wrap\">\n\t\t\t\t\t\t<div class=\"elementor-element elementor-element-c2c12d0 elementor-widget elementor-widget-spacer\" data-id=\"c2c12d0\" data-element_type=\"widget\" data-widget_type=\"spacer.default\">\n\t\t\t\t<div class=\"elementor-widget-container\">\n\t\t\t\t\t<div class=\"elementor-spacer\">\n\t\t\t<div class=\"elementor-spacer-inner\"><\/div>\n\t\t<\/div>\n\t\t\t\t<\/div>\n\t\t\t\t<\/div>\n\t\t\t\t<div class=\"elementor-element elementor-element-4f6daea elementor-widget elementor-widget-text-editor\" data-id=\"4f6daea\" data-element_type=\"widget\" data-widget_type=\"text-editor.default\">\n\t\t\t\t<div class=\"elementor-widget-container\">\n\t\t\t\t\t\t\t\t<div class=\"elementor-text-editor elementor-clearfix\">\n\t\t\t\t\t<h2 style=\"text-align: center;\"><span class=\"caps\">UNE<\/span> <span class=\"caps\">MEILLEURE<\/span> <span class=\"caps\">APPROCHE<\/span> <span class=\"caps\">DU<\/span> <span class=\"caps\">CHIEN<\/span><br><span class=\"caps\">AVOIR<\/span> L\u2019\u0152IL <span class=\"caps\">POUR<\/span> <span class=\"caps\">LE<\/span>&nbsp;<span class=\"caps\">CHIEN<\/span><\/h2><div class=\"page\" title=\"Page 1\"><div class=\"layoutArea\"><div class=\"column\"><p style=\"text-align: center;\">Par Clau\u00addia Waller Orlan\u00addi, Ph.D.<\/p><\/div><div class=\"column\"><img loading=\"lazy\" class=\"alignleft wp-image-3846\" src=\"https:\/\/american-cocker-spaniel.fr\/wp-content\/uploads\/2019\/03\/Orlandi.jpg\" alt width=\"140\" height=\"193\"><p style=\"text-align: justify;\">L\u2019e\u0301ventail de qualite\u0301 recher\u00adch\u00e9\u0301 chez les chiens dans n'importe quelle race re\u0301ve\u0300le que tout le monde n'est pas n\u00e9\u0301 pour e\u0302tre e\u0301leveur. Les experts esti\u00adment que l'un des signes du poten\u00adtiel d'un e\u0301leveur pour pro\u00adduire des ani\u00admaux de haute qualite\u0301 est de savoir s'il posse\u0300de un \u00ab\u0153il pour un&nbsp;chien\u00bb.<\/p><p style=\"text-align: justify;\">Gross\u00adman (1983) nous dit :<br>\u00ab <em>L'importance d'avoir un \u0153il pour un chien n\u00e9 peut pas e\u0302tre surestime\u0301e \u2026 Il existe des e\u0301leveurs extre\u0302mement compe\u0301tents qui peu\u00advent \u00abpar\u00adler chien\u00bb, et n\u00e9 sont pas en mesure de pro\u00adduire un spe\u0301cimen excep\u00adtion\u00adnel\u2026 Pro\u00adduire re\u0301gulie\u0300rement des chiens de qualite\u0301 devrait e\u0302tre conside\u0301re\u0301 comme un art. Pour cer\u00adtains e\u0301leveurs, cela vient naturelle\u00adment, avec peu d'effort ; d'autres doivent appren\u00addre cet art ; et d'autres encore n\u00e9 re\u0301ussiront jamais dans le domaine de l\u2019e\u0301levage de chiens de race.<\/em> \u00bb<\/p><\/div><div class=\"page\" title=\"Page 1\"><div class=\"layoutArea\"><div class=\"column\"><p style=\"text-align: justify;\"><strong><span class=\"caps\">QUE<\/span> <span class=\"caps\">VEUT<\/span> <span class=\"caps\">DIRE<\/span> \u00ab \u0152IL <span class=\"caps\">POUR<\/span> <span class=\"caps\">UN<\/span>&nbsp;<span class=\"caps\">CHIEN<\/span>&nbsp;\u00bb&nbsp;?<\/strong><\/p><p style=\"text-align: justify;\"><strong><img loading=\"lazy\" class=\"alignright wp-image-3844 size-medium\" src=\"https:\/\/american-cocker-spaniel.fr\/wp-content\/uploads\/2019\/03\/abcbreeding_600x-227x300.jpg\" alt width=\"227\" height=\"300\" srcset=\"https:\/\/american-cocker-spaniel.fr\/wp-content\/uploads\/2019\/03\/abcbreeding_600x-227x300.jpg 227w, https:\/\/american-cocker-spaniel.fr\/wp-content\/uploads\/2019\/03\/abcbreeding_600x.jpg 444w\" sizes=\"(max-width: 227px) 100vw, 227px\"><\/strong><\/p><p style=\"text-align: justify;\">Un \u00ab \u0153il pour un chien \u00bb est une anci\u00adenne expres\u00adsion qui se re\u0301fe\u0300re a\u0300 la \u00ab <em>capacite\u0301 presque instinc\u00adtive de la per\u00adson\u00adne a\u0300 reconnai\u0302tre les vraies qualite\u0301s et les de\u0301fauts chez les ani\u00admaux<\/em> \u00bb (Nicholas, 1979). Gross\u00adman (1992) de\u0301finit le terme comme \u00ab <em>la capacite\u0301 de choisir un bon chien sans beau\u00adcoup d\u2019efforts<\/em> \u00bb et con\u00adclut que cet attrib\u00adut, plus que tout autre, est la chose la plus impor\u00adtante qu'un e\u0301leveur peut posse\u0301der. En plus d'avoir une plus grande capacite\u0301 a\u0300 visu\u00adalis\u00ader l'impact poten\u00adtiel de divers ance\u0302tres dans le pe\u0301digre\u0301e d'un chien, les e\u0301leveurs avec un \u00ab \u0153il \u00bb ont ten\u00addance a\u0300 saisir plus facile\u00adment des con\u00adcepts de repro\u00adduc\u00adtion abstraits tels que l'e\u0301quilibre.<\/p><p style=\"text-align: justify;\">L'analogie suiv\u00adante de Gross\u00adman (1991), qui se re\u0301fe\u0300re a\u0300 des chiens a\u0300 poils longs, offre une expli\u00adca\u00adtion intel\u00adli\u00adgente d'un \u00ab \u0153il pour un chien \u00bb : je suis cer\u00adtain que tous appre\u0301cieront !<br>\u00ab <em>Qu'est-ce que je veux dire par avoir un \u0153il pour un chien ? Per\u00adme\u00adt\u00adtez-moi de faire une analyse pour vous. Lorsque ma femme fait du shop\u00adping, elle pass\u00e9 a\u0300 tra\u00advers de nom\u00adbreux rayons de robes. Pour moi, elles ressem\u00adblent a\u0300 du tis\u00adsu sur des cin\u00adtres. Elle connai\u0302t les tailles, les couleurs et le style qui lui vont, il est facile pour elle de visu\u00adalis\u00ader les acces\u00adsoires n\u00e9\u0301cessaires pour par\u00adfaire sa tenue.<br><\/em><em>Vous, en tant que se\u0301lectionneur, devez faire le me\u0302me genre de recherch\u00ades : quel type de con\u00adstruc\u00adtion voulez-vous pour vos chiots, quelle devrait e\u0302tre leur couleur, quels crite\u0300res, tex\u00adture et longueur de la robe, implan\u00adta\u00adtion d'oreille, etc. voulez-vous ? Vous devez pou\u00advoir visu\u00adalis\u00ader le pe\u0300re et la me\u0300re ain\u00adsi que leurs par\u00adents et grands-par\u00adents. Ensuite, vous pou\u00advez pro\u00adduire par mariages presque comme ceux que vous avez visualise\u0301s.<\/em> \u00bb<\/p><div class=\"page\" title=\"Page 1\"><div class=\"layoutArea\"><div class=\"column\"><p style=\"text-align: justify;\"><strong><span class=\"caps\">CARACTERISTIQUES<\/span> <span class=\"caps\">DES<\/span> <span class=\"caps\">PERSONNES<\/span> <span class=\"caps\">QUI<\/span> <span class=\"caps\">ONT<\/span> <span class=\"caps\">UN<\/span> \u00ab \u0152IL <span class=\"caps\">POUR<\/span> <span class=\"caps\">UN<\/span>&nbsp;<span class=\"caps\">CHIEN<\/span>&nbsp;\u00bb<\/strong><\/p><p>1. En tant que se\u0301lectionneurs, ils pro\u00adduisent con\u00adstam\u00adment des ani\u00admaux de haute qualite\u0301.<br>2. Ils peu\u00advent e\u0301valuer n'importe quel chien rapi\u00adde\u00adment et facile\u00adment.<br>3. Ils ont une capacite\u0301 instinc\u00adtive a\u0300 reconnai\u0302tre la qualite\u0301 et la solidite\u0301 dans presque toutes les races. 4. Ils accor\u00addent une pri\u00ador\u00adite\u0301 e\u0301leve\u0301e et savent reconnai\u0302tre l'e\u0301le\u0301ment intan\u00adgi\u00adble : la bal\u00adance \u2014 l\u2019e\u0301quilibre.<\/p><div class=\"page\" title=\"Page 1\"><div class=\"layoutArea\"><div class=\"column\"><p style=\"text-align: justify;\"><strong><span class=\"caps\">ACQUERIR<\/span> <span class=\"caps\">UN<\/span> \u00ab \u0152IL <span class=\"caps\">POUR<\/span> <span class=\"caps\">LE<\/span> <span class=\"caps\">CHIEN<\/span> \u00bb : <span class=\"caps\">UN<\/span> <span class=\"caps\">MENTOR<\/span> <span class=\"caps\">PEUT<\/span>&nbsp;<span class=\"caps\">AIDER<\/span><\/strong><\/p><p style=\"text-align: justify;\">Pour cer\u00adtains e\u0301leveurs, \u00ab avoir un \u0153il pour un chien \u00bb est une sec\u00adonde nature. Les e\u0301leveurs qui man\u00adquent de ce tal\u00adent naturel peu\u00advent devenir auto\u00addi\u00addactes a\u0300 con\u00addi\u00adtion qu'ils aient l'intelligence et la moti\u00adva\u00adtion n\u00e9\u0301cessaires pour dis\u00adcern\u00ader les spe\u0301cimens bons et mau\u00advais qui leur sont soumis. (Gross\u00adman,&nbsp;1983)<\/p><p style=\"text-align: justify;\">Les e\u0301leveurs qui pro\u00adduisent con\u00adstam\u00adment de bons chiens peu\u00advent avoir un \u0153il naturel pour un chien, tan\u00addis que d'autres per\u00adson\u00adnes per\u00adsis\u00adtantes et de\u0301voue\u0301es a\u0300 une race se sont documente\u0301es pour acque\u0301rir un \u0153il pour le chien. L'artiste a l'\u0153il pour l'e\u0301quilibre et l'e\u0301le\u0301gance. Il devrait en e\u0302tre de me\u0302me pour le se\u0301lectionneur. Pour ceux qui ont besoin d'entrai\u0302ner leur \u00ab \u0153il \u00bb, tra\u00advailler avec un men\u00adtor con\u00adfirme\u0301 peut vous met\u00adtre sur la voie rapi\u00adde\u00adment pour acque\u0301rir cet \u00ab \u0153il \u00bb.<br>Un men\u00adtor expe\u0301rimente\u0301 peut litte\u0301ralement plac\u00ader vos mains sur divers\u00ades par\u00adties de l'anatomie d'un chien et vous guider par de nom\u00adbreux aspects de l'e\u0301valuation physique d'un&nbsp;chien.<\/p><div class=\"page\" style=\"text-align: justify;\" title=\"Page 2\"><div class=\"layoutArea\"><div class=\"column\"><p><strong><span class=\"caps\">ENTRAINER<\/span> <span class=\"caps\">VOTRE<\/span> \u00ab&nbsp;\u0152IL&nbsp;\u00bb<\/strong><\/p><div class=\"page\" title=\"Page 2\"><div class=\"layoutArea\"><div class=\"column\"><div class=\"page\" title=\"Page 2\"><div class=\"layoutArea\"><div class=\"column\"><p><img loading=\"lazy\" class=\"alignleft wp-image-3847 size-full\" src=\"https:\/\/american-cocker-spaniel.fr\/wp-content\/uploads\/2019\/03\/standard09.jpg\" alt width=\"200\" height=\"239\">Les e\u0301leveurs peu\u00advent com\u00admencer a\u0300 for\u00admer leur \u00ab \u0153il \u00bb en apprenant a\u0300 e\u0301valuer l'apparence exte\u0301rieure ou le phe\u0301notype d'un chien. Plusieurs e\u0301le\u0301ments utiles pour e\u0301valuer le phe\u0301notype :<br>1. une copie du stan\u00addard offi\u00adciel et illus\u00adtre\u0301 de votre race ;<br>2.&nbsp;A list of faults in your breed that are con\u00adsid\u00adered Very Seri\u00adous, Seri\u00adous and Minor;<br>3. une illus\u00adtra\u00adtion des par\u00adties anatomiques du chien ;<br>4. un syste\u0300me de nota\u00adtion ;<br>5. un syste\u0300me de sauve\u00adg\u00adarde qui vous per\u00admet de con\u00adserv\u00ader vos e\u0301valuations pour une util\u00adi\u00adsa\u00adtion future.<\/p><\/div><\/div><\/div><\/div><div class=\"column\"><p>Le proces\u00adsus de for\u00adma\u00adtion de votre \u00ab \u0153il \u00bb pour e\u0301valuer les caracte\u0301ristiques de con\u00adfor\u00adma\u00adtion d'un chien implique les e\u0301tapes suivantes&nbsp;:<\/p><p><strong>1. Local\u00adi\u00adsa\u00adtion des par\u00adties du chien<\/strong><br>La con\u00adnais\u00adsance des par\u00adties du corps de base d'un chien est une n\u00e9\u0301cessite\u0301 absolue pour tout ama\u00adteur. E\u0301tudiez votre stan\u00addard et ses illus\u00adtra\u00adtions et, a\u0300 l'aide d'un tableau anatomique, localisez sur un chien \u00ab vivant \u2013 mode\u0300le \u00bb chaque caracte\u0301ristique de con\u00adfor\u00adma\u00adtion. L\u2019e\u0301tude de chaque par\u00adtie de votre chien est essen\u00adtielle pour de\u0301cider si elle cor\u00adre\u00adspond au stan\u00addard \u2014 cela con\u00adstitue une e\u0301tape de\u0301terminante dans la for\u00adma\u00adtion de votre \u00ab&nbsp;\u0153il&nbsp;\u00bb.<\/p><p><strong>2.&nbsp;E\u0301valuation des par\u00adties du chien<br><\/strong><img loading=\"lazy\" class=\"alignright wp-image-3840 size-full\" src=\"https:\/\/american-cocker-spaniel.fr\/wp-content\/uploads\/2019\/03\/standard05.jpg\" alt width=\"150\" height=\"300\">Apre\u0300s avoir localise\u0301 les par\u00adties du chien, l'e\u0301leveur doit e\u0301valuer leur con\u00adfor\u00admite\u0301 au stan\u00addard. Comme le note Gross\u00adman (1983) : \u00ab <em>Le fait de reli\u00ader les diffe\u0301rentes par\u00adties du chien les unes aux autres et de voir cette rela\u00adtion dans son ensem\u00adble, pluto\u0302t que comme une se\u0301rie de caracte\u0301ristiques indi\u00advidu\u00adelles bonnes ou mau\u00advais\u00ades, est la cle\u0301 que tant d'e\u0301leveurs n\u00e9 sai\u00adsis\u00adsent jamais<\/em> \u00bb \u2014 C'est la notion cru\u00adciale d'e\u0301quilibre. La for\u00adma\u00adtion de votre \u00ab \u0153il \u00bb pour e\u0301valuer l'e\u0301quilibre n\u00e9\u0301cessite une per\u00adsis\u00adtance et une expe\u0301rience.<\/p><p><strong>3. Annot\u00ader vos e\u0301valuations<br><\/strong>Notez vos e\u0301valuations pour re\u0301fe\u0301rence ulte\u0301rieure. De nom\u00adbreux mai\u0302tres e\u0301leveurs e\u0301laborent des syste\u0300mes de nota\u00adtion nume\u0301riques qui sont rapi\u00addes et faciles a\u0300 utilis\u00ader lors de la plan\u00adi\u00adfi\u00adca\u00adtion des mariages futurs.<\/p><p><strong>4.&nbsp;E\u0301tablir un plan d\u2019e\u0301levage<\/strong><br>Sur la base de vos notes et obser\u00adva\u00adtions, e\u0301tablissez un plan pour ame\u0301liorer les caracte\u0301ristiques qui n\u00e9 re\u0301pondent pas au stan\u00addard. La nota\u00adtion et la prise d\u2019observations sur les trois premie\u0300res ge\u0301n\u00e9\u0301rations d'ance\u0302tres dans un pe\u0301digre\u0301e peu\u00advent aider un e\u0301leveur a\u0300 \u00ab visu\u00adalis\u00ader \u00bb ce qu\u2019un futur accou\u00adple\u00adment pour\u00adrait pro\u00adduire. La capacite\u0301 de visu\u00adalis\u00ader les ance\u0302tres derrie\u0300re un pe\u0300re et une me\u0300re fait par\u00adtie inte\u0301grante d'un \u00ab \u0153il \u00bb pour un chien. Un code couleur peut e\u0302tre particulie\u0300rement utile a\u0300 cet e\u0301gard. Il est impor\u00adtant de n\u00e9 pas mari\u00ader deux chiens qui posse\u0300dent les me\u0302mes fautes et de re\u0301aliser que des ani\u00admaux en e\u0301troite con\u00adsan\u00adgui\u00adnite\u0301 (c.-a\u0300-d. ceux qui ont un ance\u0302tre com\u00admun derrie\u0300re le pe\u0300re et la me\u0300re dans les trois premie\u0300res ge\u0301n\u00e9\u0301rations) peu\u00advent e\u0302tre plus a\u0300 me\u0302me de trans\u00admet\u00adtre leurs caracte\u0301ristiques physiques a\u0300 leur proge\u0301niture.<\/p><\/div><\/div><\/div><\/div><\/div><\/div><div class=\"page\" title=\"Page 2\"><div class=\"layoutArea\"><div class=\"column\"><p style=\"text-align: justify;\"><strong><span class=\"caps\">UN<\/span> \u00ab \u0152IL \u00bb <span class=\"caps\">POUR<\/span> L'<span class=\"caps\">IDEAL<\/span><\/strong><\/p><p style=\"text-align: justify;\"><img loading=\"lazy\" class=\"alignleft wp-image-3841 size-full\" src=\"https:\/\/american-cocker-spaniel.fr\/wp-content\/uploads\/2019\/03\/standard06.jpg\" alt width=\"150\" height=\"148\">Un point de de\u0301part dans le ren\u00adforce\u00adment de l\u2019\u00ab\u0153il\u00bb d'un e\u0301leveur est la capacite\u0301 a\u0300 de\u0301terminer et e\u0301valuer les caracte\u0301ristiques de con\u00adfor\u00adma\u00adtion, les caracte\u0301ristiques indi\u00advidu\u00adelles et l'e\u0301quilibre struc\u00adturel qui de\u0301finissent une race. Avoir l'\u0153il pour visu\u00adalis\u00ader les ance\u0302tres d'un pe\u0300re et de la me\u0300re, com\u00adbine\u0301 a\u0300 l'utilisation de syste\u0300mes de nota\u00adtion et de re\u0301fe\u0301rences, peut fournir des infor\u00adma\u00adtions pre\u0301cieuses sur les traits que les par\u00adents sont sus\u00adcep\u00adti\u00adbles de trans\u00admet\u00adtre a\u0300 leur proge\u0301niture.<\/p><p style=\"text-align: justify;\">Le but d'un e\u0301leveur est de cre\u0301er son chien ide\u0301al. Avoir un \u00ab \u0153il \u00bb, c'est\u2011a\u0300-dire avoir la capacite\u0301 de reconnai\u0302tre les qualite\u0301s chez un chien, ain\u00adsi que la capacite\u0301 de visu\u00adalis\u00ader les ance\u0302tres dans un pe\u0301digre\u0301e, sont les crite\u0300res les plus impor\u00adtants qu'un e\u0301leveur doit posse\u0301der pour cre\u0301er son ide\u0301al.<\/p><div class=\"page\" title=\"Page 2\"><div class=\"layoutArea\"><div class=\"column\"><p style=\"text-align: justify;\"><strong><span class=\"caps\">REFERENCE<\/span>:<\/strong><\/p><ul><li style=\"text-align: justify;\">Battaglia, C. L. 1986. <em>Breed\u00ading Bet\u00adter Dogs<\/em>. Atlanta, <span class=\"caps\">GA<\/span>, <span class=\"caps\">BEI<\/span> Pub\u00adlish\u00ading \u2013 <span class=\"caps\">ISBN-10<\/span> : 0932419062<\/li><li style=\"text-align: justify;\">Gross\u00adman, A. 1983. <em>The Stan\u00addard Book of Dog Breed\u00ading<\/em>. Fair\u00adfax, <span class=\"caps\">VA<\/span>, Den\u00adlinger \u2013 <span class=\"caps\">ASIN<\/span> : <span class=\"caps\">B019TLUZGY<\/span><\/li><li style=\"text-align: justify;\">Gross\u00adman, A. et B. 1992. <em>Win\u00adning With Pure\u00adbred Dogs<\/em>. Wilsonville, <span class=\"caps\">OR<\/span>, Doral. \u2013 <span class=\"caps\">ASIN<\/span> : <span class=\"caps\">B009NNYFYM<\/span><\/li><\/ul><\/div><\/div><\/div><\/div><\/div><\/div><\/div><\/div><\/div><\/div><\/div><\/div><\/div><\/div><\/div><\/div><\/div>\t\t\t\t\t<\/div>\n\t\t\t\t\t\t<\/div>\n\t\t\t\t<\/div>\n\t\t\t\t\t\t<\/div>\n\t\t\t\t\t<\/div>\n\t\t<\/div>\n\t\t\t\t\t\t\t\t<\/div>\n\t\t\t\t\t<\/div>\n\t\t<\/section>\n\t\t\t\t\t\t<\/div>\n\t\t\t\t\t\t<\/div>\n\t\t\t\t\t<\/div>","protected":false},"excerpt":{"rendered":"<p><span class=\"caps\">UNE<\/span> <span class=\"caps\">MEILLEURE<\/span> <span class=\"caps\">APPROCHE<\/span> <span class=\"caps\">DU<\/span> <span class=\"caps\">CHIEN<\/span> <span class=\"caps\">AVOIR<\/span> L\u2019\u0152IL <span class=\"caps\">POUR<\/span> <span class=\"caps\">LE<\/span> <span class=\"caps\">CHIEN<\/span> Par Clau\u00addia Waller Orlan\u00addi, Ph.D. L\u2019\u00e9ventail de qual\u00adit\u00e9 recher\u00adch\u00e9 chez les chiens dans n'importe quelle race r\u00e9v\u00e8le que tout le monde n'est pas n\u00e9 pour \u00eatre \u00e9leveur. Les experts esti\u00adment que l'un des signes du poten\u00adtiel d'un \u00e9leveur pour pro\u00adduire des ani\u00admaux de haute qualit\u00e9&nbsp;[\u2026]<\/p>","protected":false},"author":3,"featured_media":3844,"parent":0,"menu_order":0,"comment_status":"closed","ping_status":"closed","template":"elementor_header_footer","meta":{"wp_typography_post_enhancements_disabled":false},"_links":{"self":[{"href":"https:\/\/american-cocker-spaniel.fr\/en\/wp-json\/wp\/v2\/pages\/1015"}],"collection":[{"href":"https:\/\/american-cocker-spaniel.fr\/en\/wp-json\/wp\/v2\/pages"}],"about":[{"href":"https:\/\/american-cocker-spaniel.fr\/en\/wp-json\/wp\/v2\/types\/page"}],"author":[{"embeddable":true,"href":"https:\/\/american-cocker-spaniel.fr\/en\/wp-json\/wp\/v2\/users\/3"}],"replies":[{"embeddable":true,"href":"https:\/\/american-cocker-spaniel.fr\/en\/wp-json\/wp\/v2\/comments?post=1015"}],"version-history":[{"count":20,"href":"https:\/\/american-cocker-spaniel.fr\/en\/wp-json\/wp\/v2\/pages\/1015\/revisions"}],"predecessor-version":[{"id":4759,"href":"https:\/\/american-cocker-spaniel.fr\/en\/wp-json\/wp\/v2\/pages\/1015\/revisions\/4759"}],"wp:featuredmedia":[{"embeddable":true,"href":"https:\/\/american-cocker-spaniel.fr\/en\/wp-json\/wp\/v2\/media\/3844"}],"wp:attachment":[{"href":"https:\/\/american-cocker-spaniel.fr\/en\/wp-json\/wp\/v2\/media?parent=1015"}],"curies":[{"name":"wp","href":"https:\/\/api.w.org\/{rel}","templated":true}]}}